{"id":117,"date":"2012-01-24T11:59:54","date_gmt":"2012-01-24T11:59:54","guid":{"rendered":"http:\/\/biton.uspnet.usp.br\/tusp\/?page_id=117"},"modified":"2025-12-19T13:36:06","modified_gmt":"2025-12-19T16:36:06","slug":"ultimas-noticias","status":"publish","type":"page","link":"https:\/\/usp.br\/tusp\/ultimas-noticias\/","title":{"rendered":"\u00daltimas Not\u00edcias"},"content":{"rendered":"<h1>\u00daltimas Not\u00edcias<\/h1>\n<\/p>\n<div class=\"tusp-news-filter-wrapper\" style=\"margin-bottom: 30px; padding: 15px; background: #f9f9f9; border: 1px solid #eee; border-radius: 8px;\">\n<form method=\"get\" action=\"https:\/\/usp.br\/tusp\/ultimas-noticias\/\" style=\"display: flex; align-items: center; gap: 10px; flex-wrap: wrap;\">\n            <label for=\"filter_year\" style=\"margin:0; font-weight: bold; color: #333;\">Filtrar por Ano:<\/label><br \/>\n            <select name=\"filter_year\" id=\"filter_year\" style=\"padding: 5px; border: 1px solid #ccc; border-radius: 4px;\"><option value=\"\">Todos os Anos<\/option><option value=\"2026\" >2026<\/option><option value=\"2025\" >2025<\/option><option value=\"2024\" >2024<\/option><option value=\"2023\" >2023<\/option><option value=\"2022\" >2022<\/option><option value=\"2021\" >2021<\/option><option value=\"2020\" >2020<\/option><option value=\"2019\" >2019<\/option><option value=\"2018\" >2018<\/option><option value=\"2017\" >2017<\/option><option value=\"2016\" >2016<\/option><option value=\"2015\" >2015<\/option><option value=\"2014\" >2014<\/option><option value=\"2013\" >2013<\/option><option value=\"2012\" >2012<\/option><option value=\"2011\" >2011<\/option><option value=\"2010\" >2010<\/option><option value=\"2009\" >2009<\/option><option value=\"2008\" >2008<\/option><\/select><br \/>\n            <button type=\"submit\" style=\"padding: 6px 15px; background-color: #333; color: white; border: none; border-radius: 4px; cursor: pointer;\">Filtrar<\/button><br \/>\n                    <\/form>\n<\/p><\/div>\n<div class=\"tusp-noticias-list\">\n<article id=\"post-9885\" class=\"tusp-noticia-item-flex post-9885 post type-post status-publish format-standard has-post-thumbnail hentry category-blog\">\n<div class=\"tusp-noticia-thumb\">\n                        <a href=\"https:\/\/usp.br\/tusp\/pra-fazer-tempestade-criticas-mostra-predio-7-cacead\/\"><br \/>\n                            <img decoding=\"async\" width=\"240\" height=\"300\" src=\"https:\/\/tusp2024.webhostusp.sti.usp.br\/wp-content\/uploads\/2026\/03\/criticas-3--240x300.png\" class=\"attachment-medium size-medium wp-post-image\" alt=\"Criticas Mostra Predio 7\" srcset=\"https:\/\/tusp2024.webhostusp.sti.usp.br\/wp-content\/uploads\/2026\/03\/criticas-3--240x300.png 240w, https:\/\/tusp2024.webhostusp.sti.usp.br\/wp-content\/uploads\/2026\/03\/criticas-3--819x1024.png 819w, https:\/\/tusp2024.webhostusp.sti.usp.br\/wp-content\/uploads\/2026\/03\/criticas-3--768x960.png 768w, https:\/\/tusp2024.webhostusp.sti.usp.br\/wp-content\/uploads\/2026\/03\/criticas-3--1229x1536.png 1229w, https:\/\/tusp2024.webhostusp.sti.usp.br\/wp-content\/uploads\/2026\/03\/criticas-3-.png 1440w\" sizes=\"(max-width: 240px) 100vw, 240px\" \/>                        <\/a>\n                    <\/div>\n<div class=\"tusp-noticia-content\">\n<header class=\"entry-header\">\n<h3 class=\"entry-title\" style=\"margin-top: 0; font-size: 1.4em; margin-bottom: 5px;\">\n                                <a href=\"https:\/\/usp.br\/tusp\/pra-fazer-tempestade-criticas-mostra-predio-7-cacead\/\">&#8220;Pra Fazer Tempestade&#8221;: Cr\u00edticas | Mostra Pr\u00e9dio 7: CAC+EAD<\/a><br \/>\n                            <\/h3>\n<div class=\"meta-linha-fina\" style=\"font-size: 0.85em; color: #666; margin-bottom: 10px; display: flex; align-items: center; flex-wrap: wrap;\">\n                                <span class=\"meta-date\">31.03.2026<\/span><span class=\"separador\" style=\"margin: 0 5px;\">|<\/span><span class=\"meta-category\" style=\"text-transform: uppercase; font-weight: bold; color: #E5007B;\"><a href=\"https:\/\/usp.br\/tusp\/category\/blog\/\" rel=\"category tag\">Blog<\/a><\/span>\n                            <\/div>\n<\/header>\n<div class=\"entry-summary\">\n                            Confira as cr\u00edticas do espet\u00e1culo \u201cPra Fazer Tempestade\u201d, escritas por Kamilly Ols e Pedro Matos no contexto da Mostra Pr\u00e9dio 7: CAC+EAD, realizada no TUSP entre 20 de mar\u00e7o e 19 de abril de 2026.<br \/>\n <a class=\"read-more\" href=\"https:\/\/usp.br\/tusp\/pra-fazer-tempestade-criticas-mostra-predio-7-cacead\/\">[&#8230;]<\/a>                        <\/div>\n<\/p><\/div>\n<\/article>\n<hr style=\"margin: 20px 0; border: 0; border-top: 1px solid #eee;\">\n<article id=\"post-9880\" class=\"tusp-noticia-item-flex post-9880 post type-post status-publish format-standard has-post-thumbnail hentry category-blog tag-critica-teatral\">\n<div class=\"tusp-noticia-thumb\">\n                        <a href=\"https:\/\/usp.br\/tusp\/territorio-criativo-em-conflito-criticas-mostra-predio-7-cacead\/\"><br \/>\n                            <img decoding=\"async\" width=\"240\" height=\"300\" src=\"https:\/\/tusp2024.webhostusp.sti.usp.br\/wp-content\/uploads\/2026\/03\/criticas-3--240x300.png\" class=\"attachment-medium size-medium wp-post-image\" alt=\"Criticas Mostra Predio 7\" srcset=\"https:\/\/tusp2024.webhostusp.sti.usp.br\/wp-content\/uploads\/2026\/03\/criticas-3--240x300.png 240w, https:\/\/tusp2024.webhostusp.sti.usp.br\/wp-content\/uploads\/2026\/03\/criticas-3--819x1024.png 819w, https:\/\/tusp2024.webhostusp.sti.usp.br\/wp-content\/uploads\/2026\/03\/criticas-3--768x960.png 768w, https:\/\/tusp2024.webhostusp.sti.usp.br\/wp-content\/uploads\/2026\/03\/criticas-3--1229x1536.png 1229w, https:\/\/tusp2024.webhostusp.sti.usp.br\/wp-content\/uploads\/2026\/03\/criticas-3-.png 1440w\" sizes=\"(max-width: 240px) 100vw, 240px\" \/>                        <\/a>\n                    <\/div>\n<div class=\"tusp-noticia-content\">\n<header class=\"entry-header\">\n<h3 class=\"entry-title\" style=\"margin-top: 0; font-size: 1.4em; margin-bottom: 5px;\">\n                                <a href=\"https:\/\/usp.br\/tusp\/territorio-criativo-em-conflito-criticas-mostra-predio-7-cacead\/\">&#8220;Territ\u00f3rio Criativo em Conflito&#8221;: Cr\u00edticas | Mostra Pr\u00e9dio 7: CAC+EAD<\/a><br \/>\n                            <\/h3>\n<div class=\"meta-linha-fina\" style=\"font-size: 0.85em; color: #666; margin-bottom: 10px; display: flex; align-items: center; flex-wrap: wrap;\">\n                                <span class=\"meta-date\">31.03.2026<\/span><span class=\"separador\" style=\"margin: 0 5px;\">|<\/span><span class=\"meta-category\" style=\"text-transform: uppercase; font-weight: bold; color: #E5007B;\"><a href=\"https:\/\/usp.br\/tusp\/category\/blog\/\" rel=\"category tag\">Blog<\/a><\/span>\n                            <\/div>\n<\/header>\n<div class=\"entry-summary\">\n                            Confira as cr\u00edticas do espet\u00e1culo \u201cTerrit\u00f3rio Criativo em Conflito: a\u00e7\u00f5es underground sobre cultura, territ\u00f3rio e sobreviv\u00eancia\u201d, escritas por Triz Cristina e Jonatas Nunes no contexto da Mostra Pr\u00e9dio 7: CAC+EAD, realizada no TUSP entre 20 de mar\u00e7o e 19 de abril de 2026.<br \/>\n <a class=\"read-more\" href=\"https:\/\/usp.br\/tusp\/territorio-criativo-em-conflito-criticas-mostra-predio-7-cacead\/\">[&#8230;]<\/a>                        <\/div>\n<\/p><\/div>\n<\/article>\n<hr style=\"margin: 20px 0; border: 0; border-top: 1px solid #eee;\">\n<article id=\"post-9865\" class=\"tusp-noticia-item-flex post-9865 post type-post status-publish format-standard has-post-thumbnail hentry category-blog tag-critica-teatral tag-criticas tag-mostra\">\n<div class=\"tusp-noticia-thumb\">\n                        <a href=\"https:\/\/usp.br\/tusp\/blackout-ou-cada-bala-de-fuzil-e-uma-lagrima-de-oxala-criticas-mostra-predio-7-cacead\/\"><br \/>\n                            <img decoding=\"async\" width=\"240\" height=\"300\" src=\"https:\/\/tusp2024.webhostusp.sti.usp.br\/wp-content\/uploads\/2026\/03\/criticas-1--240x300.png\" class=\"attachment-medium size-medium wp-post-image\" alt=\"\" srcset=\"https:\/\/tusp2024.webhostusp.sti.usp.br\/wp-content\/uploads\/2026\/03\/criticas-1--240x300.png 240w, https:\/\/tusp2024.webhostusp.sti.usp.br\/wp-content\/uploads\/2026\/03\/criticas-1--819x1024.png 819w, https:\/\/tusp2024.webhostusp.sti.usp.br\/wp-content\/uploads\/2026\/03\/criticas-1--768x960.png 768w, https:\/\/tusp2024.webhostusp.sti.usp.br\/wp-content\/uploads\/2026\/03\/criticas-1--1229x1536.png 1229w, https:\/\/tusp2024.webhostusp.sti.usp.br\/wp-content\/uploads\/2026\/03\/criticas-1-.png 1440w\" sizes=\"(max-width: 240px) 100vw, 240px\" \/>                        <\/a>\n                    <\/div>\n<div class=\"tusp-noticia-content\">\n<header class=\"entry-header\">\n<h3 class=\"entry-title\" style=\"margin-top: 0; font-size: 1.4em; margin-bottom: 5px;\">\n                                <a href=\"https:\/\/usp.br\/tusp\/blackout-ou-cada-bala-de-fuzil-e-uma-lagrima-de-oxala-criticas-mostra-predio-7-cacead\/\">&#8220;Blackout, ou Cada bala de fuzil \u00e9 uma l\u00e1grima de Oxal\u00e1&#8221;: Cr\u00edticas | Mostra Pr\u00e9dio 7: CAC+EAD<\/a><br \/>\n                            <\/h3>\n<div class=\"meta-linha-fina\" style=\"font-size: 0.85em; color: #666; margin-bottom: 10px; display: flex; align-items: center; flex-wrap: wrap;\">\n                                <span class=\"meta-date\">23.03.2026<\/span><span class=\"separador\" style=\"margin: 0 5px;\">|<\/span><span class=\"meta-category\" style=\"text-transform: uppercase; font-weight: bold; color: #E5007B;\"><a href=\"https:\/\/usp.br\/tusp\/category\/blog\/\" rel=\"category tag\">Blog<\/a><\/span>\n                            <\/div>\n<\/header>\n<div class=\"entry-summary\">\n                            Confira as cr\u00edticas do espet\u00e1culo \u201cBlackout, ou Cada bala de fuzil \u00e9 uma l\u00e1grima de Oxal\u00e1\u201d, escritas por Jonatas Nunes e Mireille Antunes no contexto da Mostra Pr\u00e9dio 7: CAC+EAD, realizada no TUSP entre 20 de mar\u00e7o e 19 de abril de 2026.<br \/>\n <a class=\"read-more\" href=\"https:\/\/usp.br\/tusp\/blackout-ou-cada-bala-de-fuzil-e-uma-lagrima-de-oxala-criticas-mostra-predio-7-cacead\/\">[&#8230;]<\/a>                        <\/div>\n<\/p><\/div>\n<\/article>\n<hr style=\"margin: 20px 0; border: 0; border-top: 1px solid #eee;\">\n<article id=\"post-9854\" class=\"tusp-noticia-item-flex post-9854 post type-post status-publish format-standard has-post-thumbnail hentry category-blog tag-critica-teatral tag-mostra\">\n<div class=\"tusp-noticia-thumb\">\n                        <a href=\"https:\/\/usp.br\/tusp\/criticas-escrevendo-na-cova-de-alguem-mostra-predio-7cacead\/\"><br \/>\n                            <img decoding=\"async\" width=\"240\" height=\"300\" src=\"https:\/\/tusp2024.webhostusp.sti.usp.br\/wp-content\/uploads\/2026\/03\/criticas-1--240x300.png\" class=\"attachment-medium size-medium wp-post-image\" alt=\"\" srcset=\"https:\/\/tusp2024.webhostusp.sti.usp.br\/wp-content\/uploads\/2026\/03\/criticas-1--240x300.png 240w, https:\/\/tusp2024.webhostusp.sti.usp.br\/wp-content\/uploads\/2026\/03\/criticas-1--819x1024.png 819w, https:\/\/tusp2024.webhostusp.sti.usp.br\/wp-content\/uploads\/2026\/03\/criticas-1--768x960.png 768w, https:\/\/tusp2024.webhostusp.sti.usp.br\/wp-content\/uploads\/2026\/03\/criticas-1--1229x1536.png 1229w, https:\/\/tusp2024.webhostusp.sti.usp.br\/wp-content\/uploads\/2026\/03\/criticas-1-.png 1440w\" sizes=\"(max-width: 240px) 100vw, 240px\" \/>                        <\/a>\n                    <\/div>\n<div class=\"tusp-noticia-content\">\n<header class=\"entry-header\">\n<h3 class=\"entry-title\" style=\"margin-top: 0; font-size: 1.4em; margin-bottom: 5px;\">\n                                <a href=\"https:\/\/usp.br\/tusp\/criticas-escrevendo-na-cova-de-alguem-mostra-predio-7cacead\/\">&#8220;Escrevendo na Cova de Algu\u00e9m&#8221;: Cr\u00edticas | Mostra Pr\u00e9dio 7: CAC+EAD<\/a><br \/>\n                            <\/h3>\n<div class=\"meta-linha-fina\" style=\"font-size: 0.85em; color: #666; margin-bottom: 10px; display: flex; align-items: center; flex-wrap: wrap;\">\n                                <span class=\"meta-date\">23.03.2026<\/span><span class=\"separador\" style=\"margin: 0 5px;\">|<\/span><span class=\"meta-category\" style=\"text-transform: uppercase; font-weight: bold; color: #E5007B;\"><a href=\"https:\/\/usp.br\/tusp\/category\/blog\/\" rel=\"category tag\">Blog<\/a><\/span>\n                            <\/div>\n<\/header>\n<div class=\"entry-summary\">\n                            Confira as cr\u00edticas do espet\u00e1culo &#8220;Escrevendo na Cova de Algu\u00e9m&#8221;, escritas por Jub Kramer e Dani Vianna no contexto da Mostra Pr\u00e9dio 7: CAC+EAD, realizada no TUSP entre 20 de mar\u00e7o e 19 de abril de 2026. <a class=\"read-more\" href=\"https:\/\/usp.br\/tusp\/criticas-escrevendo-na-cova-de-alguem-mostra-predio-7cacead\/\">[&#8230;]<\/a>                        <\/div>\n<\/p><\/div>\n<\/article>\n<hr style=\"margin: 20px 0; border: 0; border-top: 1px solid #eee;\">\n<article id=\"post-9785\" class=\"tusp-noticia-item-flex post-9785 post type-post status-publish format-standard has-post-thumbnail hentry category-blog category-em-cartaz\">\n<div class=\"tusp-noticia-thumb\">\n                        <a href=\"https:\/\/usp.br\/tusp\/publicacao-criticas-de-teatro-em-sao-paulo-2025-disponivel-online\/\"><br \/>\n                            <img decoding=\"async\" width=\"240\" height=\"300\" src=\"https:\/\/tusp2024.webhostusp.sti.usp.br\/wp-content\/uploads\/2026\/03\/site-ig-240x300.jpg\" class=\"attachment-medium size-medium wp-post-image\" alt=\"Publica\u00e7\u00e3o Cr\u00edticas 2025\" srcset=\"https:\/\/tusp2024.webhostusp.sti.usp.br\/wp-content\/uploads\/2026\/03\/site-ig-240x300.jpg 240w, https:\/\/tusp2024.webhostusp.sti.usp.br\/wp-content\/uploads\/2026\/03\/site-ig-819x1024.jpg 819w, https:\/\/tusp2024.webhostusp.sti.usp.br\/wp-content\/uploads\/2026\/03\/site-ig-768x960.jpg 768w, https:\/\/tusp2024.webhostusp.sti.usp.br\/wp-content\/uploads\/2026\/03\/site-ig.jpg 1080w\" sizes=\"(max-width: 240px) 100vw, 240px\" \/>                        <\/a>\n                    <\/div>\n<div class=\"tusp-noticia-content\">\n<header class=\"entry-header\">\n<h3 class=\"entry-title\" style=\"margin-top: 0; font-size: 1.4em; margin-bottom: 5px;\">\n                                <a href=\"https:\/\/usp.br\/tusp\/publicacao-criticas-de-teatro-em-sao-paulo-2025-disponivel-online\/\">Publica\u00e7\u00e3o &#8216;Cr\u00edticas de Teatro em S\u00e3o Paulo 2025&#8217; dispon\u00edvel online<\/a><br \/>\n                            <\/h3>\n<div class=\"meta-linha-fina\" style=\"font-size: 0.85em; color: #666; margin-bottom: 10px; display: flex; align-items: center; flex-wrap: wrap;\">\n                                <span class=\"meta-date\">19.03.2026<\/span><span class=\"separador\" style=\"margin: 0 5px;\">|<\/span><span class=\"meta-category\" style=\"text-transform: uppercase; font-weight: bold; color: #E5007B;\"><a href=\"https:\/\/usp.br\/tusp\/category\/blog\/\" rel=\"category tag\">Blog<\/a>, <a href=\"https:\/\/usp.br\/tusp\/category\/em-cartaz\/\" rel=\"category tag\">em cartaz<\/a><\/span>\n                            <\/div>\n<\/header>\n<div class=\"entry-summary\">\n                            Na abertura da Mostra Pr\u00e9dio 7: CAC+EAD, que o TUSP recebe a partir do dia 20 de mar\u00e7o de 2026, acontece o lan\u00e7amento de Cr\u00edticas de Teatro <a class=\"read-more\" href=\"https:\/\/usp.br\/tusp\/publicacao-criticas-de-teatro-em-sao-paulo-2025-disponivel-online\/\">[&#8230;]<\/a>                        <\/div>\n<\/p><\/div>\n<\/article>\n<hr style=\"margin: 20px 0; border: 0; border-top: 1px solid #eee;\">\n<article id=\"post-9669\" class=\"tusp-noticia-item-flex post-9669 post type-post status-publish format-standard has-post-thumbnail hentry category-blog category-editais\">\n<div class=\"tusp-noticia-thumb\">\n                        <a href=\"https:\/\/usp.br\/tusp\/9669-2\/\"><br \/>\n                            <img decoding=\"async\" width=\"240\" height=\"300\" src=\"https:\/\/tusp2024.webhostusp.sti.usp.br\/wp-content\/uploads\/2026\/02\/edital-insta-240x300.jpg\" class=\"attachment-medium size-medium wp-post-image\" alt=\"Edital 01\/2026\" srcset=\"https:\/\/tusp2024.webhostusp.sti.usp.br\/wp-content\/uploads\/2026\/02\/edital-insta-240x300.jpg 240w, https:\/\/tusp2024.webhostusp.sti.usp.br\/wp-content\/uploads\/2026\/02\/edital-insta-819x1024.jpg 819w, https:\/\/tusp2024.webhostusp.sti.usp.br\/wp-content\/uploads\/2026\/02\/edital-insta-768x960.jpg 768w, https:\/\/tusp2024.webhostusp.sti.usp.br\/wp-content\/uploads\/2026\/02\/edital-insta-1229x1536.jpg 1229w, https:\/\/tusp2024.webhostusp.sti.usp.br\/wp-content\/uploads\/2026\/02\/edital-insta.jpg 1536w\" sizes=\"(max-width: 240px) 100vw, 240px\" \/>                        <\/a>\n                    <\/div>\n<div class=\"tusp-noticia-content\">\n<header class=\"entry-header\">\n<h3 class=\"entry-title\" style=\"margin-top: 0; font-size: 1.4em; margin-bottom: 5px;\">\n                                <a href=\"https:\/\/usp.br\/tusp\/9669-2\/\">Edital 01\/2026: Sele\u00e7\u00e3o de temporadas maio-julho | Inscri\u00e7\u00f5es abertas<\/a><br \/>\n                            <\/h3>\n<div class=\"meta-linha-fina\" style=\"font-size: 0.85em; color: #666; margin-bottom: 10px; display: flex; align-items: center; flex-wrap: wrap;\">\n                                <span class=\"meta-date\">12.02.2026<\/span><span class=\"separador\" style=\"margin: 0 5px;\">|<\/span><span class=\"meta-category\" style=\"text-transform: uppercase; font-weight: bold; color: #E5007B;\"><a href=\"https:\/\/usp.br\/tusp\/category\/blog\/\" rel=\"category tag\">Blog<\/a>, <a href=\"https:\/\/usp.br\/tusp\/category\/editais\/\" rel=\"category tag\">Editais<\/a><\/span>\n                            <\/div>\n<\/header>\n<div class=\"entry-summary\">\n                            Informamos que a partir desta data encontram-se abertas as inscri\u00e7\u00f5es para o 1\u00ba edital de sele\u00e7\u00e3o de espet\u00e1culos para a temporada 2026 de nossa sala na Rua <a class=\"read-more\" href=\"https:\/\/usp.br\/tusp\/9669-2\/\">[&#8230;]<\/a>                        <\/div>\n<\/p><\/div>\n<\/article>\n<hr style=\"margin: 20px 0; border: 0; border-top: 1px solid #eee;\">\n<div class=\"tusp-pagination-wrapper\" style=\"margin-top: 40px; text-align: center;\">\n                <span aria-current=\"page\" class=\"page-numbers current\">1<\/span><br \/>\n<a class=\"page-numbers\" href=\"https:\/\/usp.br\/tusp\/wp-json\/wp\/v2\/pages\/117\/page\/2\/\">2<\/a><br \/>\n<a class=\"page-numbers\" href=\"https:\/\/usp.br\/tusp\/wp-json\/wp\/v2\/pages\/117\/page\/3\/\">3<\/a><br \/>\n<span class=\"page-numbers dots\">&hellip;<\/span><br \/>\n<a class=\"page-numbers\" href=\"https:\/\/usp.br\/tusp\/wp-json\/wp\/v2\/pages\/117\/page\/106\/\">106<\/a><br \/>\n<a class=\"next page-numbers\" href=\"https:\/\/usp.br\/tusp\/wp-json\/wp\/v2\/pages\/117\/page\/2\/\">&raquo;<\/a>            <\/div>\n<\/p><\/div>\n","protected":false},"excerpt":{"rendered":"<p>\u00daltimas Not\u00edcias <a class=\"read-more\" href=\"https:\/\/usp.br\/tusp\/9669-2\/\">[&#8230;]<\/a><\/p>\n","protected":false},"author":1,"featured_media":0,"parent":0,"menu_order":0,"comment_status":"closed","ping_status":"closed","template":"","meta":{"_acf_changed":false,"site-sidebar-layout":"default","site-content-layout":"","ast-site-content-layout":"default","site-content-style":"default","site-sidebar-style":"default","ast-global-header-display":"","ast-banner-title-visibility":"","ast-main-header-display":"","ast-hfb-above-header-display":"","ast-hfb-below-header-display":"","ast-hfb-mobile-header-display":"","site-post-title":"","ast-breadcrumbs-content":"","ast-featured-img":"","footer-sml-layout":"","ast-disable-related-posts":"","theme-transparent-header-meta":"default","adv-header-id-meta":"","stick-header-meta":"","header-above-stick-meta":"","header-main-stick-meta":"","header-below-stick-meta":"","astra-migrate-meta-layouts":"set","ast-page-background-enabled":"default","ast-page-background-meta":{"desktop":{"background-color":"var(--ast-global-color-4)","background-image":"","background-repeat":"repeat","background-position":"center center","background-size":"auto","background-attachment":"scroll","background-type":"","background-media":"","overlay-type":"","overlay-color":"","overlay-opacity":"","overlay-gradient":""},"tablet":{"background-color":"","background-image":"","background-repeat":"repeat","background-position":"center center","background-size":"auto","background-attachment":"scroll","background-type":"","background-media":"","overlay-type":"","overlay-color":"","overlay-opacity":"","overlay-gradient":""},"mobile":{"background-color":"","background-image":"","background-repeat":"repeat","background-position":"center center","background-size":"auto","background-attachment":"scroll","background-type":"","background-media":"","overlay-type":"","overlay-color":"","overlay-opacity":"","overlay-gradient":""}},"ast-content-background-meta":{"desktop":{"background-color":"var(--ast-global-color-5)","background-image":"","background-repeat":"repeat","background-position":"center center","background-size":"auto","background-attachment":"scroll","background-type":"","background-media":"","overlay-type":"","overlay-color":"","overlay-opacity":"","overlay-gradient":""},"tablet":{"background-color":"var(--ast-global-color-5)","background-image":"","background-repeat":"repeat","background-position":"center center","background-size":"auto","background-attachment":"scroll","background-type":"","background-media":"","overlay-type":"","overlay-color":"","overlay-opacity":"","overlay-gradient":""},"mobile":{"background-color":"var(--ast-global-color-5)","background-image":"","background-repeat":"repeat","background-position":"center center","background-size":"auto","background-attachment":"scroll","background-type":"","background-media":"","overlay-type":"","overlay-color":"","overlay-opacity":"","overlay-gradient":""}},"footnotes":""},"class_list":["post-117","page","type-page","status-publish","hentry"],"acf":[],"_links":{"self":[{"href":"https:\/\/usp.br\/tusp\/wp-json\/wp\/v2\/pages\/117","targetHints":{"allow":["GET"]}}],"collection":[{"href":"https:\/\/usp.br\/tusp\/wp-json\/wp\/v2\/pages"}],"about":[{"href":"https:\/\/usp.br\/tusp\/wp-json\/wp\/v2\/types\/page"}],"author":[{"embeddable":true,"href":"https:\/\/usp.br\/tusp\/wp-json\/wp\/v2\/users\/1"}],"replies":[{"embeddable":true,"href":"https:\/\/usp.br\/tusp\/wp-json\/wp\/v2\/comments?post=117"}],"version-history":[{"count":18,"href":"https:\/\/usp.br\/tusp\/wp-json\/wp\/v2\/pages\/117\/revisions"}],"predecessor-version":[{"id":9593,"href":"https:\/\/usp.br\/tusp\/wp-json\/wp\/v2\/pages\/117\/revisions\/9593"}],"wp:attachment":[{"href":"https:\/\/usp.br\/tusp\/wp-json\/wp\/v2\/media?parent=117"}],"curies":[{"name":"wp","href":"https:\/\/api.w.org\/{rel}","templated":true}]}}