{"id":12,"date":"2012-01-20T12:34:57","date_gmt":"2012-01-20T12:34:57","guid":{"rendered":"http:\/\/biton.uspnet.usp.br\/tusp\/?page_id=12"},"modified":"2025-09-09T16:36:44","modified_gmt":"2025-09-09T19:36:44","slug":"o-predio-tusp","status":"publish","type":"page","link":"https:\/\/usp.br\/tusp\/o-predio-tusp\/","title":{"rendered":"Pr\u00e9dio"},"content":{"rendered":"<h5>o pr\u00e9dio na maria ant\u00f4nia<\/h5>\n<p>O conjunto de hist\u00f3ricos pr\u00e9dios da USP na Rua Maria Ant\u00f4nia abriga dois dos \u00f3rg\u00e3os da <em>Pr\u00f3-Reitoria de Cultura e Extens\u00e3o Universit\u00e1ria da U<\/em>: o\u00a0<strong>Teatro da Universidade de S\u00e3o Paulo, o TUSP,<\/strong>\u00a0que desde 1996 ocupa o subsolo \u2013 onde est\u00e3o localizados o teatro, um espa\u00e7o c\u00eanico n\u00e3o convencional que permite diferentes configura\u00e7\u00f5es, e a sala experimental Pl\u00ednio Marcos, e o piso t\u00e9rreo \u2013 com bilheteria, sala administrativa e diretoria \u2013 e o\u00a0<strong>Centro Universit\u00e1rio Maria Antonia,<\/strong>\u00a0que oferece espa\u00e7os de exposi\u00e7\u00e3o, audit\u00f3rio, salas de aulas e oficinas de arte.<\/p>\n<p><img decoding=\"async\" class=\"alignleft size-full wp-image-13\" style=\"margin-right: 9px;\" title=\"foto_otusp_predio\" src=\"http:\/\/biton.uspnet.usp.br\/tusp\/plataforma\/wp-content\/uploads\/2012\/01\/foto_otusp_predio.jpg\" alt=\"Pr\u00e9dio Maria Antonia\" width=\"250\" height=\"188\" \/>O complexo da Rua Maria Ant\u00f4nia, 294 abrigou originalmente a Faculdade de Filosofia, Ci\u00eancias e Letras da USP, entre 1949 e 1968. Nele, lecionaram e estudaram muitas das principais personalidades brasileiras em diferentes campos da pol\u00edtica, da cultura e das ci\u00eancias. Os pr\u00e9dios n\u00e3o eram apenas uma escola, mas simbolizavam um pensamento, uma posi\u00e7\u00e3o pol\u00edtica.<\/p>\n<p>Em outubro de 1968 a rua foi palco de uma das importantes batalhas pela democracia durante o per\u00edodo militar, a \u201cBatalha da Maria Antonia\u201d. O confronto entre estudantes da USP e da Universidade Mackenzie deixou como baixas um estudante secundarista morto e dezenas de feridos, al\u00e9m da invas\u00e3o e depreda\u00e7\u00e3o do pr\u00e9dio da Filosofia. Depois do epis\u00f3dio, a Faculdade foi transferida para o campus da Cidade Universit\u00e1ria e os pr\u00e9dios foram destinados a outro uso pelo Governo do Estado.<\/p>\n<p>Em 1985, por sua import\u00e2ncia hist\u00f3rica, o edif\u00edcio principal foi tombado pelo Condephaat como patrim\u00f4nio dos paulistanos e, em 1991, teve inicio as reformas para abrigar um novo centro cultural. O edif\u00edcio principal foi devolvido \u00e0 USP em 1993 e reaberto como um centro de novas experi\u00eancias no campo da cultura, da arte e dos direitos humanos, e a partir de 1996 sediando tamb\u00e9m o Teatro da Universidade de S\u00e3o Paulo\u00a0 \u2013 o TUSP \u2013, e seu agora extinto grupo est\u00e1vel de teatro.<\/p>\n<h5>o interior e o anfiteatro camargo guarnieri<\/h5>\n<p>Para al\u00e9m da atua\u00e7\u00e3o em nosso palco e na Sala Experimental na Rua Maria Ant\u00f4nia, desde 2010 o TUSP contava tamb\u00e9m com a atua\u00e7\u00e3o dos N\u00facleos TUSP, polos expandidos do \u00f3rg\u00e3o que atuavam desenvolvendo a\u00e7\u00f5es diversas como oficinas, saraus, apresenta\u00e7\u00f5es e mostras teatrais em espa\u00e7os de alguns dos <em>campi<\/em> do interior de S\u00e3o Paulo (Bauru, Ribeir\u00e3o Preto e S\u00e3o Carlos, tendo atuado ainda em Piracicaba e Pirassununga.<\/p>\n<p>O mais novo marco na atua\u00e7\u00e3o do TUSP vem em 2010, em decorr\u00eancia da reinaugura\u00e7\u00e3o do <b>Anfiteatro Camargo Guarnieri <\/b>na Cidade Universit\u00e1ria. O espa\u00e7o, antes desativado, foi revitalizado e recebe agora o mais novo polo TUSP na capital com apresenta\u00e7\u00f5es de dan\u00e7a e m\u00fasica, palestras, espet\u00e1culos e n\u00facleos teatrais.<\/p>\n","protected":false},"excerpt":{"rendered":"<p>o pr\u00e9dio na maria ant\u00f4nia O conjunto de hist\u00f3ricos pr\u00e9dios da USP na Rua Maria Ant\u00f4nia abriga dois dos \u00f3rg\u00e3os da Pr\u00f3-Reitoria de Cultura e Extens\u00e3o Universit\u00e1ria <a class=\"read-more\" href=\"https:\/\/usp.br\/tusp\/o-predio-tusp\/\">[&#8230;]<\/a><\/p>\n","protected":false},"author":1,"featured_media":0,"parent":0,"menu_order":0,"comment_status":"closed","ping_status":"closed","template":"","meta":{"_acf_changed":false,"site-sidebar-layout":"default","site-content-layout":"","ast-site-content-layout":"default","site-content-style":"default","site-sidebar-style":"default","ast-global-header-display":"","ast-banner-title-visibility":"","ast-main-header-display":"","ast-hfb-above-header-display":"","ast-hfb-below-header-display":"","ast-hfb-mobile-header-display":"","site-post-title":"","ast-breadcrumbs-content":"","ast-featured-img":"","footer-sml-layout":"","ast-disable-related-posts":"","theme-transparent-header-meta":"default","adv-header-id-meta":"","stick-header-meta":"","header-above-stick-meta":"","header-main-stick-meta":"","header-below-stick-meta":"","astra-migrate-meta-layouts":"set","ast-page-background-enabled":"default","ast-page-background-meta":{"desktop":{"background-color":"var(--ast-global-color-4)","background-image":"","background-repeat":"repeat","background-position":"center center","background-size":"auto","background-attachment":"scroll","background-type":"","background-media":"","overlay-type":"","overlay-color":"","overlay-opacity":"","overlay-gradient":""},"tablet":{"background-color":"","background-image":"","background-repeat":"repeat","background-position":"center center","background-size":"auto","background-attachment":"scroll","background-type":"","background-media":"","overlay-type":"","overlay-color":"","overlay-opacity":"","overlay-gradient":""},"mobile":{"background-color":"","background-image":"","background-repeat":"repeat","background-position":"center center","background-size":"auto","background-attachment":"scroll","background-type":"","background-media":"","overlay-type":"","overlay-color":"","overlay-opacity":"","overlay-gradient":""}},"ast-content-background-meta":{"desktop":{"background-color":"var(--ast-global-color-5)","background-image":"","background-repeat":"repeat","background-position":"center center","background-size":"auto","background-attachment":"scroll","background-type":"","background-media":"","overlay-type":"","overlay-color":"","overlay-opacity":"","overlay-gradient":""},"tablet":{"background-color":"var(--ast-global-color-5)","background-image":"","background-repeat":"repeat","background-position":"center center","background-size":"auto","background-attachment":"scroll","background-type":"","background-media":"","overlay-type":"","overlay-color":"","overlay-opacity":"","overlay-gradient":""},"mobile":{"background-color":"var(--ast-global-color-5)","background-image":"","background-repeat":"repeat","background-position":"center center","background-size":"auto","background-attachment":"scroll","background-type":"","background-media":"","overlay-type":"","overlay-color":"","overlay-opacity":"","overlay-gradient":""}},"footnotes":""},"class_list":["post-12","page","type-page","status-publish","hentry"],"acf":[],"_links":{"self":[{"href":"https:\/\/usp.br\/tusp\/wp-json\/wp\/v2\/pages\/12","targetHints":{"allow":["GET"]}}],"collection":[{"href":"https:\/\/usp.br\/tusp\/wp-json\/wp\/v2\/pages"}],"about":[{"href":"https:\/\/usp.br\/tusp\/wp-json\/wp\/v2\/types\/page"}],"author":[{"embeddable":true,"href":"https:\/\/usp.br\/tusp\/wp-json\/wp\/v2\/users\/1"}],"replies":[{"embeddable":true,"href":"https:\/\/usp.br\/tusp\/wp-json\/wp\/v2\/comments?post=12"}],"version-history":[{"count":14,"href":"https:\/\/usp.br\/tusp\/wp-json\/wp\/v2\/pages\/12\/revisions"}],"predecessor-version":[{"id":9056,"href":"https:\/\/usp.br\/tusp\/wp-json\/wp\/v2\/pages\/12\/revisions\/9056"}],"wp:attachment":[{"href":"https:\/\/usp.br\/tusp\/wp-json\/wp\/v2\/media?parent=12"}],"curies":[{"name":"wp","href":"https:\/\/api.w.org\/{rel}","templated":true}]}}