{"id":15,"date":"2012-01-20T12:35:30","date_gmt":"2012-01-20T12:35:30","guid":{"rendered":"http:\/\/biton.uspnet.usp.br\/tusp\/?page_id=15"},"modified":"2026-04-06T09:27:21","modified_gmt":"2026-04-06T12:27:21","slug":"equipe","status":"publish","type":"page","link":"https:\/\/usp.br\/tusp\/equipe\/","title":{"rendered":"Expediente"},"content":{"rendered":"<h5><span style=\"color: #000000;\"><a href=\"http:\/\/www.usp.br\/\"><span style=\"color: #000000;\">Universidade de S\u00e3o Paulo<\/span><\/a><\/span><\/h5>\n<p><strong>Reitor<br \/>\n<\/strong><a href=\"https:\/\/www5.usp.br\/reitoria\/reitor\/\">Alu\u00edsio Augusto Cotrim Segurado<\/a><br \/>\n<strong>Vice-Reitora<br \/>\n<\/strong><a href=\"https:\/\/www5.usp.br\/reitoria\/vice-reitor\/\">Liedi L\u00e9gi Bariani Bernucci<\/a><\/p>\n<h5><a href=\"http:\/\/prceu.usp.br\">Pr\u00f3-Reitoria de Cultura e Extens\u00e3o Universit\u00e1ria<\/a><\/h5>\n<p><strong><strong>Pr\u00f3-Reitor<br \/>\n<\/strong><\/strong><a href=\"https:\/\/www5.usp.br\/reitoria-2\/pro-reitora-de-cultura-e-extensao-universitaria\/\">Am\u00e2ncio Jorge Silva Nunes de Oliveira<\/a><br \/>\n<strong>Pr\u00f3-Reitor Adjunto<br \/>\n<\/strong><a href=\"https:\/\/www5.usp.br\/reitoria-2\/pro-reitora-de-cultura-e-extensao-universitaria\/pro-reitor-adjunto-de-cultura-e-extensao-universitaria\/\">Iran Jos\u00e9 Oliveira da Silva<\/a><\/p>\n<h5>Teatro da Universidade de S\u00e3o Paulo<\/h5>\n<p><strong>Diretor<br \/>\n<\/strong>Renato Bolelli Rebou\u00e7as<br \/>\n<strong>Vice-Diretora<br \/>\n<\/strong>Paola Lopes Zamariola<br \/>\n<strong>Assistente T\u00e9cnico de Dire\u00e7\u00e3o<\/strong><br \/>\nMagali Chamiso Chamelette de Oliveira<br \/>\n<strong>Orientadores de Arte Dram\u00e1tica<\/strong><br \/>\nCl\u00e1udia Alves Fabiano<br \/>\nDilson Rufino<br \/>\nFrancisco Serpa Peres<br \/>\nMaria Tendlau<br \/>\nRen\u00e9 Marcelo Piazentin Amado<br \/>\n<strong>Analista de Comunica\u00e7\u00e3o<\/strong><br \/>\nF\u00e1bio Larsson<br \/>\n<strong>T\u00e9cnico Cont\u00e1bil<\/strong><br \/>\nNilton Casagrande<br \/>\n<strong>Sonoplasta\/Iluminador<\/strong><br \/>\nRog\u00e9rio C\u00e2ndido dos Santos<br \/>\n<strong>T\u00e9cnico para Assuntos Administrativos<\/strong><br \/>\nMarcos Chichorro dos Santos<br \/>\n<strong>Agente Cultural<\/strong><br \/>\nOtac\u00edlio Alacran<br \/>\n<strong>Auxiliar de Manuten\u00e7\u00e3o<\/strong><br \/>\nAntonio Marcos Nogueira da Silva<br \/>\n<strong>Estagi\u00e1rias<br \/>\n<\/strong>Larissa Pinheiro Ragozzino (<em>capital); <\/em>Guilherme Ot\u00e1vio Barroso Reis e Marcella Galante Alves Figueiredo de Matos (<em>S\u00e3o Carlos<\/em>)<br \/>\n<strong>Bolsistas PUB \u2013 Programa Unificado de Bolsas<br \/>\n<\/strong><em>2025-2026:\u00a0<\/em>Danniely Alcantara Gon\u00e7alves, Regis Fernando Camargo Santos,\u00a0Vitor Hugo dos Santos Ribeiro Ara\u00fajo\u00a0(<em>TUSP Maria Ant\u00f4nia<\/em>); Maria Eduarda Aparecida Apolin\u00e1rio <em>(Bauru); <\/em>Beatriz Rustomgy Mesquita e Julia Gon\u00e7alves Ermandes\u00a0<em>(Ribeir\u00e3o Preto);\u00a0<\/em>Taigo da Silva Alves (<em>S\u00e3o Carlos)<\/em><\/p>\n","protected":false},"excerpt":{"rendered":"<p>Universidade de S\u00e3o Paulo Reitor Alu\u00edsio Augusto Cotrim Segurado Vice-Reitora Liedi L\u00e9gi Bariani Bernucci Pr\u00f3-Reitoria de Cultura e Extens\u00e3o Universit\u00e1ria Pr\u00f3-Reitor Am\u00e2ncio Jorge Silva Nunes de Oliveira <a class=\"read-more\" href=\"https:\/\/usp.br\/tusp\/equipe\/\">[&#8230;]<\/a><\/p>\n","protected":false},"author":10,"featured_media":0,"parent":0,"menu_order":0,"comment_status":"closed","ping_status":"closed","template":"","meta":{"_acf_changed":false,"site-sidebar-layout":"default","site-content-layout":"","ast-site-content-layout":"default","site-content-style":"default","site-sidebar-style":"default","ast-global-header-display":"","ast-banner-title-visibility":"","ast-main-header-display":"","ast-hfb-above-header-display":"","ast-hfb-below-header-display":"","ast-hfb-mobile-header-display":"","site-post-title":"","ast-breadcrumbs-content":"","ast-featured-img":"","footer-sml-layout":"","ast-disable-related-posts":"","theme-transparent-header-meta":"default","adv-header-id-meta":"","stick-header-meta":"","header-above-stick-meta":"","header-main-stick-meta":"","header-below-stick-meta":"","astra-migrate-meta-layouts":"set","ast-page-background-enabled":"default","ast-page-background-meta":{"desktop":{"background-color":"var(--ast-global-color-4)","background-image":"","background-repeat":"repeat","background-position":"center center","background-size":"auto","background-attachment":"scroll","background-type":"","background-media":"","overlay-type":"","overlay-color":"","overlay-opacity":"","overlay-gradient":""},"tablet":{"background-color":"","background-image":"","background-repeat":"repeat","background-position":"center center","background-size":"auto","background-attachment":"scroll","background-type":"","background-media":"","overlay-type":"","overlay-color":"","overlay-opacity":"","overlay-gradient":""},"mobile":{"background-color":"","background-image":"","background-repeat":"repeat","background-position":"center center","background-size":"auto","background-attachment":"scroll","background-type":"","background-media":"","overlay-type":"","overlay-color":"","overlay-opacity":"","overlay-gradient":""}},"ast-content-background-meta":{"desktop":{"background-color":"var(--ast-global-color-5)","background-image":"","background-repeat":"repeat","background-position":"center center","background-size":"auto","background-attachment":"scroll","background-type":"","background-media":"","overlay-type":"","overlay-color":"","overlay-opacity":"","overlay-gradient":""},"tablet":{"background-color":"var(--ast-global-color-5)","background-image":"","background-repeat":"repeat","background-position":"center center","background-size":"auto","background-attachment":"scroll","background-type":"","background-media":"","overlay-type":"","overlay-color":"","overlay-opacity":"","overlay-gradient":""},"mobile":{"background-color":"var(--ast-global-color-5)","background-image":"","background-repeat":"repeat","background-position":"center center","background-size":"auto","background-attachment":"scroll","background-type":"","background-media":"","overlay-type":"","overlay-color":"","overlay-opacity":"","overlay-gradient":""}},"footnotes":""},"class_list":["post-15","page","type-page","status-publish","hentry"],"acf":[],"_links":{"self":[{"href":"https:\/\/usp.br\/tusp\/wp-json\/wp\/v2\/pages\/15","targetHints":{"allow":["GET"]}}],"collection":[{"href":"https:\/\/usp.br\/tusp\/wp-json\/wp\/v2\/pages"}],"about":[{"href":"https:\/\/usp.br\/tusp\/wp-json\/wp\/v2\/types\/page"}],"author":[{"embeddable":true,"href":"https:\/\/usp.br\/tusp\/wp-json\/wp\/v2\/users\/10"}],"replies":[{"embeddable":true,"href":"https:\/\/usp.br\/tusp\/wp-json\/wp\/v2\/comments?post=15"}],"version-history":[{"count":112,"href":"https:\/\/usp.br\/tusp\/wp-json\/wp\/v2\/pages\/15\/revisions"}],"predecessor-version":[{"id":9921,"href":"https:\/\/usp.br\/tusp\/wp-json\/wp\/v2\/pages\/15\/revisions\/9921"}],"wp:attachment":[{"href":"https:\/\/usp.br\/tusp\/wp-json\/wp\/v2\/media?parent=15"}],"curies":[{"name":"wp","href":"https:\/\/api.w.org\/{rel}","templated":true}]}}