{"id":17,"date":"2012-01-20T12:41:38","date_gmt":"2012-01-20T12:41:38","guid":{"rendered":"http:\/\/biton.uspnet.usp.br\/tusp\/?page_id=17"},"modified":"2026-02-13T11:55:47","modified_gmt":"2026-02-13T14:55:47","slug":"fale-conosco","status":"publish","type":"page","link":"https:\/\/usp.br\/tusp\/fale-conosco\/","title":{"rendered":"Contato e Perguntas Frequentes (FAQ)"},"content":{"rendered":"<div style=\"width: 100%; margin: 0 auto 20px auto;\"><iframe loading=\"lazy\" style=\"border: 0;\" src=\"https:\/\/www.google.com\/maps\/embed?pb=!1m18!1m12!1m3!1d7301.161646187648!2d-46.65768152734235!3d-23.545508296884503!2m3!1f0!2f0!3f0!3m2!1i1024!2i768!4f13.1!3m3!1m2!1s0x94ce5848289b760d%3A0x7f487cebcf584d40!2sTeatro%20da%20Universidade%20de%20S%C3%A3o%20Paulo%20(TUSP)!5e1!3m2!1spt-BR!2sbr!4v1753796487885!5m2!1spt-BR!2sbr\" width=\"100%\" height=\"300\" allowfullscreen=\"allowfullscreen\"><\/iframe><\/div>\r\n<div style=\"width: 100%; margin: 0 auto;\"><iframe loading=\"lazy\" style=\"border: 0;\" src=\"https:\/\/www.google.com\/maps\/embed?pb=!1m18!1m12!1m3!1d3643.3674640809754!2d-46.72351141487064!3d-23.55718328443888!2m3!1f0!2f0!3f0!3m2!1i1024!2i768!4f13.1!3m3!1m2!1s0x94ce57d4964c49b3%3A0xd3a76fc68f9643ce!2sTeatro%20da%20Universidade%20de%20S%C3%A3o%20Paulo%20%7C%20TUSP%20Butant%C3%A3!5e1!3m2!1spt-BR!2sbr!4v1753796437173!5m2!1spt-BR!2sbr\" width=\"100%\" height=\"300\" allowfullscreen=\"allowfullscreen\"><\/iframe><\/div>\r\n<div>\u00a0<\/div>\r\n<h4 id=\"esquerda\"><strong>endere\u00e7os &amp; contatos<\/strong><\/h4>\r\n<p><em><strong>TUSP Maria Ant\u00f4nia\/Sala Experimental<\/strong> <\/em>| 11 2648.5222 |\u00a0<a href=\"mailto:tuspmkt@usp.br\">tuspmkt@usp.br<\/a> | <img decoding=\"async\" class=\"alignnone size-full wp-image-9217\" src=\"https:\/\/tusp2024.webhostusp.sti.usp.br\/wp-content\/uploads\/2025\/09\/icons8-facebook-48-e1759868217818.png\" alt=\"\" width=\"16\" height=\"16\" \/><a href=\"http:\/\/www.fb.com\/teatrodauspoficial\">teatrodauspoficial<\/a> | <img decoding=\"async\" class=\"alignnone size-full wp-image-9218\" src=\"https:\/\/tusp2024.webhostusp.sti.usp.br\/wp-content\/uploads\/2025\/09\/icons8-instagram-48-e1759848373702.png\" alt=\"\" width=\"16\" height=\"16\" \/><a href=\"http:\/\/instagram.com\/tusp.teatrodausp\">tusp.teatrodausp<\/a> | R. Maria Ant\u00f4nia, 294, Consola\u00e7\u00e3o (<em>650m da esta\u00e7\u00e3o Higien\u00f3polis-Mackenzie, 1km das esta\u00e7\u00f5es Sta. Cec\u00edlia e Rep\u00fablica)<br \/><\/em><em style=\"font-size: 16px;\"><strong>TUSP Butant\u00e3<\/strong> | Centro Cultural Camargo Guarnieri<\/em><span style=\"font-size: 16px;\"> | <\/span><img decoding=\"async\" class=\"alignnone size-full wp-image-9218\" style=\"font-style: inherit; font-weight: inherit;\" src=\"https:\/\/tusp2024.webhostusp.sti.usp.br\/wp-content\/uploads\/2025\/09\/icons8-instagram-48-e1759848373702.png\" alt=\"\" width=\"16\" height=\"16\" \/><a style=\"font-size: 16px; background-color: #ffffff;\" href=\"http:\/\/instagram.com\/tusp.butanta\">tusp.butanta<\/a><span style=\"font-size: 16px;\"> | R. do Anfiteatro, 109 \u2013 Butant\u00e3 \u2013 SP<br \/><\/span><strong><em>TUSP em BAURU<\/em><\/strong>: fb.com\/tusp.bauru | 014 32358339<br \/><strong><em>TUSP em RIBEIR\u00c3O PRETO<\/em><\/strong>: <img decoding=\"async\" class=\"alignnone size-full wp-image-9217\" src=\"https:\/\/tusp2024.webhostusp.sti.usp.br\/wp-content\/uploads\/2025\/09\/icons8-facebook-48-e1759868217818.png\" alt=\"\" width=\"16\" height=\"16\" \/><a href=\"http:\/\/fb.com\/TUSP-Ribeir\u00e3o-Preto\">TUSP-Ribeir\u00e3o-Preto<\/a><br \/><strong><em>TUSP em S\u00c3O CARLOS<\/em><\/strong>: <img decoding=\"async\" class=\"alignnone size-full wp-image-9217\" src=\"https:\/\/tusp2024.webhostusp.sti.usp.br\/wp-content\/uploads\/2025\/09\/icons8-facebook-48-e1759868217818.png\" alt=\"\" width=\"16\" height=\"16\" \/><a href=\"http:\/\/fb.com\/tuspdesaocarlos\">tuspdesaocarlos<\/a> |<img decoding=\"async\" class=\"alignnone size-full wp-image-9218\" src=\"https:\/\/tusp2024.webhostusp.sti.usp.br\/wp-content\/uploads\/2025\/09\/icons8-instagram-48-e1759848373702.png\" alt=\"\" width=\"16\" height=\"16\" \/><a style=\"font-size: 16px; font-style: normal; font-weight: 400;\" href=\"http:\/\/instagram.com\/tuspdesanca\">tuspdesanca |<\/a><span style=\"font-size: 16px;\">\u00a0tuspdesaocarlos@usp.br | 16 3373.8015<\/span><\/p>\r\n<h4>perguntas frequentes<\/h4>\r\n<p><\/p>\r\n<div class=\"wp-block-rank-math-faq-block\">\r\n<div class=\"rank-math-faq-item\">\r\n<h4 class=\"rank-math-question\"><em>O TUSP oferece cursos de teatro<\/em>?<\/h4>\r\n<div class=\"rank-math-answer\">O TUSP n\u00e3o oferece cursos regulares, mas recebe esporadicamente\u00a0 oficinas variadas gratuitas voltadas a diferentes \u00e1reas e forma\u00e7\u00f5es. Desde 2007 concentramos esfor\u00e7os no sentido da cultura e extens\u00e3o universit\u00e1rias, com exibi\u00e7\u00e3o de espet\u00e1culos, do desenvolvimento de a\u00e7\u00f5es continuadas como a Mostra Experimentos, o Circuito TUSP de Teatro e os Ciclos de Leituras P\u00fablicas, e de projetos especiais, programa\u00e7\u00f5es convidadas e parcerias com outras institui\u00e7\u00f5es.<br \/>Na USP, a forma\u00e7\u00e3o teatral \u00e9 oferecida na Escola de Comunica\u00e7\u00e3o e Artes (ECA) pelo\u00a0<strong><a href=\"https:\/\/www.eca.usp.br\/cac\/cac-departamento-de-artes-cenicas\">Departamento de Artes C\u00eanicas (CAC)<\/a><\/strong>\u00a0em n\u00edvel universit\u00e1rio (gradua\u00e7\u00e3o, p\u00f3s-gradua\u00e7\u00e3o e pesquisa) e na\u00a0<strong>Escola de Arte Dram\u00e1tica (EAD),\u00a0<\/strong>escola t\u00e9cnica de forma\u00e7\u00e3o para atores\/atrizes. A sele\u00e7\u00e3o para o curso de artes c\u00eanicas se d\u00e1 pela FUVEST, enquanto para a EAD h\u00e1 um processo seletivo pr\u00f3prio em 3 etapas. Confira mais detalhes nos sites das escolas.<\/div>\r\n<\/div>\r\n<div class=\"rank-math-faq-item\">\r\n<h4 class=\"rank-math-question\"><em>Como verificar\u00a0<\/em><strong>pauta\u00a0<\/strong><em>ou<\/em>\u00a0<strong>disponibilidade\u00a0<\/strong><em>do TUSP para apresenta\u00e7\u00f5es e projetos?<\/em><\/h4>\r\n<div class=\"rank-math-answer\">O TUSP disponibiliza o e-mail\u00a0<a href=\"mailto:tuspline@usp.br\">tuspline@usp.br<\/a>\u00a0para a solicita\u00e7\u00e3o de datas espec\u00edficas ou pautas espor\u00e1dicas que n\u00e3o se encaixem nos editais de temporada regulares do \u00f3rg\u00e3o. Nestes casos, o e-mail de solicita\u00e7\u00e3o deve conter um resumo do projeto, datas especificadas, e quaisquer arquivos (em .pdf) e informa\u00e7\u00f5es relevantes. Indicamos que as datas pretendidas estejam a\u00a0<strong>pelo menos 30 dias do envio do pedido<\/strong>, levando em conta o tempo de resposta ao e-mail, j\u00e1 que a an\u00e1lise de qualquer solicita\u00e7\u00e3o fica sujeita ao andamento das a\u00e7\u00f5es regulares de nossa programa\u00e7\u00e3o.<\/div>\r\n<\/div>\r\n<div class=\"rank-math-faq-item\">\r\n<h4 class=\"rank-math-question\"><em>O TUSP aluga seus espa\u00e7os para espet\u00e1culos, eventos como simp\u00f3sios. formaturas etc, ou grava\u00e7\u00f5es e filmagens?<\/em><\/h4>\r\n<div class=\"rank-math-answer\">Como \u00f3rg\u00e3o p\u00fablico ligado \u00e0 Universidade de S\u00e3o Paulo, o TUSP\u00a0<strong>n\u00e3o<\/strong>\u00a0faz loca\u00e7\u00e3o de seus espa\u00e7os.<\/div>\r\n<\/div>\r\n<div class=\"rank-math-faq-item\">\r\n<h4 class=\"rank-math-question\"><em>Como \u00e9 definida a programa\u00e7\u00e3o do TUSP?<\/em><\/h4>\r\n<div class=\"rank-math-answer\">Toda a programa\u00e7\u00e3o do TUSP \u00e9 definida pela diretoria e pelo corpo funcional do TUSP e aprovada por um conselho formado por representantes do corpo docente e discente da USP e membros da sociedade civil. O \u00f3rg\u00e3o estrutura sua programa\u00e7\u00e3o a partir tr\u00eas eixos principais:<br \/><strong>\u2022\u00a0<\/strong>editais p\u00fablicos de sele\u00e7\u00e3o de espet\u00e1culos ou repert\u00f3rios para apresenta\u00e7\u00e3o em temporada no TUSP;<br \/><strong>\u2022\u00a0<\/strong>a\u00e7\u00f5es continuadas, que ocorrem dentro de certa periodicidade, como Mostra Experimentos, A(p)arte da Vez, Ciclos de Leituras P\u00fablicas, Circuito TUSP de Teatro, dentre outros;<br \/><strong>\u2022\u00a0<\/strong>projetos especiais e programa\u00e7\u00f5es convidadas, elaborados internamente, em parceria com outras institui\u00e7\u00f5es e\/ou coletivos, por convite ou definidos por curadoria, como mostras de repert\u00f3rio, mostras espec\u00edficas, comemora\u00e7\u00f5es de efem\u00e9rides, etc.<\/div>\r\n<\/div>\r\n<div class=\"rank-math-faq-item\">\r\n<h4 class=\"rank-math-question\"><em>O TUSP possui um grupo ou corpo teatral fixo? Como fa\u00e7o para participar?<\/em><\/h4>\r\n<div class=\"rank-math-answer\">N\u00e3o, desde 2007 o TUSP n\u00e3o possui mais corpo teatral fixo nem produz espet\u00e1culos pr\u00f3prios. Agora a atua\u00e7\u00e3o do \u00f3rg\u00e3o tem por foco fomentar a produ\u00e7\u00e3o, reflex\u00e3o e pesquisa em artes c\u00eanicas, a partir da apresenta\u00e7\u00e3o de espet\u00e1culos e programas desenvolvidos pelo \u00f3rg\u00e3o. <br \/>Na capital, os N\u00facleos TUSP realizam anualmente experimentos de cria\u00e7\u00e3o c\u00eanica em encontros semanais ao longo do ano para realiza\u00e7\u00e3o de curtas temporadas gratuitas. O projeto n\u00e3o tem o formato de curso e os participantes n\u00e3o necessariamente precisam de forma\u00e7\u00e3o em artes c\u00eanicas. Confira na <a href=\"https:\/\/usp.br\/tusp\/nucleo-tusp-2\/\" data-type=\"link\" data-id=\"https:\/\/usp.br\/tusp\/nucleo-tusp-2\/\">p\u00e1gina do N\u00facleo da capital<\/a> os detalhes das edi\u00e7\u00f5es atuais e pregressas do projeto. <br \/>J\u00e1 no interior h\u00e1 algumas iniciativas de cria\u00e7\u00e3o de grupos, ligados \u00e0 atua\u00e7\u00e3o dos Orientadores de Arte Dram\u00e1tica de cada\u00a0<em>campi<\/em>. Mais informa\u00e7\u00f5es podem ser obtidas nas redes sociai e com os OADs situados nos p\u00f3los TUSP de cada cidade.<\/div>\r\n<\/div>\r\n<div class=\"rank-math-faq-item\">\r\n<h4 class=\"rank-math-question\"><em>O TUSP est\u00e1 ligado \u00e0s escolas de artes c\u00eanicas da USP (ECA ou EAD)<\/em>?<\/h4>\r\n<div class=\"rank-math-answer\">Somente do ponto de vista das parcerias, uma vez que estas s\u00e3o as escolas de forma\u00e7\u00e3o teatral da Universidade de S\u00e3o Paulo. Institucionalmente, o TUSP \u00e9 \u00f3rg\u00e3o da Pr\u00f3-Reitoria de Cultura e Extens\u00e3o Universit\u00e1ria, ligado \u00e0 Reitoria da USP. Informa\u00e7\u00f5es sobre os cursos destas escolas podem ser obtidas diretamente nas secretarias de Gradua\u00e7\u00e3o (11 3091.4127), de P\u00f3s-Gradua\u00e7\u00e3o (11 3091.4019) do\u00a0<a href=\"http:\/\/www.eca.usp.br\/departam\/cac\/\" target=\"_blank\" rel=\"noreferrer noopener\">Departamento de Artes C\u00eanicas da ECA<\/a>\u00a0ou da\u00a0<a href=\"http:\/\/www.eca.usp.br\/ead\" target=\"_blank\" rel=\"noreferrer noopener\">Escola de Arte Dram\u00e1tica<\/a>\u00a0(11 3091. 4389\/4322) ou nos sites das escolas (<a href=\"http:\/\/www.eca.usp.br\/departam\/cac\/\" target=\"_blank\" rel=\"noreferrer noopener\">CAC<\/a>\u00a0e\u00a0<a href=\"http:\/\/www.eca.usp.br\/ead\" target=\"_blank\" rel=\"noreferrer noopener\">EAD<\/a>).<\/div>\r\n<\/div>\r\n<div class=\"rank-math-faq-item\">\r\n<h4 class=\"rank-math-question\"><em>O TUSP destina-se exclusivamente \u00e0 recep\u00e7\u00e3o de trabalhos do CAC e da EAD?<\/em><\/h4>\r\n<div class=\"rank-math-answer\">N\u00e3o. Uma vez que o TUSP \u00e9 um teatro com programa\u00e7\u00e3o aut\u00f4noma, o \u00f3rg\u00e3o recebe uma programa\u00e7\u00e3o variada, pautando-se pela qualidade dos espet\u00e1culos recebido, independentemente de sua origem. Como \u00f3rg\u00e3o vinculado \u00e0 Pr\u00f3-Reitoria de Cultura e Extens\u00e3o da USP, por\u00e9m, \u00e9 de se esperar que o TUSP tenha estreita rela\u00e7\u00e3o com as escolas de forma\u00e7\u00e3o teatral da Universidade (CAC e EAD). A Mostra Experimentos, o Circuito TUSP de Teatro, a Jornada de Teatro Universit\u00e1rio e diversas programa\u00e7\u00f5es espec\u00edficas s\u00e3o exemplos desta parceria, mas o v\u00ednculo com uma destas escolas n\u00e3o \u00e9 de forma alguma condi\u00e7\u00e3o essencial\u00a0 para sele\u00e7\u00e3o da programa\u00e7\u00e3o do TUSP.<\/div>\r\n<\/div>\r\n<div class=\"rank-math-faq-item\">\r\n<h4 class=\"rank-math-question\"><em>O TUSP atua em outras cidades ou unidades da USP fora da capital?<\/em><\/h4>\r\n<div class=\"rank-math-answer\">Sim. Al\u00e9m da capital, onde tem sua sede na rua Maria Antonia, o TUSP possui orientadores de arte dram\u00e1tica em\u00a0<em>campi\u00a0<\/em>da USP do interior (Bauru, Piracicaba, Ribeir\u00e3o Preto, S\u00e3o Carlos e agora tamb\u00e9m no Butant\u00e3), onde desenvolvem a\u00e7\u00f5es gerais do \u00f3rg\u00e3o e programa\u00e7\u00f5es espec\u00edficas a cada\u00a0<em>campus<\/em>.<\/div>\r\n<\/div>\r\n<div class=\"rank-math-faq-item\">\r\n<h4 class=\"rank-math-question\"><em>Como funciona a bilheteria do TUSP (hor\u00e1rios e formas de venda e pagamento)<\/em>?<\/h4>\r\n<div class=\"rank-math-answer\">A bilheteria abre somente nos dias de espet\u00e1culo, uma (1) hora antes do in\u00edcio das apresenta\u00e7\u00f5es.<\/div>\r\n<\/div>\r\n<div class=\"rank-math-faq-item\">\r\n<h4 class=\"rank-math-question\"><em>Como fa\u00e7o para trabalhar no TUSP?<\/em><\/h4>\r\n<div class=\"rank-math-answer\">Como \u00f3rg\u00e3o da administra\u00e7\u00e3o p\u00fablica, os funcion\u00e1rios do TUSP s\u00e3o selecionados somente mediante concurso p\u00fablico. <br \/>As vagas, quando surgem, s\u00e3o divulgadas no site do\u00a0<a href=\"http:\/\/www.usp.br\/drh\" target=\"_blank\" rel=\"noreferrer noopener\">Departamento de Recursos Humanos<\/a>\u00a0(DRH) da USP (aba \u201cVagas\u201d) e publicadas no Di\u00e1rio Oficial do Estado.<\/div>\r\n<\/div>\r\n<\/div>\r\n<p><\/p>","protected":false},"excerpt":{"rendered":"<p>\u00a0 endere\u00e7os &amp; contatos TUSP Maria Ant\u00f4nia\/Sala Experimental | 11 2648.5222 |\u00a0tuspmkt@usp.br | teatrodauspoficial | tusp.teatrodausp | R. Maria Ant\u00f4nia, 294, Consola\u00e7\u00e3o (650m da esta\u00e7\u00e3o Higien\u00f3polis-Mackenzie, 1km <a class=\"read-more\" href=\"https:\/\/usp.br\/tusp\/fale-conosco\/\">[&#8230;]<\/a><\/p>\n","protected":false},"author":1,"featured_media":0,"parent":0,"menu_order":0,"comment_status":"closed","ping_status":"closed","template":"","meta":{"_acf_changed":false,"site-sidebar-layout":"default","site-content-layout":"","ast-site-content-layout":"default","site-content-style":"default","site-sidebar-style":"default","ast-global-header-display":"","ast-banner-title-visibility":"","ast-main-header-display":"","ast-hfb-above-header-display":"","ast-hfb-below-header-display":"","ast-hfb-mobile-header-display":"","site-post-title":"","ast-breadcrumbs-content":"","ast-featured-img":"","footer-sml-layout":"","ast-disable-related-posts":"","theme-transparent-header-meta":"default","adv-header-id-meta":"","stick-header-meta":"","header-above-stick-meta":"","header-main-stick-meta":"","header-below-stick-meta":"","astra-migrate-meta-layouts":"set","ast-page-background-enabled":"default","ast-page-background-meta":{"desktop":{"background-color":"var(--ast-global-color-4)","background-image":"","background-repeat":"repeat","background-position":"center center","background-size":"auto","background-attachment":"scroll","background-type":"","background-media":"","overlay-type":"","overlay-color":"","overlay-opacity":"","overlay-gradient":""},"tablet":{"background-color":"","background-image":"","background-repeat":"repeat","background-position":"center center","background-size":"auto","background-attachment":"scroll","background-type":"","background-media":"","overlay-type":"","overlay-color":"","overlay-opacity":"","overlay-gradient":""},"mobile":{"background-color":"","background-image":"","background-repeat":"repeat","background-position":"center center","background-size":"auto","background-attachment":"scroll","background-type":"","background-media":"","overlay-type":"","overlay-color":"","overlay-opacity":"","overlay-gradient":""}},"ast-content-background-meta":{"desktop":{"background-color":"var(--ast-global-color-5)","background-image":"","background-repeat":"repeat","background-position":"center center","background-size":"auto","background-attachment":"scroll","background-type":"","background-media":"","overlay-type":"","overlay-color":"","overlay-opacity":"","overlay-gradient":""},"tablet":{"background-color":"var(--ast-global-color-5)","background-image":"","background-repeat":"repeat","background-position":"center center","background-size":"auto","background-attachment":"scroll","background-type":"","background-media":"","overlay-type":"","overlay-color":"","overlay-opacity":"","overlay-gradient":""},"mobile":{"background-color":"var(--ast-global-color-5)","background-image":"","background-repeat":"repeat","background-position":"center center","background-size":"auto","background-attachment":"scroll","background-type":"","background-media":"","overlay-type":"","overlay-color":"","overlay-opacity":"","overlay-gradient":""}},"footnotes":""},"class_list":["post-17","page","type-page","status-publish","hentry"],"acf":[],"_links":{"self":[{"href":"https:\/\/usp.br\/tusp\/wp-json\/wp\/v2\/pages\/17","targetHints":{"allow":["GET"]}}],"collection":[{"href":"https:\/\/usp.br\/tusp\/wp-json\/wp\/v2\/pages"}],"about":[{"href":"https:\/\/usp.br\/tusp\/wp-json\/wp\/v2\/types\/page"}],"author":[{"embeddable":true,"href":"https:\/\/usp.br\/tusp\/wp-json\/wp\/v2\/users\/1"}],"replies":[{"embeddable":true,"href":"https:\/\/usp.br\/tusp\/wp-json\/wp\/v2\/comments?post=17"}],"version-history":[{"count":156,"href":"https:\/\/usp.br\/tusp\/wp-json\/wp\/v2\/pages\/17\/revisions"}],"predecessor-version":[{"id":9689,"href":"https:\/\/usp.br\/tusp\/wp-json\/wp\/v2\/pages\/17\/revisions\/9689"}],"wp:attachment":[{"href":"https:\/\/usp.br\/tusp\/wp-json\/wp\/v2\/media?parent=17"}],"curies":[{"name":"wp","href":"https:\/\/api.w.org\/{rel}","templated":true}]}}