{"id":20,"date":"2012-01-20T13:03:45","date_gmt":"2012-01-20T13:03:45","guid":{"rendered":"http:\/\/biton.uspnet.usp.br\/tusp\/?page_id=20"},"modified":"2026-03-11T16:48:49","modified_gmt":"2026-03-11T19:48:49","slug":"instalacoes","status":"publish","type":"page","link":"https:\/\/usp.br\/tusp\/instalacoes\/","title":{"rendered":"Salas, Instala\u00e7\u00f5es e Especifica\u00e7\u00f5es T\u00e9cnicas"},"content":{"rendered":"<p><strong>Teatro | Sala Principal<\/strong>\u00a0\/\/ Capacidade: at\u00e9 98 lugares \/\/ <em>R. Maria Antonia, 294 \u2013 Consola\u00e7\u00e3o<\/em>\u00a0\/\/ <a href=\"#planta-teatro\">Planta<\/a><\/p>\n<p><strong>Sala Experimental Pl\u00ednio Marcos<\/strong> \/\/ Capacidade: at\u00e9 30 lugares<\/p>\n<p><strong>Sala TUSP Butant\u00e3 \/\/ Centro Cultural Camargo Guarnieri \/\/\u00a0 <\/strong>Capacidade: at\u00e9 60 lugares\u00a0 \/\/ <em>R. do Anfiteatro, 109 \u2013 Cid. Universit\u00e1ria \/\/<\/em>\u00a0<a href=\"https:\/\/tusp2024.webhostusp.sti.usp.br\/wp-content\/uploads\/2026\/02\/Planta-Tusp-Butantan-Dimensoes-.pdf\">Planta<\/a> \/\/ <a href=\"https:\/\/tusp2024.webhostusp.sti.usp.br\/wp-content\/uploads\/2026\/02\/Planta-Tusp-Butantan-Dimensoes-.pdf\">Rider<\/a> \/\/ <a href=\"https:\/\/tusp2024.webhostusp.sti.usp.br\/wp-content\/uploads\/2026\/02\/Pontos-de-Dimmer-Tusp-Butanta-.pdf\">Dimmers<\/a><\/p>\n<p><strong>Sala Multi\u00faso \/\/ Centro MariAntonia <\/strong>\/\/ Capacidade: at\u00e9 72 lugares (<em>a programa\u00e7\u00e3o na Sala Multi\u00faso \u00e9 resultado de parcerias com o <a href=\"http:\/\/www.mariantonia.prceu.usp.br\/\"><strong>Centro Cultural Maria Ant\u00f4nia<\/strong><\/a>).\u00a0<\/em><\/p>\n<p dir=\"ltr\"><em>O TUSP disp\u00f5e de equipamentos de som &amp; luz nos espa\u00e7os de apresenta\u00e7\u00e3o de cada polo, mas estes nem sempre est\u00e3o necessariamente dispon\u00edveis em sua totalidade, podendo estar em utiliza\u00e7\u00e3o em a\u00e7\u00f5es concomitantes. <\/em><em><a href=\"mailto:tuspline@usp.br\">Contate<\/a> nossa equipe para as informa\u00e7\u00f5es t\u00e9cnicas atualizadas sobre equipamentos, mapas e plantas do espa\u00e7o dispon\u00edveis a cada momento.<\/em><\/p>\n<div id=\"planta-teatro\">\n<figure id=\"attachment_1595\" aria-describedby=\"caption-attachment-1595\" style=\"width: 736px\" class=\"wp-caption alignleft\"><img decoding=\"async\" class=\"wp-image-1595 size-large\" title=\"Planta_Tusp_A2 limpa bambolina FINAL\" src=\"https:\/\/tusp2024.webhostusp.sti.usp.br\/wp-content\/uploads\/2012\/01\/Planta-Tusp-nova-FL-illustrator-PORTUGUES-736x1024.jpg\" alt=\"Planta TUSP 2012 (fora de escala)\" width=\"736\" height=\"1024\" srcset=\"https:\/\/tusp2024.webhostusp.sti.usp.br\/wp-content\/uploads\/2012\/01\/Planta-Tusp-nova-FL-illustrator-PORTUGUES-736x1024.jpg 736w, https:\/\/tusp2024.webhostusp.sti.usp.br\/wp-content\/uploads\/2012\/01\/Planta-Tusp-nova-FL-illustrator-PORTUGUES-215x300.jpg 215w, https:\/\/tusp2024.webhostusp.sti.usp.br\/wp-content\/uploads\/2012\/01\/Planta-Tusp-nova-FL-illustrator-PORTUGUES-560x778.jpg 560w, https:\/\/tusp2024.webhostusp.sti.usp.br\/wp-content\/uploads\/2012\/01\/Planta-Tusp-nova-FL-illustrator-PORTUGUES-940x1306.jpg 940w, https:\/\/tusp2024.webhostusp.sti.usp.br\/wp-content\/uploads\/2012\/01\/Planta-Tusp-nova-FL-illustrator-PORTUGUES.jpg 1381w\" sizes=\"(max-width: 736px) 100vw, 736px\" \/><figcaption id=\"caption-attachment-1595\" class=\"wp-caption-text\"><em>Planta Teatro (fora de escala)<\/em><\/figcaption><\/figure>\n<p style=\"text-align: left;\">\n<\/div>\n","protected":false},"excerpt":{"rendered":"<p>Teatro | Sala Principal\u00a0\/\/ Capacidade: at\u00e9 98 lugares \/\/ R. Maria Antonia, 294 \u2013 Consola\u00e7\u00e3o\u00a0\/\/ Planta Sala Experimental Pl\u00ednio Marcos \/\/ Capacidade: at\u00e9 30 lugares Sala TUSP <a class=\"read-more\" href=\"https:\/\/usp.br\/tusp\/instalacoes\/\">[&#8230;]<\/a><\/p>\n","protected":false},"author":1,"featured_media":0,"parent":0,"menu_order":0,"comment_status":"closed","ping_status":"closed","template":"","meta":{"_acf_changed":false,"site-sidebar-layout":"default","site-content-layout":"","ast-site-content-layout":"default","site-content-style":"default","site-sidebar-style":"default","ast-global-header-display":"","ast-banner-title-visibility":"","ast-main-header-display":"","ast-hfb-above-header-display":"","ast-hfb-below-header-display":"","ast-hfb-mobile-header-display":"","site-post-title":"","ast-breadcrumbs-content":"","ast-featured-img":"","footer-sml-layout":"","ast-disable-related-posts":"","theme-transparent-header-meta":"default","adv-header-id-meta":"","stick-header-meta":"","header-above-stick-meta":"","header-main-stick-meta":"","header-below-stick-meta":"","astra-migrate-meta-layouts":"set","ast-page-background-enabled":"default","ast-page-background-meta":{"desktop":{"background-color":"var(--ast-global-color-4)","background-image":"","background-repeat":"repeat","background-position":"center center","background-size":"auto","background-attachment":"scroll","background-type":"","background-media":"","overlay-type":"","overlay-color":"","overlay-opacity":"","overlay-gradient":""},"tablet":{"background-color":"","background-image":"","background-repeat":"repeat","background-position":"center center","background-size":"auto","background-attachment":"scroll","background-type":"","background-media":"","overlay-type":"","overlay-color":"","overlay-opacity":"","overlay-gradient":""},"mobile":{"background-color":"","background-image":"","background-repeat":"repeat","background-position":"center center","background-size":"auto","background-attachment":"scroll","background-type":"","background-media":"","overlay-type":"","overlay-color":"","overlay-opacity":"","overlay-gradient":""}},"ast-content-background-meta":{"desktop":{"background-color":"var(--ast-global-color-5)","background-image":"","background-repeat":"repeat","background-position":"center center","background-size":"auto","background-attachment":"scroll","background-type":"","background-media":"","overlay-type":"","overlay-color":"","overlay-opacity":"","overlay-gradient":""},"tablet":{"background-color":"var(--ast-global-color-5)","background-image":"","background-repeat":"repeat","background-position":"center center","background-size":"auto","background-attachment":"scroll","background-type":"","background-media":"","overlay-type":"","overlay-color":"","overlay-opacity":"","overlay-gradient":""},"mobile":{"background-color":"var(--ast-global-color-5)","background-image":"","background-repeat":"repeat","background-position":"center center","background-size":"auto","background-attachment":"scroll","background-type":"","background-media":"","overlay-type":"","overlay-color":"","overlay-opacity":"","overlay-gradient":""}},"footnotes":""},"class_list":["post-20","page","type-page","status-publish","hentry"],"acf":[],"_links":{"self":[{"href":"https:\/\/usp.br\/tusp\/wp-json\/wp\/v2\/pages\/20","targetHints":{"allow":["GET"]}}],"collection":[{"href":"https:\/\/usp.br\/tusp\/wp-json\/wp\/v2\/pages"}],"about":[{"href":"https:\/\/usp.br\/tusp\/wp-json\/wp\/v2\/types\/page"}],"author":[{"embeddable":true,"href":"https:\/\/usp.br\/tusp\/wp-json\/wp\/v2\/users\/1"}],"replies":[{"embeddable":true,"href":"https:\/\/usp.br\/tusp\/wp-json\/wp\/v2\/comments?post=20"}],"version-history":[{"count":50,"href":"https:\/\/usp.br\/tusp\/wp-json\/wp\/v2\/pages\/20\/revisions"}],"predecessor-version":[{"id":7618,"href":"https:\/\/usp.br\/tusp\/wp-json\/wp\/v2\/pages\/20\/revisions\/7618"}],"wp:attachment":[{"href":"https:\/\/usp.br\/tusp\/wp-json\/wp\/v2\/media?parent=20"}],"curies":[{"name":"wp","href":"https:\/\/api.w.org\/{rel}","templated":true}]}}