{"id":23,"date":"2012-01-20T13:06:08","date_gmt":"2012-01-20T13:06:08","guid":{"rendered":"http:\/\/biton.uspnet.usp.br\/tusp\/?page_id=23"},"modified":"2025-11-14T12:26:28","modified_gmt":"2025-11-14T15:26:28","slug":"servicos","status":"publish","type":"page","link":"https:\/\/usp.br\/tusp\/servicos\/","title":{"rendered":"Servi\u00e7os"},"content":{"rendered":"<h3>\u00bb Bilheteria<\/h3>\n<p>Nossa bilheteria funciona de quarta-feira a domingo somente nos dias de apresenta\u00e7\u00e3o, com abertura 1h antes do in\u00edcio do espet\u00e1culo.<\/p>\n<p>Nas programa\u00e7\u00f5es em que ocorre a cobran\u00e7a de ingressos, as formas de pagamento obrigatoriamente aceitas s\u00e3o dinheiro e cheque, e a disponibilidade de m\u00e1quina de cart\u00e3o para cr\u00e9dito\/d\u00e9bito fica a cargo da produ\u00e7\u00e3o de cada espet\u00e1culo.<\/p>\n<p><em>Meia-entrada: Para estudantes, mediante apresenta\u00e7\u00e3o de carteirinha ou comprovante de matr\u00edcula v\u00e1lido para o ano vigente; para maiores de 65 anos; professores e funcion\u00e1rios da USP mediante apresenta\u00e7\u00e3o de carteirinha ou hollerith; para os integrantes da CLASSE ART\u00cdSTICA mediante apresenta\u00e7\u00e3o da Carteira de Trabalho com o registro de ator ou carteirinha da SATED ou COOPERATIVA. Para detentores da ID Jovem,\u00a0mediante apresenta\u00e7\u00e3o do cart\u00e3o virtual gerado pelo aplicativo. Fazem jus \u00e0 ID Jovem todos os brasileiros entre 15 e 29 anos, estudantes ou n\u00e3o, com renda familiar de at\u00e9 2 sal\u00e1rios m\u00ednimos, que estejam inscritos inscritos no\u00a0Cad\u00danico (Lei\u00a0\u00a012.852\/13, acesse o site\u00a0<a href=\"http:\/\/idjovem.com\">idjovem.com<\/a>\u00a0para mais informa\u00e7\u00f5es).<\/em><\/p>\n<p>Acesse e siga a gente tamb\u00e9m no <a href=\"https:\/\/www.facebook.com\/teatrodauspoficial\/\">Facebook\u00a0<\/a>e no\u00a0<a href=\"https:\/\/www.instagram.com\/tusp.teatrodausp\/\">Instagram<\/a>!<\/p>\n","protected":false},"excerpt":{"rendered":"<p>\u00bb Bilheteria Nossa bilheteria funciona de quarta-feira a domingo somente nos dias de apresenta\u00e7\u00e3o, com abertura 1h antes do in\u00edcio do espet\u00e1culo. Nas programa\u00e7\u00f5es em que ocorre <a class=\"read-more\" href=\"https:\/\/usp.br\/tusp\/servicos\/\">[&#8230;]<\/a><\/p>\n","protected":false},"author":1,"featured_media":0,"parent":0,"menu_order":0,"comment_status":"closed","ping_status":"closed","template":"","meta":{"_acf_changed":false,"site-sidebar-layout":"default","site-content-layout":"","ast-site-content-layout":"default","site-content-style":"default","site-sidebar-style":"default","ast-global-header-display":"","ast-banner-title-visibility":"","ast-main-header-display":"","ast-hfb-above-header-display":"","ast-hfb-below-header-display":"","ast-hfb-mobile-header-display":"","site-post-title":"","ast-breadcrumbs-content":"","ast-featured-img":"","footer-sml-layout":"","ast-disable-related-posts":"","theme-transparent-header-meta":"default","adv-header-id-meta":"","stick-header-meta":"","header-above-stick-meta":"","header-main-stick-meta":"","header-below-stick-meta":"","astra-migrate-meta-layouts":"set","ast-page-background-enabled":"default","ast-page-background-meta":{"desktop":{"background-color":"var(--ast-global-color-4)","background-image":"","background-repeat":"repeat","background-position":"center center","background-size":"auto","background-attachment":"scroll","background-type":"","background-media":"","overlay-type":"","overlay-color":"","overlay-opacity":"","overlay-gradient":""},"tablet":{"background-color":"","background-image":"","background-repeat":"repeat","background-position":"center center","background-size":"auto","background-attachment":"scroll","background-type":"","background-media":"","overlay-type":"","overlay-color":"","overlay-opacity":"","overlay-gradient":""},"mobile":{"background-color":"","background-image":"","background-repeat":"repeat","background-position":"center center","background-size":"auto","background-attachment":"scroll","background-type":"","background-media":"","overlay-type":"","overlay-color":"","overlay-opacity":"","overlay-gradient":""}},"ast-content-background-meta":{"desktop":{"background-color":"var(--ast-global-color-5)","background-image":"","background-repeat":"repeat","background-position":"center center","background-size":"auto","background-attachment":"scroll","background-type":"","background-media":"","overlay-type":"","overlay-color":"","overlay-opacity":"","overlay-gradient":""},"tablet":{"background-color":"var(--ast-global-color-5)","background-image":"","background-repeat":"repeat","background-position":"center center","background-size":"auto","background-attachment":"scroll","background-type":"","background-media":"","overlay-type":"","overlay-color":"","overlay-opacity":"","overlay-gradient":""},"mobile":{"background-color":"var(--ast-global-color-5)","background-image":"","background-repeat":"repeat","background-position":"center center","background-size":"auto","background-attachment":"scroll","background-type":"","background-media":"","overlay-type":"","overlay-color":"","overlay-opacity":"","overlay-gradient":""}},"footnotes":""},"class_list":["post-23","page","type-page","status-publish","hentry"],"acf":[],"_links":{"self":[{"href":"https:\/\/usp.br\/tusp\/wp-json\/wp\/v2\/pages\/23","targetHints":{"allow":["GET"]}}],"collection":[{"href":"https:\/\/usp.br\/tusp\/wp-json\/wp\/v2\/pages"}],"about":[{"href":"https:\/\/usp.br\/tusp\/wp-json\/wp\/v2\/types\/page"}],"author":[{"embeddable":true,"href":"https:\/\/usp.br\/tusp\/wp-json\/wp\/v2\/users\/1"}],"replies":[{"embeddable":true,"href":"https:\/\/usp.br\/tusp\/wp-json\/wp\/v2\/comments?post=23"}],"version-history":[{"count":18,"href":"https:\/\/usp.br\/tusp\/wp-json\/wp\/v2\/pages\/23\/revisions"}],"predecessor-version":[{"id":9458,"href":"https:\/\/usp.br\/tusp\/wp-json\/wp\/v2\/pages\/23\/revisions\/9458"}],"wp:attachment":[{"href":"https:\/\/usp.br\/tusp\/wp-json\/wp\/v2\/media?parent=23"}],"curies":[{"name":"wp","href":"https:\/\/api.w.org\/{rel}","templated":true}]}}