{"id":25,"date":"2012-01-20T13:06:43","date_gmt":"2012-01-20T13:06:43","guid":{"rendered":"http:\/\/biton.uspnet.usp.br\/tusp\/?page_id=25"},"modified":"2025-01-22T16:27:48","modified_gmt":"2025-01-22T18:27:48","slug":"localizacao","status":"publish","type":"page","link":"https:\/\/usp.br\/tusp\/localizacao\/","title":{"rendered":"Localiza\u00e7\u00e3o"},"content":{"rendered":"<p>Sediado em hist\u00f3rico pr\u00e9dio da rua Maria Antonia, 294, no centro da cidade de S\u00e3o Paulo, o TUSP recebe desde 1996 neste espa\u00e7o uma rica programa\u00e7\u00e3o teatral, definida por meio de editais de ocupa\u00e7\u00e3o, al\u00e9m de programa\u00e7\u00f5es especiais e mostras organizadas com o objetivo de dar visibilidade \u00e0 pesquisa e \u00e0 produ\u00e7\u00e3o teatral de \u00e2mbito universit\u00e1rio.<\/p>\n<p>O TUSP possui uma equipe de orientadores de arte dram\u00e1tica que desenvolve programa\u00e7\u00f5es especiais nos\u00a0<em>campi<\/em>\u00a0da USP no interior, acess\u00edvel em\u00a0<a href=\"https:\/\/www.facebook.com\/tuspdesaocarlos\/\">S\u00e3o Carlos<\/a>,\u00a0<a href=\"http:\/\/www.facebook.com\/pg\/TUSP-Ribeir%C3%A3o-Preto\">Ribeir\u00e3o Preto<\/a>\u00a0e\u00a0<a href=\"https:\/\/www.facebook.com\/tusp.bauru\">Bauru<\/a>.<\/p>\n<p><strong>Telefone:<\/strong>\u00a0(11) 2648.5223\/5233<\/p>\n<p><strong>Endere\u00e7o:\u00a0\u00a0<\/strong>Rua Maria Antonia, 294 \u2013\u00a0Vila Buarque \u2013 S\u00e3o Paulo, SP <em>(Metr\u00f4 Higien\u00f3polis-Mackenzie)<\/em><\/p>\n<p><iframe loading=\"lazy\" src=\"http:\/\/maps.google.com.br\/maps?hl=pt-BR&amp;q=Rua+Maria+Ant%C3%B4nia,+294+Consola%C3%A7%C3%A3o&amp;ie=UTF8&amp;hq=&amp;hnear=R.+Maria+Ant%C3%B4nia,+294+-+Consola%C3%A7%C3%A3o,+S%C3%A3o+Paulo,+01222-010&amp;t=m&amp;ll=-23.539911,-46.649752&amp;spn=0.017705,0.018239&amp;z=15&amp;iwloc=A&amp;output=embed\" height=\"400\" width=\"100%\" frameborder=\"0\" marginwidth=\"0\" marginheight=\"0\" scrolling=\"no\"><\/iframe><\/p>\n","protected":false},"excerpt":{"rendered":"<p>Sediado em hist\u00f3rico pr\u00e9dio da rua Maria Antonia, 294, no centro da cidade de S\u00e3o Paulo, o TUSP recebe desde 1996 neste espa\u00e7o uma rica programa\u00e7\u00e3o teatral, <a class=\"read-more\" href=\"https:\/\/usp.br\/tusp\/localizacao\/\">[&#8230;]<\/a><\/p>\n","protected":false},"author":1,"featured_media":0,"parent":0,"menu_order":0,"comment_status":"closed","ping_status":"closed","template":"","meta":{"_acf_changed":false,"site-sidebar-layout":"default","site-content-layout":"","ast-site-content-layout":"default","site-content-style":"default","site-sidebar-style":"default","ast-global-header-display":"","ast-banner-title-visibility":"","ast-main-header-display":"","ast-hfb-above-header-display":"","ast-hfb-below-header-display":"","ast-hfb-mobile-header-display":"","site-post-title":"","ast-breadcrumbs-content":"","ast-featured-img":"","footer-sml-layout":"","ast-disable-related-posts":"","theme-transparent-header-meta":"","adv-header-id-meta":"","stick-header-meta":"","header-above-stick-meta":"","header-main-stick-meta":"","header-below-stick-meta":"","astra-migrate-meta-layouts":"default","ast-page-background-enabled":"default","ast-page-background-meta":{"desktop":{"background-color":"var(--ast-global-color-4)","background-image":"","background-repeat":"repeat","background-position":"center center","background-size":"auto","background-attachment":"scroll","background-type":"","background-media":"","overlay-type":"","overlay-color":"","overlay-opacity":"","overlay-gradient":""},"tablet":{"background-color":"","background-image":"","background-repeat":"repeat","background-position":"center center","background-size":"auto","background-attachment":"scroll","background-type":"","background-media":"","overlay-type":"","overlay-color":"","overlay-opacity":"","overlay-gradient":""},"mobile":{"background-color":"","background-image":"","background-repeat":"repeat","background-position":"center center","background-size":"auto","background-attachment":"scroll","background-type":"","background-media":"","overlay-type":"","overlay-color":"","overlay-opacity":"","overlay-gradient":""}},"ast-content-background-meta":{"desktop":{"background-color":"var(--ast-global-color-5)","background-image":"","background-repeat":"repeat","background-position":"center center","background-size":"auto","background-attachment":"scroll","background-type":"","background-media":"","overlay-type":"","overlay-color":"","overlay-opacity":"","overlay-gradient":""},"tablet":{"background-color":"var(--ast-global-color-5)","background-image":"","background-repeat":"repeat","background-position":"center center","background-size":"auto","background-attachment":"scroll","background-type":"","background-media":"","overlay-type":"","overlay-color":"","overlay-opacity":"","overlay-gradient":""},"mobile":{"background-color":"var(--ast-global-color-5)","background-image":"","background-repeat":"repeat","background-position":"center center","background-size":"auto","background-attachment":"scroll","background-type":"","background-media":"","overlay-type":"","overlay-color":"","overlay-opacity":"","overlay-gradient":""}},"footnotes":""},"class_list":["post-25","page","type-page","status-publish","hentry"],"acf":[],"_links":{"self":[{"href":"https:\/\/usp.br\/tusp\/wp-json\/wp\/v2\/pages\/25","targetHints":{"allow":["GET"]}}],"collection":[{"href":"https:\/\/usp.br\/tusp\/wp-json\/wp\/v2\/pages"}],"about":[{"href":"https:\/\/usp.br\/tusp\/wp-json\/wp\/v2\/types\/page"}],"author":[{"embeddable":true,"href":"https:\/\/usp.br\/tusp\/wp-json\/wp\/v2\/users\/1"}],"replies":[{"embeddable":true,"href":"https:\/\/usp.br\/tusp\/wp-json\/wp\/v2\/comments?post=25"}],"version-history":[{"count":14,"href":"https:\/\/usp.br\/tusp\/wp-json\/wp\/v2\/pages\/25\/revisions"}],"predecessor-version":[{"id":8013,"href":"https:\/\/usp.br\/tusp\/wp-json\/wp\/v2\/pages\/25\/revisions\/8013"}],"wp:attachment":[{"href":"https:\/\/usp.br\/tusp\/wp-json\/wp\/v2\/media?parent=25"}],"curies":[{"name":"wp","href":"https:\/\/api.w.org\/{rel}","templated":true}]}}