{"id":28,"date":"2012-01-20T13:13:29","date_gmt":"2012-01-20T13:13:29","guid":{"rendered":"http:\/\/biton.uspnet.usp.br\/tusp\/?page_id=28"},"modified":"2026-01-29T14:22:50","modified_gmt":"2026-01-29T17:22:50","slug":"apresentacao","status":"publish","type":"page","link":"https:\/\/usp.br\/tusp\/apresentacao\/","title":{"rendered":"Apresenta\u00e7\u00e3o"},"content":{"rendered":"<p>O\u00a0<strong>Teatro da Universidade de S\u00e3o Paulo<\/strong>\u00a0(TUSP) tem por objetivos difundir as artes c\u00eanicas em suas mais diversas manifesta\u00e7\u00f5es e formas de express\u00e3o; estimular o desenvolvimento de grupos teatrais estudantis; e propiciar, pelo teatro, a integra\u00e7\u00e3o entre a comunidade interna e externa da Universidade, em projetos pr\u00f3prios e em parceria com outras unidades.<\/p>\n<p>Ligado \u00e0\u00a0<strong>Pr\u00f3-Reitoria de Cultura e Extens\u00e3o Universit\u00e1ria\u00a0<\/strong>e sediado desde 1996 no hist\u00f3rico pr\u00e9dio da rua Maria Ant\u00f4nia, no centro da cidade, o TUSP oferece ao p\u00fablico uma variada programa\u00e7\u00e3o de apresenta\u00e7\u00f5es teatrais, encontros, palestras, oficinas, semin\u00e1rios e mostras, definida por convite, editais ou curadorias. Com o objetivo de dar visibilidade \u00e0 pesquisa e \u00e0 produ\u00e7\u00e3o teatral de \u00e2mbito universit\u00e1rio, essa programa\u00e7\u00e3o procura contemplar tanto trabalhos de companhias e coletivos consagrados como de rec\u00e9m-egressos de escolas de forma\u00e7\u00e3o em artes c\u00eanicas, fomentando dessa forma o teatro estudantil e profissional de todas as origens e vertentes, n\u00e3o s\u00f3 de SP como de fora do eixo heg\u00eamonico.<\/p>\n<p dir=\"ltr\">Em 2022 inauguramos o\u00a0<strong>TUSP Butant\u00e3<\/strong>, sala integrada ao Centro Cultural Camargo Guarnieri, complementando nossa presen\u00e7a na capital na sede da Rua Maria Ant\u00f4nia e nossa atua\u00e7\u00e3o de mais de uma d\u00e9cada nos\u00a0<em>campi<\/em>\u00a0da USP no interior. O TUSP hoje \u00e9 portanto uma rede de cinco polos teatrais, dois sediados na cidade de S\u00e3o Paulo e tr\u00eas nos\u00a0<em>campi<\/em>\u00a0USP de\u00a0<strong>S\u00e3o Carlos, Ribeir\u00e3o Preto\u00a0<\/strong>e<strong>\u00a0Bauru<\/strong>.<\/p>\n<p>Para mais informa\u00e7\u00f5es, acesse as demais se\u00e7\u00f5es do site e conhe\u00e7a algumas de nossas a\u00e7\u00f5es passadas e\/ou continuadas. Acompanhe tamb\u00e9m nossa programa\u00e7\u00e3o atualizada tamb\u00e9m no <a href=\"http:\/\/www.facebook.com\/teatrodauspoficial\/\">Facebook<\/a> e no Instagram, assim como nas p\u00e1ginas de FB e Instagram espec\u00edficas dos polos TUSP no campus (<a href=\"https:\/\/www.instagram.com\/tusp.butanta\/\">@tusp.butanta<\/a>) e no interior: <a href=\"https:\/\/www.facebook.com\/tuspdesaocarlos\/?__tn__=K-R&amp;eid=ARDQ5zAibjz6i-f0U02N2IqnC5SWsj1PbHXMrMHGG5jURMtBb8DQDzmL_FlT4q3ruBFOGkg-lZ9lhcSZ&amp;fref=mentions&amp;__xts__%5B0%5D=68.ARDpLTpVKCe7XXFa6Fnwr6Hfq_yBIs0Jeqrcvl3eJd5mLeIQZAmVezCR-7uyfivsTH0fLdMcLqpxcqbfumLv9pbK903DKtk6vJ42_2kPfgVVgcYGjHq98ETXLCNatEWc8huEhE0KmhPaPrq7MypOGo4d0DWcygnwrrVXJ6gl5hhDscHZqAJ58YahcRTgHpzfZOZUe_8Nd525IIfA0vQ0rOuVTeCxFdq2GaM7fTIo7NCuJjt99-J3B8YJqksQHNd32P5mevWvF4eLv4w759lkbFBFcoqctnCzdntKUVE-jVNOyPVMC2rPu51xdcBI6rhFO7dK4MCAPvrqg-E5Y_vbI5yQ5hQr7NtS6Fh1NzCS5RZvsbUmZuyBDad5ewygQMlRL9syrSczKrscdjY1AWq463T6J60oyLFA7-21OsqOpiyoUGI7V5qi2MsYr-KI-61yJ3iYrwf2ge0JxDdRU227uGQ3fWs7li2RL71eB3mZeRnT9HbdsQpzFek_\" data-hovercard=\"\/ajax\/hovercard\/page.php?id=230313657137578&amp;extragetparams=%7B%22__tn__%22%3A%22%2CdK-R-R%22%2C%22eid%22%3A%22ARDQ5zAibjz6i-f0U02N2IqnC5SWsj1PbHXMrMHGG5jURMtBb8DQDzmL_FlT4q3ruBFOGkg-lZ9lhcSZ%22%2C%22fref%22%3A%22mentions%22%7D\" data-hovercard-prefer-more-content-show=\"1\">TUSP de S\u00e3o Carlos<\/a> (<a href=\"https:\/\/www.instagram.com\/tuspdesanca\/\">@tuspdesanca<\/a>), <a href=\"https:\/\/www.facebook.com\/tusp.bauru?__tn__=K-R&amp;eid=ARBl94WSnRBM_ZXp0R6lVXiEQxhK5U1g5RTg153QZgTD8unZIBYQau4PicHTcBk6gBd1PN1r1nOEzdyG&amp;fref=mentions&amp;__xts__%5B0%5D=68.ARDpLTpVKCe7XXFa6Fnwr6Hfq_yBIs0Jeqrcvl3eJd5mLeIQZAmVezCR-7uyfivsTH0fLdMcLqpxcqbfumLv9pbK903DKtk6vJ42_2kPfgVVgcYGjHq98ETXLCNatEWc8huEhE0KmhPaPrq7MypOGo4d0DWcygnwrrVXJ6gl5hhDscHZqAJ58YahcRTgHpzfZOZUe_8Nd525IIfA0vQ0rOuVTeCxFdq2GaM7fTIo7NCuJjt99-J3B8YJqksQHNd32P5mevWvF4eLv4w759lkbFBFcoqctnCzdntKUVE-jVNOyPVMC2rPu51xdcBI6rhFO7dK4MCAPvrqg-E5Y_vbI5yQ5hQr7NtS6Fh1NzCS5RZvsbUmZuyBDad5ewygQMlRL9syrSczKrscdjY1AWq463T6J60oyLFA7-21OsqOpiyoUGI7V5qi2MsYr-KI-61yJ3iYrwf2ge0JxDdRU227uGQ3fWs7li2RL71eB3mZeRnT9HbdsQpzFek_\" data-hovercard=\"\/ajax\/hovercard\/user.php?id=100003070375361&amp;extragetparams=%7B%22__tn__%22%3A%22%2CdK-R-R%22%2C%22eid%22%3A%22ARBl94WSnRBM_ZXp0R6lVXiEQxhK5U1g5RTg153QZgTD8unZIBYQau4PicHTcBk6gBd1PN1r1nOEzdyG%22%2C%22fref%22%3A%22mentions%22%7D\" data-hovercard-prefer-more-content-show=\"1\">TUSP Bauru<\/a>\u00a0e\u00a0<a href=\"https:\/\/www.facebook.com\/TUSP-Ribeir%C3%A3o-Preto-167883296637516\/?__tn__=K-R&amp;eid=ARCTOcuV4aX4XtUV8F1JfLGN-xEPbhGrS4w95iVGrmhw-ur454OSMCEd7Kyh3IWs3KsN9lRzQ8HtRiCH&amp;fref=mentions&amp;__xts__%5B0%5D=68.ARDpLTpVKCe7XXFa6Fnwr6Hfq_yBIs0Jeqrcvl3eJd5mLeIQZAmVezCR-7uyfivsTH0fLdMcLqpxcqbfumLv9pbK903DKtk6vJ42_2kPfgVVgcYGjHq98ETXLCNatEWc8huEhE0KmhPaPrq7MypOGo4d0DWcygnwrrVXJ6gl5hhDscHZqAJ58YahcRTgHpzfZOZUe_8Nd525IIfA0vQ0rOuVTeCxFdq2GaM7fTIo7NCuJjt99-J3B8YJqksQHNd32P5mevWvF4eLv4w759lkbFBFcoqctnCzdntKUVE-jVNOyPVMC2rPu51xdcBI6rhFO7dK4MCAPvrqg-E5Y_vbI5yQ5hQr7NtS6Fh1NzCS5RZvsbUmZuyBDad5ewygQMlRL9syrSczKrscdjY1AWq463T6J60oyLFA7-21OsqOpiyoUGI7V5qi2MsYr-KI-61yJ3iYrwf2ge0JxDdRU227uGQ3fWs7li2RL71eB3mZeRnT9HbdsQpzFek_\" data-hovercard=\"\/ajax\/hovercard\/page.php?id=167883296637516&amp;extragetparams=%7B%22__tn__%22%3A%22%2CdK-R-R%22%2C%22eid%22%3A%22ARCTOcuV4aX4XtUV8F1JfLGN-xEPbhGrS4w95iVGrmhw-ur454OSMCEd7Kyh3IWs3KsN9lRzQ8HtRiCH%22%2C%22fref%22%3A%22mentions%22%7D\" data-hovercard-prefer-more-content-show=\"1\">TUSP \u2013 Ribeir\u00e3o Preto<\/a> (<a href=\"https:\/\/www.instagram.com\/tuspribeirao\/\">@tuspribeirao<\/a>).<\/p>\n","protected":false},"excerpt":{"rendered":"<p>O\u00a0Teatro da Universidade de S\u00e3o Paulo\u00a0(TUSP) tem por objetivos difundir as artes c\u00eanicas em suas mais diversas manifesta\u00e7\u00f5es e formas de express\u00e3o; estimular o desenvolvimento de grupos <a class=\"read-more\" href=\"https:\/\/usp.br\/tusp\/apresentacao\/\">[&#8230;]<\/a><\/p>\n","protected":false},"author":1,"featured_media":0,"parent":0,"menu_order":0,"comment_status":"closed","ping_status":"closed","template":"","meta":{"_acf_changed":false,"site-sidebar-layout":"default","site-content-layout":"","ast-site-content-layout":"default","site-content-style":"default","site-sidebar-style":"default","ast-global-header-display":"","ast-banner-title-visibility":"","ast-main-header-display":"","ast-hfb-above-header-display":"","ast-hfb-below-header-display":"","ast-hfb-mobile-header-display":"","site-post-title":"","ast-breadcrumbs-content":"","ast-featured-img":"","footer-sml-layout":"","ast-disable-related-posts":"","theme-transparent-header-meta":"default","adv-header-id-meta":"","stick-header-meta":"","header-above-stick-meta":"","header-main-stick-meta":"","header-below-stick-meta":"","astra-migrate-meta-layouts":"set","ast-page-background-enabled":"default","ast-page-background-meta":{"desktop":{"background-color":"var(--ast-global-color-4)","background-image":"","background-repeat":"repeat","background-position":"center center","background-size":"auto","background-attachment":"scroll","background-type":"","background-media":"","overlay-type":"","overlay-color":"","overlay-opacity":"","overlay-gradient":""},"tablet":{"background-color":"","background-image":"","background-repeat":"repeat","background-position":"center center","background-size":"auto","background-attachment":"scroll","background-type":"","background-media":"","overlay-type":"","overlay-color":"","overlay-opacity":"","overlay-gradient":""},"mobile":{"background-color":"","background-image":"","background-repeat":"repeat","background-position":"center center","background-size":"auto","background-attachment":"scroll","background-type":"","background-media":"","overlay-type":"","overlay-color":"","overlay-opacity":"","overlay-gradient":""}},"ast-content-background-meta":{"desktop":{"background-color":"var(--ast-global-color-5)","background-image":"","background-repeat":"repeat","background-position":"center center","background-size":"auto","background-attachment":"scroll","background-type":"","background-media":"","overlay-type":"","overlay-color":"","overlay-opacity":"","overlay-gradient":""},"tablet":{"background-color":"var(--ast-global-color-5)","background-image":"","background-repeat":"repeat","background-position":"center center","background-size":"auto","background-attachment":"scroll","background-type":"","background-media":"","overlay-type":"","overlay-color":"","overlay-opacity":"","overlay-gradient":""},"mobile":{"background-color":"var(--ast-global-color-5)","background-image":"","background-repeat":"repeat","background-position":"center center","background-size":"auto","background-attachment":"scroll","background-type":"","background-media":"","overlay-type":"","overlay-color":"","overlay-opacity":"","overlay-gradient":""}},"footnotes":""},"class_list":["post-28","page","type-page","status-publish","hentry"],"acf":[],"_links":{"self":[{"href":"https:\/\/usp.br\/tusp\/wp-json\/wp\/v2\/pages\/28","targetHints":{"allow":["GET"]}}],"collection":[{"href":"https:\/\/usp.br\/tusp\/wp-json\/wp\/v2\/pages"}],"about":[{"href":"https:\/\/usp.br\/tusp\/wp-json\/wp\/v2\/types\/page"}],"author":[{"embeddable":true,"href":"https:\/\/usp.br\/tusp\/wp-json\/wp\/v2\/users\/1"}],"replies":[{"embeddable":true,"href":"https:\/\/usp.br\/tusp\/wp-json\/wp\/v2\/comments?post=28"}],"version-history":[{"count":8,"href":"https:\/\/usp.br\/tusp\/wp-json\/wp\/v2\/pages\/28\/revisions"}],"predecessor-version":[{"id":9655,"href":"https:\/\/usp.br\/tusp\/wp-json\/wp\/v2\/pages\/28\/revisions\/9655"}],"wp:attachment":[{"href":"https:\/\/usp.br\/tusp\/wp-json\/wp\/v2\/media?parent=28"}],"curies":[{"name":"wp","href":"https:\/\/api.w.org\/{rel}","templated":true}]}}