{"id":30,"date":"2012-01-20T13:14:02","date_gmt":"2012-01-20T13:14:02","guid":{"rendered":"http:\/\/biton.uspnet.usp.br\/tusp\/?page_id=30"},"modified":"2024-08-12T15:25:10","modified_gmt":"2024-08-12T18:25:10","slug":"circuito-tusp-de-teatro","status":"publish","type":"page","link":"https:\/\/usp.br\/tusp\/circuito-tusp-de-teatro\/","title":{"rendered":"Circuito TUSP de Teatro"},"content":{"rendered":"<p style=\"text-align: justify;\">O <strong><span style=\"color: #993300;\">Circuito TUSP de Teatro<\/span><\/strong> \u00e9 um programa de a\u00e7\u00e3o continuada para a difus\u00e3o das artes c\u00eanicas nos campi da Universidade de S\u00e3o Paulo, em parceria com outros espa\u00e7os p\u00fablicos no interior do estado, como os Teatros Municipais e Se\u00e7\u00f5es de Atividades Culturais dos campi da USP. O Circuito mescla apresenta\u00e7\u00f5es convencionais com exibi\u00e7\u00f5es em espa\u00e7os alternativos, buscando a proximidade e a intera\u00e7\u00e3o com o p\u00fablico.<\/p>\n<p style=\"text-align: justify;\">Desde 2008, o programa oferece formas diversificadas de conv\u00edvio com a experi\u00eancia c\u00eanica, cultivando o h\u00e1bito da frui\u00e7\u00e3o teatral entre a comunidade universit\u00e1ria e o p\u00fablico externo, com workshops e apresenta\u00e7\u00f5es gratuitas.<\/p>\n<p style=\"text-align: justify;\">A inten\u00e7\u00e3o do\u00a0<a href=\"http:\/\/www.usp.br\/tusp\/?s=Circuito+TUSP+\"><span style=\"color: #993300;\"><strong>Circuito TUSP de Teatro<\/strong><\/span><\/a>\u00a0em seu formato atual \u00e9 criar um espa\u00e7o de contato com uma produ\u00e7\u00e3o teatral de qualidade para propiciar um local de encontro art\u00edstico e gerar debates que possam fomentar a forma\u00e7\u00e3o teatral. Acompanhe e conhe\u00e7a o hist\u00f3rico dessa programa\u00e7\u00e3o acessando nossa <a href=\"http:\/\/www.usp.br\/tusp\/?page_id=171\">agenda<\/a>!!<\/p>\n<p>\u00a0[widgetkit id=7742]<\/p>\n<p>&nbsp;<\/p>\n","protected":false},"excerpt":{"rendered":"<p>O Circuito TUSP de Teatro \u00e9 um programa de a\u00e7\u00e3o continuada para a difus\u00e3o das artes c\u00eanicas nos campi da Universidade de S\u00e3o Paulo, em parceria com <a class=\"read-more\" href=\"https:\/\/usp.br\/tusp\/circuito-tusp-de-teatro\/\">[&#8230;]<\/a><\/p>\n","protected":false},"author":1,"featured_media":0,"parent":0,"menu_order":0,"comment_status":"closed","ping_status":"closed","template":"","meta":{"_acf_changed":false,"site-sidebar-layout":"default","site-content-layout":"","ast-site-content-layout":"default","site-content-style":"default","site-sidebar-style":"default","ast-global-header-display":"","ast-banner-title-visibility":"","ast-main-header-display":"","ast-hfb-above-header-display":"","ast-hfb-below-header-display":"","ast-hfb-mobile-header-display":"","site-post-title":"","ast-breadcrumbs-content":"","ast-featured-img":"","footer-sml-layout":"","ast-disable-related-posts":"","theme-transparent-header-meta":"","adv-header-id-meta":"","stick-header-meta":"","header-above-stick-meta":"","header-main-stick-meta":"","header-below-stick-meta":"","astra-migrate-meta-layouts":"default","ast-page-background-enabled":"default","ast-page-background-meta":{"desktop":{"background-color":"var(--ast-global-color-4)","background-image":"","background-repeat":"repeat","background-position":"center center","background-size":"auto","background-attachment":"scroll","background-type":"","background-media":"","overlay-type":"","overlay-color":"","overlay-opacity":"","overlay-gradient":""},"tablet":{"background-color":"","background-image":"","background-repeat":"repeat","background-position":"center center","background-size":"auto","background-attachment":"scroll","background-type":"","background-media":"","overlay-type":"","overlay-color":"","overlay-opacity":"","overlay-gradient":""},"mobile":{"background-color":"","background-image":"","background-repeat":"repeat","background-position":"center center","background-size":"auto","background-attachment":"scroll","background-type":"","background-media":"","overlay-type":"","overlay-color":"","overlay-opacity":"","overlay-gradient":""}},"ast-content-background-meta":{"desktop":{"background-color":"var(--ast-global-color-5)","background-image":"","background-repeat":"repeat","background-position":"center center","background-size":"auto","background-attachment":"scroll","background-type":"","background-media":"","overlay-type":"","overlay-color":"","overlay-opacity":"","overlay-gradient":""},"tablet":{"background-color":"var(--ast-global-color-5)","background-image":"","background-repeat":"repeat","background-position":"center center","background-size":"auto","background-attachment":"scroll","background-type":"","background-media":"","overlay-type":"","overlay-color":"","overlay-opacity":"","overlay-gradient":""},"mobile":{"background-color":"var(--ast-global-color-5)","background-image":"","background-repeat":"repeat","background-position":"center center","background-size":"auto","background-attachment":"scroll","background-type":"","background-media":"","overlay-type":"","overlay-color":"","overlay-opacity":"","overlay-gradient":""}},"footnotes":""},"class_list":["post-30","page","type-page","status-publish","hentry"],"acf":[],"_links":{"self":[{"href":"https:\/\/usp.br\/tusp\/wp-json\/wp\/v2\/pages\/30","targetHints":{"allow":["GET"]}}],"collection":[{"href":"https:\/\/usp.br\/tusp\/wp-json\/wp\/v2\/pages"}],"about":[{"href":"https:\/\/usp.br\/tusp\/wp-json\/wp\/v2\/types\/page"}],"author":[{"embeddable":true,"href":"https:\/\/usp.br\/tusp\/wp-json\/wp\/v2\/users\/1"}],"replies":[{"embeddable":true,"href":"https:\/\/usp.br\/tusp\/wp-json\/wp\/v2\/comments?post=30"}],"version-history":[{"count":12,"href":"https:\/\/usp.br\/tusp\/wp-json\/wp\/v2\/pages\/30\/revisions"}],"predecessor-version":[{"id":7745,"href":"https:\/\/usp.br\/tusp\/wp-json\/wp\/v2\/pages\/30\/revisions\/7745"}],"wp:attachment":[{"href":"https:\/\/usp.br\/tusp\/wp-json\/wp\/v2\/media?parent=30"}],"curies":[{"name":"wp","href":"https:\/\/api.w.org\/{rel}","templated":true}]}}