{"id":4847,"date":"2018-07-23T11:48:30","date_gmt":"2018-07-23T14:48:30","guid":{"rendered":"http:\/\/www.usp.br\/tusp\/?page_id=4847"},"modified":"2025-11-25T18:11:21","modified_gmt":"2025-11-25T21:11:21","slug":"solicitacao-de-pauta","status":"publish","type":"page","link":"https:\/\/usp.br\/tusp\/servicos\/solicitacao-de-pauta\/","title":{"rendered":"Solicita\u00e7\u00e3o de Pauta"},"content":{"rendered":"<p>Nossa programa\u00e7\u00e3o \u00e9 definida pela diretoria e nosso corpo art\u00edstico-pedag\u00f3gico, referendados pelo conselho do \u00f3rg\u00e3o, composta primordialmente de editais p\u00fablicos de temporada, mostras, a\u00e7\u00f5es continuadas do \u00f3rg\u00e3o e programa\u00e7\u00f5es convidadas.<\/p>\n<p>Para otimizar o contato com interessados no uso de nossos espa\u00e7os que n\u00e3o estejam contemplados nos editais e programas regulares, disponibilizamos o endere\u00e7o eletr\u00f4nico<strong> <a href=\"tuspline@usp.br\">tuspline@usp.br<\/a> <\/strong>como canal oficial para envio de solicita\u00e7\u00f5es de pautas espor\u00e1dicas ou a\u00e7\u00f5es em datas espec\u00edficas.<\/p>\n<p>Para enviar solicita\u00e7\u00f5es de pauta que se encaixem nas condi\u00e7\u00f5es acima, mencione no corpo da mensagem um <strong>breve resumo do projeto, as datas almejadas e anexe todos os dados relevantes em arquivo(s) .pdf<\/strong>.<\/p>\n<p>A an\u00e1lise ser\u00e1 feita pela equipe do TUSP, sujeita ao tr\u00e2mite regular de defini\u00e7\u00e3o da programa\u00e7\u00e3o. Indicamos que as datas pretendidas estejam a\u00a0pelo menos<strong> 30 dias do envio do pedido<\/strong>, levando em conta o necess\u00e1rio tempo de avalia\u00e7\u00e3o das demandas, sendo importante ressaltar que a an\u00e1lise est\u00e1 subordinada ao andamento regular de nossa programa\u00e7\u00e3o e eventual disponibilidade de datas e espa\u00e7os.<\/p>\n","protected":false},"excerpt":{"rendered":"<p>Nossa programa\u00e7\u00e3o \u00e9 definida pela diretoria e nosso corpo art\u00edstico-pedag\u00f3gico, referendados pelo conselho do \u00f3rg\u00e3o, composta primordialmente de editais p\u00fablicos de temporada, mostras, a\u00e7\u00f5es continuadas do \u00f3rg\u00e3o <a class=\"read-more\" href=\"https:\/\/usp.br\/tusp\/servicos\/solicitacao-de-pauta\/\">[&#8230;]<\/a><\/p>\n","protected":false},"author":2,"featured_media":9459,"parent":23,"menu_order":0,"comment_status":"closed","ping_status":"closed","template":"","meta":{"_acf_changed":false,"site-sidebar-layout":"default","site-content-layout":"","ast-site-content-layout":"default","site-content-style":"default","site-sidebar-style":"default","ast-global-header-display":"","ast-banner-title-visibility":"","ast-main-header-display":"","ast-hfb-above-header-display":"","ast-hfb-below-header-display":"","ast-hfb-mobile-header-display":"","site-post-title":"","ast-breadcrumbs-content":"","ast-featured-img":"","footer-sml-layout":"","ast-disable-related-posts":"","theme-transparent-header-meta":"default","adv-header-id-meta":"","stick-header-meta":"","header-above-stick-meta":"","header-main-stick-meta":"","header-below-stick-meta":"","astra-migrate-meta-layouts":"set","ast-page-background-enabled":"default","ast-page-background-meta":{"desktop":{"background-color":"var(--ast-global-color-4)","background-image":"","background-repeat":"repeat","background-position":"center center","background-size":"auto","background-attachment":"scroll","background-type":"","background-media":"","overlay-type":"","overlay-color":"","overlay-opacity":"","overlay-gradient":""},"tablet":{"background-color":"","background-image":"","background-repeat":"repeat","background-position":"center center","background-size":"auto","background-attachment":"scroll","background-type":"","background-media":"","overlay-type":"","overlay-color":"","overlay-opacity":"","overlay-gradient":""},"mobile":{"background-color":"","background-image":"","background-repeat":"repeat","background-position":"center center","background-size":"auto","background-attachment":"scroll","background-type":"","background-media":"","overlay-type":"","overlay-color":"","overlay-opacity":"","overlay-gradient":""}},"ast-content-background-meta":{"desktop":{"background-color":"var(--ast-global-color-5)","background-image":"","background-repeat":"repeat","background-position":"center center","background-size":"auto","background-attachment":"scroll","background-type":"","background-media":"","overlay-type":"","overlay-color":"","overlay-opacity":"","overlay-gradient":""},"tablet":{"background-color":"var(--ast-global-color-5)","background-image":"","background-repeat":"repeat","background-position":"center center","background-size":"auto","background-attachment":"scroll","background-type":"","background-media":"","overlay-type":"","overlay-color":"","overlay-opacity":"","overlay-gradient":""},"mobile":{"background-color":"var(--ast-global-color-5)","background-image":"","background-repeat":"repeat","background-position":"center center","background-size":"auto","background-attachment":"scroll","background-type":"","background-media":"","overlay-type":"","overlay-color":"","overlay-opacity":"","overlay-gradient":""}},"footnotes":""},"class_list":["post-4847","page","type-page","status-publish","has-post-thumbnail","hentry"],"acf":[],"_links":{"self":[{"href":"https:\/\/usp.br\/tusp\/wp-json\/wp\/v2\/pages\/4847","targetHints":{"allow":["GET"]}}],"collection":[{"href":"https:\/\/usp.br\/tusp\/wp-json\/wp\/v2\/pages"}],"about":[{"href":"https:\/\/usp.br\/tusp\/wp-json\/wp\/v2\/types\/page"}],"author":[{"embeddable":true,"href":"https:\/\/usp.br\/tusp\/wp-json\/wp\/v2\/users\/2"}],"replies":[{"embeddable":true,"href":"https:\/\/usp.br\/tusp\/wp-json\/wp\/v2\/comments?post=4847"}],"version-history":[{"count":8,"href":"https:\/\/usp.br\/tusp\/wp-json\/wp\/v2\/pages\/4847\/revisions"}],"predecessor-version":[{"id":9477,"href":"https:\/\/usp.br\/tusp\/wp-json\/wp\/v2\/pages\/4847\/revisions\/9477"}],"up":[{"embeddable":true,"href":"https:\/\/usp.br\/tusp\/wp-json\/wp\/v2\/pages\/23"}],"wp:featuredmedia":[{"embeddable":true,"href":"https:\/\/usp.br\/tusp\/wp-json\/wp\/v2\/media\/9459"}],"wp:attachment":[{"href":"https:\/\/usp.br\/tusp\/wp-json\/wp\/v2\/media?parent=4847"}],"curies":[{"name":"wp","href":"https:\/\/api.w.org\/{rel}","templated":true}]}}