{"id":4928,"date":"2018-09-19T10:33:46","date_gmt":"2018-09-19T13:33:46","guid":{"rendered":"http:\/\/www.usp.br\/tusp\/?page_id=4928"},"modified":"2018-09-19T10:33:46","modified_gmt":"2018-09-19T13:33:46","slug":"historias-da-cena","status":"publish","type":"page","link":"https:\/\/usp.br\/tusp\/historias-da-cena\/","title":{"rendered":"Hist\u00f3rias da Cena"},"content":{"rendered":"<p>[widgetkit id=4925]<\/p>\n<p>A partir de setembro de 2018, o\u00a0<strong>Teatro da Universidade de S\u00e3o Paulo<\/strong>\u00a0deu in\u00edcio ao <em><strong>Hist\u00f3rias da Cena<\/strong><\/em>, s\u00e9rie de encontros p\u00fablicos e gratuitos com palestrantes convidados apresentam temas variados sobre a hist\u00f3ria ou a atualidade das artes c\u00eanicas, sempre na intersec\u00e7\u00e3o entre teoria e pr\u00e1tica.<\/p>\n<p>O ciclo inicial deste novo programa do TUSP ser\u00e1 composto por tr\u00eas aulas abertas realizadas por professores do\u00a0<a href=\"http:\/\/www3.eca.usp.br\/cac\">Departamento de Artes C\u00eanicas<\/a>\u00a0da Escola de Comunica\u00e7\u00e3o e Arte da USP (CAC\/ECA\/USP), realizadas sempre \u00e0s ter\u00e7as-feiras, 19h.<\/p>\n<p>Abrindo o ciclo em\u00a0<strong>04.09<\/strong>, o encontro\u00a0<strong>Hamlet<em>\u00a0e o Palco Elisabetano<\/em><\/strong>\u00a0fica a cargo de\u00a0<strong>S\u00e9rgio de Carvalho<\/strong>, dramaturgo e diretor teatral da Companhia do Lat\u00e3o, professor do CAC\u00a0e atual diretor do TUSP.<\/p>\n<p>Na sequ\u00eancia, dia\u00a0<strong>11.09<\/strong>,\u00a0<strong>Recusa<\/strong><em><strong>, Um Espet\u00e1culo como Ato: Problemas Art\u00edsticos e \u00c9ticos<\/strong><\/em>\u00a0\u00e9 o tema do segundo encontro, apresentado por\u00a0<strong>Maria Tha\u00eds<\/strong>, diretora teatral e tamb\u00e9m professora do CAC.<\/p>\n<p>Finaliza o ciclo de setembro, em\u00a0<strong>18.09,<\/strong>\u00a0o encontro\u00a0<strong><em>Narrativa e Impress\u00f5es sobre\u00a0<\/em>Sweet Mambo,\u00a0<em>Pe\u00e7a de Pina Bausch<\/em><\/strong>, com\u00a0<strong>Sayonara\u00a0Pereira<\/strong>,\u00a0core\u00f3grafa, pesquisadora e professora do CAC. onde dirige o LAPETT, grupo formado por alunos da gradua\u00e7\u00e3o e p\u00f3s -gradua\u00e7\u00e3o.<\/p>\n<p>Os encontros s\u00e3o gratuitos, sujeitos \u00e0 lota\u00e7\u00e3o do espa\u00e7o, e acontecem na Sala Multi\u00faso do\u00a0<a href=\"https:\/\/www.facebook.com\/maria.antonia.usp\/?fref=mentions&amp;__xts__%5B0%5D=68.ARDSQOMM9s-DiAOGT66JIiHYaS7tU9JodOlUuZ6s9zodNjPTy2ubqntqsTmgQfSjOBTxzKdIATeqiDu_n9rlFvPwrigGxf-26u2903vM-YQjyA-snKlX117smE3GHYIFtbEW17EoB8AEqleClS8lrc4UVM8B2OMq5CHSwtCeVdStCIQ0tFam&amp;__tn__=K-R\" data-hovercard=\"\/ajax\/hovercard\/page.php?id=129641123754889&amp;extragetparams=%7B%22fref%22%3A%22mentions%22%2C%22directed_target_id%22%3A273847023226855%7D\" data-hovercard-prefer-more-content-show=\"1\">Centro Universit\u00e1rio Maria Antonia<\/a>.<\/p>\n","protected":false},"excerpt":{"rendered":"<p>[widgetkit id=4925] A partir de setembro de 2018, o\u00a0Teatro da Universidade de S\u00e3o Paulo\u00a0deu in\u00edcio ao Hist\u00f3rias da Cena, s\u00e9rie de encontros p\u00fablicos e gratuitos com palestrantes <a class=\"read-more\" href=\"https:\/\/usp.br\/tusp\/historias-da-cena\/\">[&#8230;]<\/a><\/p>\n","protected":false},"author":2,"featured_media":0,"parent":0,"menu_order":0,"comment_status":"closed","ping_status":"closed","template":"","meta":{"_acf_changed":false,"site-sidebar-layout":"default","site-content-layout":"","ast-site-content-layout":"default","site-content-style":"default","site-sidebar-style":"default","ast-global-header-display":"","ast-banner-title-visibility":"","ast-main-header-display":"","ast-hfb-above-header-display":"","ast-hfb-below-header-display":"","ast-hfb-mobile-header-display":"","site-post-title":"","ast-breadcrumbs-content":"","ast-featured-img":"","footer-sml-layout":"","ast-disable-related-posts":"","theme-transparent-header-meta":"","adv-header-id-meta":"","stick-header-meta":"","header-above-stick-meta":"","header-main-stick-meta":"","header-below-stick-meta":"","astra-migrate-meta-layouts":"default","ast-page-background-enabled":"default","ast-page-background-meta":{"desktop":{"background-color":"var(--ast-global-color-4)","background-image":"","background-repeat":"repeat","background-position":"center center","background-size":"auto","background-attachment":"scroll","background-type":"","background-media":"","overlay-type":"","overlay-color":"","overlay-opacity":"","overlay-gradient":""},"tablet":{"background-color":"","background-image":"","background-repeat":"repeat","background-position":"center center","background-size":"auto","background-attachment":"scroll","background-type":"","background-media":"","overlay-type":"","overlay-color":"","overlay-opacity":"","overlay-gradient":""},"mobile":{"background-color":"","background-image":"","background-repeat":"repeat","background-position":"center center","background-size":"auto","background-attachment":"scroll","background-type":"","background-media":"","overlay-type":"","overlay-color":"","overlay-opacity":"","overlay-gradient":""}},"ast-content-background-meta":{"desktop":{"background-color":"var(--ast-global-color-5)","background-image":"","background-repeat":"repeat","background-position":"center center","background-size":"auto","background-attachment":"scroll","background-type":"","background-media":"","overlay-type":"","overlay-color":"","overlay-opacity":"","overlay-gradient":""},"tablet":{"background-color":"var(--ast-global-color-5)","background-image":"","background-repeat":"repeat","background-position":"center center","background-size":"auto","background-attachment":"scroll","background-type":"","background-media":"","overlay-type":"","overlay-color":"","overlay-opacity":"","overlay-gradient":""},"mobile":{"background-color":"var(--ast-global-color-5)","background-image":"","background-repeat":"repeat","background-position":"center center","background-size":"auto","background-attachment":"scroll","background-type":"","background-media":"","overlay-type":"","overlay-color":"","overlay-opacity":"","overlay-gradient":""}},"footnotes":""},"class_list":["post-4928","page","type-page","status-publish","hentry"],"acf":[],"_links":{"self":[{"href":"https:\/\/usp.br\/tusp\/wp-json\/wp\/v2\/pages\/4928","targetHints":{"allow":["GET"]}}],"collection":[{"href":"https:\/\/usp.br\/tusp\/wp-json\/wp\/v2\/pages"}],"about":[{"href":"https:\/\/usp.br\/tusp\/wp-json\/wp\/v2\/types\/page"}],"author":[{"embeddable":true,"href":"https:\/\/usp.br\/tusp\/wp-json\/wp\/v2\/users\/2"}],"replies":[{"embeddable":true,"href":"https:\/\/usp.br\/tusp\/wp-json\/wp\/v2\/comments?post=4928"}],"version-history":[{"count":2,"href":"https:\/\/usp.br\/tusp\/wp-json\/wp\/v2\/pages\/4928\/revisions"}],"predecessor-version":[{"id":4930,"href":"https:\/\/usp.br\/tusp\/wp-json\/wp\/v2\/pages\/4928\/revisions\/4930"}],"wp:attachment":[{"href":"https:\/\/usp.br\/tusp\/wp-json\/wp\/v2\/media?parent=4928"}],"curies":[{"name":"wp","href":"https:\/\/api.w.org\/{rel}","templated":true}]}}