{"id":6164,"date":"2021-12-06T15:43:36","date_gmt":"2021-12-06T18:43:36","guid":{"rendered":"http:\/\/www.usp.br\/tusp\/?page_id=6164"},"modified":"2026-04-13T11:06:22","modified_gmt":"2026-04-13T14:06:22","slug":"dramaturgias-em-processo","status":"publish","type":"page","link":"https:\/\/usp.br\/tusp\/dramaturgias-em-processo\/","title":{"rendered":"Dramaturgias em Processo"},"content":{"rendered":"<p>Integrando o\u00a0<strong><em>#TUSPemCasa<\/em><\/strong>, conjunto de a\u00e7\u00f5es realizadas pelo Teatro da USP no per\u00edodo de isolamento social decorrente por conta da Covid-19, o\u00a0programa<strong>\u00a0Dramaturgias em Processo<\/strong>\u00a0teve in\u00edcio em 2020, ainda no in\u00edcio da pandemia. A fim de incentivar a produ\u00e7\u00e3o dramat\u00fargica, ante a car\u00eancia de iniciativas de fomento cultural no per\u00edodo, a ideia foi selecionar por edital projetos que tivessem por objeto a realiza\u00e7\u00e3o de pesquisa e cria\u00e7\u00e3o liter\u00e1rias in\u00e9ditas, ao longo de tr\u00eas meses.<\/p>\n<p>O resultado dessa a\u00e7\u00e3o se materializa na publica\u00e7\u00e3o de 14 pe\u00e7as in\u00e9ditas a cada edi\u00e7\u00e3o, tornadas p\u00fablicas em formato digital e divididas em duas categorias, que contemplam tanto a experi\u00eancia dramat\u00fargica pr\u00e9via\u00a0 (as &#8220;Dramaturgias do Tempo&#8221;) como incurs\u00f5es iniciais no g\u00eanero (&#8220;Primeiras Dramaturgias&#8221;) \u2013 tal distin\u00e7\u00e3o n\u00e3o pretende sugerir um recorte qualitativo, somente permitir a contemplar os diferentes perfis e trajet\u00f3rias pessoais de cada artista.\u00a0Os projetos inscritos revelaram enorme diversidade, geogr\u00e1fica e de temas e formas, evidenciada nos perfis e textos dos selecionados da primeira edi\u00e7\u00e3o, publicada em 2021, e da segunda, cuja prepara\u00e7\u00e3o est\u00e1 em curso.<\/p>\n<p>As autoras e autores contemplados na edi\u00e7\u00e3o 2020-2021 foram\u00a0Ave Terrena,\u00a0Kiko Rieser, Nat\u00e1lia Grisi,\u00a0Marcos Gomes, Natalia Conti,\u00a0 Jhonny Salaberg e Lucas Moura na categoria DRAMATURGIAS DO TEMPO e\u00a0Paulo Barbeto,\u00a0Luciany Aparecida,\u00a0Simone T.,\u00a0AndRomano,\u00a0Ines Bushatsky, Rafael Cristiano e\u00a0Edu Rosa na categoria PRIMEIRAS DRAMATURGIAS.<\/p>\n<p>A segunda edi\u00e7\u00e3o, que deveria ter sido publicada em 2022 mas que se encontra agora em processo de finaliza\u00e7\u00e3o, trar\u00e1 os textos de Leticia Rodrigues, Ueliton Alves, Luana Frez Ichikawa, Jaoa de Mello, Gaba Cerqueda, Isabela Rossi e Ciano, nas PRIMEIRAS DRAMATURGIAS, e Luan Henrique Valero, Leonardo de S\u00e1 Fernandes, James Herm\u00ednio, Bruno Garbuio, Victor N\u00f3voa, Fernanda Gama e Michelle Ferreira, dentro das DRAMATURGIAS DO TEMPO.<\/p>\n<p><em>Confira no <a href=\"https:\/\/sites.usp.br\/dramaturgiasemprocesso\/\" target=\"_blank\">site<\/a>\u00a0do programa os textos e autores publicados, gratuitamente e em formato para download e leitura online!<\/em><\/p>\n<div class=\"_df_thumb \" id=\"df_10097\"  _slug=\"dramaturgias-em-processo-v-1-2020\" data-title=\"dramaturgias-em-processo-v-1-2020\" wpoptions=\"true\" thumb=\"https:\/\/tusp2024.webhostusp.sti.usp.br\/wp-content\/uploads\/2024\/02\/dramaturgias-novo-e1730233454581.jpg\" thumbtype=\"\" >Dramaturgias em Processo v.1 (2020)<\/div>\n<p><script class=\"df-shortcode-script\" nowprocket type=\"application\/javascript\">window.option_df_10097 = {\"outline\":[],\"autoEnableOutline\":\"false\",\"autoEnableThumbnail\":\"false\",\"overwritePDFOutline\":\"false\",\"direction\":\"1\",\"pageSize\":\"0\",\"source\":\"http:\\\/\\\/www.usp.br\\\/tusp\\\/wp-content\\\/uploads\\\/2025\\\/08\\\/Dramaturgias-em-Processo-2021-v1.pdf\",\"wpOptions\":\"true\"}; if(window.DFLIP && window.DFLIP.parseBooks){window.DFLIP.parseBooks();}<\/script><\/p>\n","protected":false},"excerpt":{"rendered":"<p>Integrando o\u00a0#TUSPemCasa, conjunto de a\u00e7\u00f5es realizadas pelo Teatro da USP no per\u00edodo de isolamento social decorrente por conta da Covid-19, o\u00a0programa\u00a0Dramaturgias em Processo\u00a0teve in\u00edcio em 2020, ainda <a class=\"read-more\" href=\"https:\/\/usp.br\/tusp\/dramaturgias-em-processo\/\">[&#8230;]<\/a><\/p>\n","protected":false},"author":2,"featured_media":0,"parent":0,"menu_order":0,"comment_status":"closed","ping_status":"closed","template":"","meta":{"_acf_changed":false,"site-sidebar-layout":"default","site-content-layout":"","ast-site-content-layout":"default","site-content-style":"default","site-sidebar-style":"default","ast-global-header-display":"","ast-banner-title-visibility":"","ast-main-header-display":"","ast-hfb-above-header-display":"","ast-hfb-below-header-display":"","ast-hfb-mobile-header-display":"","site-post-title":"","ast-breadcrumbs-content":"","ast-featured-img":"","footer-sml-layout":"","ast-disable-related-posts":"","theme-transparent-header-meta":"default","adv-header-id-meta":"","stick-header-meta":"","header-above-stick-meta":"","header-main-stick-meta":"","header-below-stick-meta":"","astra-migrate-meta-layouts":"set","ast-page-background-enabled":"default","ast-page-background-meta":{"desktop":{"background-color":"var(--ast-global-color-4)","background-image":"","background-repeat":"repeat","background-position":"center center","background-size":"auto","background-attachment":"scroll","background-type":"","background-media":"","overlay-type":"","overlay-color":"","overlay-opacity":"","overlay-gradient":""},"tablet":{"background-color":"","background-image":"","background-repeat":"repeat","background-position":"center center","background-size":"auto","background-attachment":"scroll","background-type":"","background-media":"","overlay-type":"","overlay-color":"","overlay-opacity":"","overlay-gradient":""},"mobile":{"background-color":"","background-image":"","background-repeat":"repeat","background-position":"center center","background-size":"auto","background-attachment":"scroll","background-type":"","background-media":"","overlay-type":"","overlay-color":"","overlay-opacity":"","overlay-gradient":""}},"ast-content-background-meta":{"desktop":{"background-color":"var(--ast-global-color-5)","background-image":"","background-repeat":"repeat","background-position":"center center","background-size":"auto","background-attachment":"scroll","background-type":"","background-media":"","overlay-type":"","overlay-color":"","overlay-opacity":"","overlay-gradient":""},"tablet":{"background-color":"var(--ast-global-color-5)","background-image":"","background-repeat":"repeat","background-position":"center center","background-size":"auto","background-attachment":"scroll","background-type":"","background-media":"","overlay-type":"","overlay-color":"","overlay-opacity":"","overlay-gradient":""},"mobile":{"background-color":"var(--ast-global-color-5)","background-image":"","background-repeat":"repeat","background-position":"center center","background-size":"auto","background-attachment":"scroll","background-type":"","background-media":"","overlay-type":"","overlay-color":"","overlay-opacity":"","overlay-gradient":""}},"footnotes":""},"class_list":["post-6164","page","type-page","status-publish","hentry"],"acf":[],"_links":{"self":[{"href":"https:\/\/usp.br\/tusp\/wp-json\/wp\/v2\/pages\/6164","targetHints":{"allow":["GET"]}}],"collection":[{"href":"https:\/\/usp.br\/tusp\/wp-json\/wp\/v2\/pages"}],"about":[{"href":"https:\/\/usp.br\/tusp\/wp-json\/wp\/v2\/types\/page"}],"author":[{"embeddable":true,"href":"https:\/\/usp.br\/tusp\/wp-json\/wp\/v2\/users\/2"}],"replies":[{"embeddable":true,"href":"https:\/\/usp.br\/tusp\/wp-json\/wp\/v2\/comments?post=6164"}],"version-history":[{"count":22,"href":"https:\/\/usp.br\/tusp\/wp-json\/wp\/v2\/pages\/6164\/revisions"}],"predecessor-version":[{"id":10099,"href":"https:\/\/usp.br\/tusp\/wp-json\/wp\/v2\/pages\/6164\/revisions\/10099"}],"wp:attachment":[{"href":"https:\/\/usp.br\/tusp\/wp-json\/wp\/v2\/media?parent=6164"}],"curies":[{"name":"wp","href":"https:\/\/api.w.org\/{rel}","templated":true}]}}