{"id":8192,"date":"2025-04-11T12:28:35","date_gmt":"2025-04-11T15:28:35","guid":{"rendered":"https:\/\/tusp2024.webhostusp.sti.usp.br\/?page_id=8192"},"modified":"2025-09-26T12:04:33","modified_gmt":"2025-09-26T15:04:33","slug":"nucleo-tusp-2","status":"publish","type":"page","link":"https:\/\/usp.br\/tusp\/nucleo-tusp-2\/","title":{"rendered":"N\u00facleo TUSP"},"content":{"rendered":"<div id=\"conferencias\" style=\"padding-top: 1px;\">\n<div class=\"quadro-corpo\" style=\"background-color: white; padding: 2px 4px;\">\n<div class=\"quadro-custom\">\n<\/div>\n<div class=\"quadro-cabecalho\" style=\"background-color: white; padding: 12px; margin-top: 0px;\">\n<div id=\"metaslider-id-8226\" style=\"width: 100%;\" class=\"ml-slider-3-109-0 metaslider metaslider-flex metaslider-8226 ml-slider has-dots-nav ms-theme-architekt\" role=\"region\" aria-label=\"N\u00facleos TUSP da Capital\" data-height=\"450\" data-width=\"900\">\n<div id=\"metaslider_container_8226\">\n<div id=\"metaslider_8226\">\n<ul class='slides'>\n<li style=\"display: block; width: 100%;\" class=\"slide-9645 ms-image \" aria-roledescription=\"slide\" data-date=\"2026-01-23 16:28:57\" data-filename=\"eleutheria-slideshow-900x450.png\" data-slide-type=\"image\"><a href=\"https:\/\/tusp2024.webhostusp.sti.usp.br\/portfolio\/nao-me-venha-falar-da-morte-ou-eleutheria\/\" target=\"_self\" aria-label=\"View Slide Details\" class=\"metaslider_image_link\"><img decoding=\"async\" src=\"https:\/\/tusp2024.webhostusp.sti.usp.br\/wp-content\/uploads\/2025\/11\/eleutheria-slideshow-900x450.png\" height=\"450\" width=\"900\" alt=\"Eleutheria\" class=\"slider-8226 slide-9645 msDefaultImage\" title=\"Eleutheria\" \/><\/a>\n<div class=\"caption-wrap\">\n<div class=\"caption\">Eleutheria<\/div>\n<\/div>\n<\/li>\n<li style=\"display: none; width: 100%;\" class=\"slide-8239 ms-image \" aria-roledescription=\"slide\" data-date=\"2025-04-11 16:05:53\" data-filename=\"evento-baca-900x450.jpg\" data-slide-type=\"image\"><a href=\"https:\/\/tusp2024.webhostusp.sti.usp.br\/?portfolio=bacantes\" target=\"_self\" aria-label=\"View Slide Details\" class=\"metaslider_image_link\"><img decoding=\"async\" src=\"https:\/\/tusp2024.webhostusp.sti.usp.br\/wp-content\/uploads\/2024\/10\/evento-baca-900x450.jpg\" height=\"450\" width=\"900\" alt=\"\" class=\"slider-8226 slide-8239 msDefaultImage\" title=\"evento baca\" \/><\/a>\n<div class=\"caption-wrap\">\n<div class=\"caption\">As Bacantes \u2013 2024<\/div>\n<\/div>\n<\/li>\n<li style=\"display: none; width: 100%;\" class=\"slide-8237 ms-image \" aria-roledescription=\"slide\" data-date=\"2025-04-11 16:01:29\" data-filename=\"comala-evento2-e1760110986691-900x450.jpg\" data-slide-type=\"image\"><a href=\"https:\/\/usp.br\/tusp\/portfolio\/comala\/\" target=\"_self\" aria-label=\"View Slide Details\" class=\"metaslider_image_link\"><img decoding=\"async\" src=\"https:\/\/tusp2024.webhostusp.sti.usp.br\/wp-content\/uploads\/2023\/11\/comala-evento2-e1760110986691-900x450.jpg\" height=\"450\" width=\"900\" alt=\"\" class=\"slider-8226 slide-8237 msDefaultImage\" title=\"comala evento2\" \/><\/a>\n<div class=\"caption-wrap\">\n<div class=\"caption\">Comala \u2013 2023<\/div>\n<\/div>\n<\/li>\n<li style=\"display: none; width: 100%;\" class=\"slide-8231 ms-image \" aria-roledescription=\"slide\" data-date=\"2025-04-11 15:48:41\" data-filename=\"evento-teste2-900x450.jpg\" data-slide-type=\"image\"><a href=\"https:\/\/usp.br\/tusp\/portfolio\/galileu-nucleo-tusp\/\" target=\"_self\" aria-label=\"View Slide Details\" class=\"metaslider_image_link\"><img decoding=\"async\" src=\"https:\/\/tusp2024.webhostusp.sti.usp.br\/wp-content\/uploads\/2025\/04\/evento-teste2-900x450.jpg\" height=\"450\" width=\"900\" alt=\"\" class=\"slider-8226 slide-8231 msDefaultImage\" title=\"evento teste2\" \/><\/a>\n<div class=\"caption-wrap\">\n<div class=\"caption\">Galileu \u2013 2022<\/div>\n<\/div>\n<\/li>\n<li style=\"display: none; width: 100%;\" class=\"slide-8236 ms-image \" aria-roledescription=\"slide\" data-date=\"2025-04-11 15:56:46\" data-filename=\"fausto-evento-900x450.jpg\" data-slide-type=\"image\"><a href=\"https:\/\/usp.br\/tusp\/portfolio\/fausto\/\" target=\"_self\" aria-label=\"View Slide Details\" class=\"metaslider_image_link\"><img decoding=\"async\" src=\"https:\/\/tusp2024.webhostusp.sti.usp.br\/wp-content\/uploads\/2018\/10\/fausto-evento-900x450.jpg\" height=\"450\" width=\"900\" alt=\"\" class=\"slider-8226 slide-8236 msDefaultImage\" title=\"fausto evento\" \/><\/a>\n<div class=\"caption-wrap\">\n<div class=\"caption\">Fausto \u2013 2018<\/div>\n<\/div>\n<\/li>\n<li style=\"display: none; width: 100%;\" class=\"slide-9257 ms-image \" aria-roledescription=\"slide\" data-date=\"2025-10-14 11:05:03\" data-filename=\"site-slideshow2-900x450.jpg\" data-slide-type=\"image\"><a href=\"https:\/\/usp.br\/tusp\/portfolio\/ensaio-para-romeu-e-julieta\/\" target=\"_self\" aria-label=\"View Slide Details\" class=\"metaslider_image_link\"><img decoding=\"async\" src=\"https:\/\/tusp2024.webhostusp.sti.usp.br\/wp-content\/uploads\/2018\/06\/site-slideshow2-900x450.jpg\" height=\"450\" width=\"900\" alt=\"Ensaio para Romeu e Julieta\" class=\"slider-8226 slide-9257 msDefaultImage\" title=\"Ensaio para Romeu e Julieta\" \/><\/a>\n<div class=\"caption-wrap\">\n<div class=\"caption\">\n<div>Ensaio para Romeu e Julieta \u2013 2018<\/div>\n<\/div>\n<\/div>\n<\/li>\n<li style=\"display: none; width: 100%;\" class=\"slide-8228 ms-image \" aria-roledescription=\"slide\" data-date=\"2025-04-11 15:42:35\" data-filename=\"07_slideshow_nucleo-rei-lear-900x450.jpg\" data-slide-type=\"image\"><a href=\"https:\/\/usp.br\/tusp\/portfolio\/rei-lear-nucleo-tusp\/\" target=\"_self\" aria-label=\"View Slide Details\" class=\"metaslider_image_link\"><img decoding=\"async\" src=\"https:\/\/tusp2024.webhostusp.sti.usp.br\/wp-content\/uploads\/2017\/10\/07_slideshow_nucleo-rei-lear-900x450.jpg\" height=\"450\" width=\"900\" alt=\"\" class=\"slider-8226 slide-8228 msDefaultImage\" title=\"07_slideshow_nucleo-rei lear\" \/><\/a>\n<div class=\"caption-wrap\">\n<div class=\"caption\">Rei Lear \u2013 2017<\/div>\n<\/div>\n<\/li>\n<li style=\"display: none; width: 100%;\" class=\"slide-8227 ms-image \" aria-roledescription=\"slide\" data-date=\"2025-04-11 15:42:35\" data-filename=\"07_slideshow_nucleo-hamlet-900x450.jpg\" data-slide-type=\"image\"><a href=\"https:\/\/usp.br\/tusp\/portfolio\/hamlet-nova-temporada\/\" target=\"_self\" aria-label=\"View Slide Details\" class=\"metaslider_image_link\"><img decoding=\"async\" src=\"https:\/\/tusp2024.webhostusp.sti.usp.br\/wp-content\/uploads\/2017\/10\/07_slideshow_nucleo-hamlet-900x450.jpg\" height=\"450\" width=\"900\" alt=\"\" class=\"slider-8226 slide-8227 msDefaultImage\" title=\"07_slideshow_nucleo-hamlet\" \/><\/a>\n<div class=\"caption-wrap\">\n<div class=\"caption\">Hamlet \u2013 2017<\/div>\n<\/div>\n<\/li>\n<li style=\"display: none; width: 100%;\" class=\"slide-8232 ms-image \" aria-roledescription=\"slide\" data-date=\"2025-04-11 15:48:52\" data-filename=\"site-mahagonny-900x450.jpg\" data-slide-type=\"image\"><a href=\"https:\/\/usp.br\/tusp\/portfolio\/mahagonny\/\" target=\"_self\" aria-label=\"View Slide Details\" class=\"metaslider_image_link\"><img decoding=\"async\" src=\"https:\/\/tusp2024.webhostusp.sti.usp.br\/wp-content\/uploads\/2016\/11\/site-mahagonny-900x450.jpg\" height=\"450\" width=\"900\" alt=\"\" class=\"slider-8226 slide-8232 msDefaultImage\" title=\"site mahagonny\" \/><\/a>\n<div class=\"caption-wrap\">\n<div class=\"caption\">Mahagonny \u2013 2016<\/div>\n<\/div>\n<\/li>\n<li style=\"display: none; width: 100%;\" class=\"slide-8233 ms-image \" aria-roledescription=\"slide\" data-date=\"2025-04-11 15:49:09\" data-filename=\"miniatura-eyolf-556x278.jpg\" data-slide-type=\"image\"><a href=\"https:\/\/usp.br\/tusp\/portfolio\/o-pequeno-eyolf\/\" target=\"_self\" aria-label=\"View Slide Details\" class=\"metaslider_image_link\"><img decoding=\"async\" src=\"https:\/\/tusp2024.webhostusp.sti.usp.br\/wp-content\/uploads\/2016\/11\/miniatura-eyolf-556x278.jpg\" height=\"450\" width=\"900\" alt=\"\" class=\"slider-8226 slide-8233 msDefaultImage\" title=\"miniatura eyolf\" \/><\/a>\n<div class=\"caption-wrap\">\n<div class=\"caption\">Pequeno Eyolf \u2013 2016<\/div>\n<\/div>\n<\/li>\n<li style=\"display: none; width: 100%;\" class=\"slide-8229 ms-image \" aria-roledescription=\"slide\" data-date=\"2025-04-11 15:44:41\" data-filename=\"Outro-K-N\u00facleo-TUSP-vitrine-900x450.jpg\" data-slide-type=\"image\"><img decoding=\"async\" src=\"https:\/\/tusp2024.webhostusp.sti.usp.br\/wp-content\/uploads\/2015\/11\/Outro-K-N\u00facleo-TUSP-vitrine-900x450.jpg\" height=\"450\" width=\"900\" alt=\"2015\" class=\"slider-8226 slide-8229 msDefaultImage\" \/>\n<div class=\"caption-wrap\">\n<div class=\"caption\">Outro K \u2013 2015<\/div>\n<\/div>\n<\/li>\n<\/ul><\/div>\n<\/p><\/div>\n<\/div>\n<\/div>\n<\/div>\n<\/div>\n<p>O N\u00facleo TUSP da capital \u00e9 uma iniciativa do Teatro da Universidade de S\u00e3o Paulo (TUSP) que promove experi\u00eancias teatrais colaborativas, voltadas tanto para a comunidade universit\u00e1ria quanto para o p\u00fablico em geral.<\/p>\n<p>Desde 2010, em todos os polos em que o Teatro da USP tem atua\u00e7\u00e3o, os N\u00facleos TUSP desenvolvem a\u00e7\u00f5es diversas, tais como saraus, workshops, aprecia\u00e7\u00e3o de espet\u00e1culos e interven\u00e7\u00f5es urbanas.<\/p>\n<p>Na capital, desde 2015 a a\u00e7\u00e3o vem tomando a forma destes experimentos de montagem teatral, que resultaram nos espet\u00e1culos OUTRO K (2015 e 2016), MAHAGONNY e O PEQUENO EYOLF (2016), REI LEAR (2017), HAMLET (2017-2018), ENSAIO PARA ROMEU E JULIETA (2018) e FAUSTO (2018), GALILEU (2022), COMALA (2023), AS BACANTES (2024) e que cumpriram temporadas ao final de cada ano na mesma Sala Experimental em que os trabalhos foram desenvolvidos, sempre em temporadas disputad\u00edssimas e lotadas.<\/p>\n<p style=\"text-align: center;\"><span style=\"font-size: 10pt;\"><em>Imagem de fundo: cartaz de <\/em>Galileu<\/span><span style=\"font-size: 10pt;\"><em>, Anita <\/em><\/span><span style=\"font-size: 10pt;\"><em>Prades.<\/em><\/span><\/p>\n","protected":false},"excerpt":{"rendered":"<p>O N\u00facleo TUSP da capital \u00e9 uma iniciativa do Teatro da Universidade de S\u00e3o Paulo (TUSP) que promove experi\u00eancias teatrais colaborativas, voltadas tanto para a comunidade universit\u00e1ria <a class=\"read-more\" href=\"https:\/\/usp.br\/tusp\/nucleo-tusp-2\/\">[&#8230;]<\/a><\/p>\n","protected":false},"author":2,"featured_media":0,"parent":0,"menu_order":0,"comment_status":"closed","ping_status":"closed","template":"","meta":{"_acf_changed":false,"site-sidebar-layout":"default","site-content-layout":"","ast-site-content-layout":"default","site-content-style":"default","site-sidebar-style":"default","ast-global-header-display":"","ast-banner-title-visibility":"","ast-main-header-display":"","ast-hfb-above-header-display":"","ast-hfb-below-header-display":"","ast-hfb-mobile-header-display":"","site-post-title":"","ast-breadcrumbs-content":"","ast-featured-img":"","footer-sml-layout":"","ast-disable-related-posts":"","theme-transparent-header-meta":"default","adv-header-id-meta":"","stick-header-meta":"","header-above-stick-meta":"","header-main-stick-meta":"","header-below-stick-meta":"","astra-migrate-meta-layouts":"set","ast-page-background-enabled":"default","ast-page-background-meta":{"desktop":{"background-color":"var(--ast-global-color-4)","background-image":"","background-repeat":"repeat","background-position":"center center","background-size":"auto","background-attachment":"scroll","background-type":"","background-media":"","overlay-type":"","overlay-color":"","overlay-opacity":"","overlay-gradient":""},"tablet":{"background-color":"","background-image":"","background-repeat":"repeat","background-position":"center center","background-size":"auto","background-attachment":"scroll","background-type":"","background-media":"","overlay-type":"","overlay-color":"","overlay-opacity":"","overlay-gradient":""},"mobile":{"background-color":"","background-image":"","background-repeat":"repeat","background-position":"center center","background-size":"auto","background-attachment":"scroll","background-type":"","background-media":"","overlay-type":"","overlay-color":"","overlay-opacity":"","overlay-gradient":""}},"ast-content-background-meta":{"desktop":{"background-color":"var(--ast-global-color-5)","background-image":"","background-repeat":"repeat","background-position":"center center","background-size":"auto","background-attachment":"scroll","background-type":"","background-media":"","overlay-type":"","overlay-color":"","overlay-opacity":"","overlay-gradient":""},"tablet":{"background-color":"var(--ast-global-color-5)","background-image":"","background-repeat":"repeat","background-position":"center center","background-size":"auto","background-attachment":"scroll","background-type":"","background-media":"","overlay-type":"","overlay-color":"","overlay-opacity":"","overlay-gradient":""},"mobile":{"background-color":"var(--ast-global-color-5)","background-image":"","background-repeat":"repeat","background-position":"center center","background-size":"auto","background-attachment":"scroll","background-type":"","background-media":"","overlay-type":"","overlay-color":"","overlay-opacity":"","overlay-gradient":""}},"footnotes":""},"class_list":["post-8192","page","type-page","status-publish","hentry"],"acf":[],"_links":{"self":[{"href":"https:\/\/usp.br\/tusp\/wp-json\/wp\/v2\/pages\/8192","targetHints":{"allow":["GET"]}}],"collection":[{"href":"https:\/\/usp.br\/tusp\/wp-json\/wp\/v2\/pages"}],"about":[{"href":"https:\/\/usp.br\/tusp\/wp-json\/wp\/v2\/types\/page"}],"author":[{"embeddable":true,"href":"https:\/\/usp.br\/tusp\/wp-json\/wp\/v2\/users\/2"}],"replies":[{"embeddable":true,"href":"https:\/\/usp.br\/tusp\/wp-json\/wp\/v2\/comments?post=8192"}],"version-history":[{"count":9,"href":"https:\/\/usp.br\/tusp\/wp-json\/wp\/v2\/pages\/8192\/revisions"}],"predecessor-version":[{"id":9214,"href":"https:\/\/usp.br\/tusp\/wp-json\/wp\/v2\/pages\/8192\/revisions\/9214"}],"wp:attachment":[{"href":"https:\/\/usp.br\/tusp\/wp-json\/wp\/v2\/media?parent=8192"}],"curies":[{"name":"wp","href":"https:\/\/api.w.org\/{rel}","templated":true}]}}