{"id":8274,"date":"2025-04-30T11:00:52","date_gmt":"2025-04-30T14:00:52","guid":{"rendered":"https:\/\/tusp2024.webhostusp.sti.usp.br\/?page_id=8274"},"modified":"2026-03-12T18:23:17","modified_gmt":"2026-03-12T21:23:17","slug":"em-cartaz","status":"publish","type":"page","link":"https:\/\/usp.br\/tusp\/em-cartaz\/","title":{"rendered":"Em cartaz"},"content":{"rendered":"<div class=\"tusp-portfolio-header\">\n<div class=\"tusp-portfolio-filter\"><span style=\"font-size: 16px;\">    <\/p>\n<div class=\"tusp-portfolio-filter-header\">\n<h1 class=\"titulo-pagina\">\n                TUSP | Teatro da USP            <\/h1>\n<\/p><\/div>\n<div class=\"tusp-portfolio-slider-wrapper\">\n            <button class=\"tusp-slider-arrow prev\" aria-label=\"Anterior\">&#10094;<\/button><\/p>\n<div class=\"tusp-portfolio-grid\">\n<div class=\"tusp-portfolio-item card\" data-ano=\"2026\">\n            <a class=\"portfolio-list-items\" href=\"https:\/\/usp.br\/tusp\/portfolio\/todos-os-filhos-de-deus-tem-asas-de-eugene-oneill-leituras-publicas-ciclo-xxviii-mulheres-no-tensp\/\"><br \/>\n                <img decoding=\"async\" width=\"819\" height=\"1024\" src=\"https:\/\/tusp2024.webhostusp.sti.usp.br\/wp-content\/uploads\/2026\/04\/fundos-sem-texto2-819x1024.jpg\" class=\"attachment-large size-large wp-post-image\" alt=\"Leituras Mulheres do TENSP | Aurea Campos\" srcset=\"https:\/\/tusp2024.webhostusp.sti.usp.br\/wp-content\/uploads\/2026\/04\/fundos-sem-texto2-819x1024.jpg 819w, https:\/\/tusp2024.webhostusp.sti.usp.br\/wp-content\/uploads\/2026\/04\/fundos-sem-texto2-240x300.jpg 240w, https:\/\/tusp2024.webhostusp.sti.usp.br\/wp-content\/uploads\/2026\/04\/fundos-sem-texto2-768x960.jpg 768w, https:\/\/tusp2024.webhostusp.sti.usp.br\/wp-content\/uploads\/2026\/04\/fundos-sem-texto2.jpg 1080w\" sizes=\"(max-width: 819px) 100vw, 819px\" \/>                <\/p>\n<div class=\"card-footer\" style=\"margin-top: 10px; margin-bottom: 5px;\">\n<div class=\"portfolio-list-local\">\n                            <span class=\"local-tag\">Sala Experimental<\/span>                        <\/div>\n<\/p><\/div>\n<div class=\"card-content\" style=\"margin-top: 0; margin-bottom:10px;\">\n<h3 class=\"portfolio-list-title\">&#8216;Todos os filhos de Deus t\u00eam asas&#8217;, de Eugene O\u2019Neill | Leituras P\u00fablicas Ciclo XXVIII: Mulheres no TENSP<\/h3>\n<p>                    <span class=\"portfolio-list-date\">10.05.26<\/span>                <\/div>\n<p>            <\/a>\n        <\/div>\n<div class=\"tusp-portfolio-item card\" data-ano=\"2026\">\n            <a class=\"portfolio-list-items\" href=\"https:\/\/usp.br\/tusp\/portfolio\/quarto-de-empregada-de-roberto-freire-leituras-publicas-ciclo-xxviii-mulheres-no-tensp\/\"><br \/>\n                <img decoding=\"async\" width=\"819\" height=\"1024\" src=\"https:\/\/tusp2024.webhostusp.sti.usp.br\/wp-content\/uploads\/2026\/04\/fundos-sem-texto3-819x1024.jpg\" class=\"attachment-large size-large wp-post-image\" alt=\"Leituras Mulheres do TENSP | Jacira Sampaio\" srcset=\"https:\/\/tusp2024.webhostusp.sti.usp.br\/wp-content\/uploads\/2026\/04\/fundos-sem-texto3-819x1024.jpg 819w, https:\/\/tusp2024.webhostusp.sti.usp.br\/wp-content\/uploads\/2026\/04\/fundos-sem-texto3-240x300.jpg 240w, https:\/\/tusp2024.webhostusp.sti.usp.br\/wp-content\/uploads\/2026\/04\/fundos-sem-texto3-768x960.jpg 768w, https:\/\/tusp2024.webhostusp.sti.usp.br\/wp-content\/uploads\/2026\/04\/fundos-sem-texto3.jpg 1080w\" sizes=\"(max-width: 819px) 100vw, 819px\" \/>                <\/p>\n<div class=\"card-footer\" style=\"margin-top: 10px; margin-bottom: 5px;\">\n<div class=\"portfolio-list-local\">\n                            <span class=\"local-tag\">Sala Experimental<\/span>                        <\/div>\n<\/p><\/div>\n<div class=\"card-content\" style=\"margin-top: 0; margin-bottom:10px;\">\n<h3 class=\"portfolio-list-title\">&#8216;Quarto de empregada&#8217;, de Roberto Freire | Leituras P\u00fablicas Ciclo XXVIII: Mulheres no TENSP<\/h3>\n<p>                    <span class=\"portfolio-list-date\">17.05.26<\/span>                <\/div>\n<p>            <\/a>\n        <\/div>\n<div class=\"tusp-portfolio-item card\" data-ano=\"2026\">\n            <a class=\"portfolio-list-items\" href=\"https:\/\/usp.br\/tusp\/portfolio\/oracao-para-uma-negra-de-william-faulkner-leituras-publicas-ciclo-xxviii-mulheres-no-tensp\/\"><br \/>\n                <img decoding=\"async\" width=\"819\" height=\"1024\" src=\"https:\/\/tusp2024.webhostusp.sti.usp.br\/wp-content\/uploads\/2026\/04\/fundos-sem-texto4-e1777397828810-819x1024.jpg\" class=\"attachment-large size-large wp-post-image\" alt=\"\" srcset=\"https:\/\/tusp2024.webhostusp.sti.usp.br\/wp-content\/uploads\/2026\/04\/fundos-sem-texto4-e1777397828810-819x1024.jpg 819w, https:\/\/tusp2024.webhostusp.sti.usp.br\/wp-content\/uploads\/2026\/04\/fundos-sem-texto4-e1777397828810-240x300.jpg 240w, https:\/\/tusp2024.webhostusp.sti.usp.br\/wp-content\/uploads\/2026\/04\/fundos-sem-texto4-e1777397828810-768x960.jpg 768w, https:\/\/tusp2024.webhostusp.sti.usp.br\/wp-content\/uploads\/2026\/04\/fundos-sem-texto4-e1777397828810.jpg 1080w\" sizes=\"(max-width: 819px) 100vw, 819px\" \/>                <\/p>\n<div class=\"card-footer\" style=\"margin-top: 10px; margin-bottom: 5px;\">\n<div class=\"portfolio-list-local\">\n                            <span class=\"local-tag\">Sala Experimental<\/span>                        <\/div>\n<\/p><\/div>\n<div class=\"card-content\" style=\"margin-top: 0; margin-bottom:10px;\">\n<h3 class=\"portfolio-list-title\">&#8216;Ora\u00e7\u00e3o para uma negra&#8217;, de William Faulkner | Leituras P\u00fablicas Ciclo XXVIII: Mulheres no TENSP<\/h3>\n<p>                    <span class=\"portfolio-list-date\">24.05.26<\/span>                <\/div>\n<p>            <\/a>\n        <\/div>\n<div class=\"tusp-portfolio-item card\" data-ano=\"2026\">\n            <a class=\"portfolio-list-items\" href=\"https:\/\/usp.br\/tusp\/portfolio\/a-raisin-in-the-sun-o-sol-tornara-a-brilhar-de-lorraine-hansberry-leituras-publicas-ciclo-xxviii-mulheres-no-tensp\/\"><br \/>\n                <img decoding=\"async\" width=\"819\" height=\"1024\" src=\"https:\/\/tusp2024.webhostusp.sti.usp.br\/wp-content\/uploads\/2026\/04\/fundos-sem-texto-lorraine-819x1024.jpg\" class=\"attachment-large size-large wp-post-image\" alt=\"Leituras Mulheres do TENSP | Lorraine Hansberry\" srcset=\"https:\/\/tusp2024.webhostusp.sti.usp.br\/wp-content\/uploads\/2026\/04\/fundos-sem-texto-lorraine-819x1024.jpg 819w, https:\/\/tusp2024.webhostusp.sti.usp.br\/wp-content\/uploads\/2026\/04\/fundos-sem-texto-lorraine-240x300.jpg 240w, https:\/\/tusp2024.webhostusp.sti.usp.br\/wp-content\/uploads\/2026\/04\/fundos-sem-texto-lorraine-768x960.jpg 768w, https:\/\/tusp2024.webhostusp.sti.usp.br\/wp-content\/uploads\/2026\/04\/fundos-sem-texto-lorraine-1229x1536.jpg 1229w, https:\/\/tusp2024.webhostusp.sti.usp.br\/wp-content\/uploads\/2026\/04\/fundos-sem-texto-lorraine.jpg 1440w\" sizes=\"(max-width: 819px) 100vw, 819px\" \/>                <\/p>\n<div class=\"card-footer\" style=\"margin-top: 10px; margin-bottom: 5px;\">\n<div class=\"portfolio-list-local\">\n                            <span class=\"local-tag\">Sala Experimental<\/span>                        <\/div>\n<\/p><\/div>\n<div class=\"card-content\" style=\"margin-top: 0; margin-bottom:10px;\">\n<h3 class=\"portfolio-list-title\">&#8216;A raisin in the sun&#8217; (O sol tornar\u00e1 a brilhar), de Lorraine Hansberry | Leituras P\u00fablicas Ciclo XXVIII: Mulheres no TENSP<\/h3>\n<p>                    <span class=\"portfolio-list-date\">31.05.26<\/span>                <\/div>\n<p>            <\/a>\n        <\/div>\n<\/p><\/div>\n<p>            <button class=\"tusp-slider-arrow next\" aria-label=\"Pr\u00f3ximo\">&#10095;<\/button>\n        <\/div>\n<p>        <\/span><\/div>\n<\/div>\n","protected":false},"excerpt":{"rendered":"<p> <a class=\"read-more\" href=\"https:\/\/usp.br\/tusp\/portfolio\/a-raisin-in-the-sun-o-sol-tornara-a-brilhar-de-lorraine-hansberry-leituras-publicas-ciclo-xxviii-mulheres-no-tensp\/\">[&#8230;]<\/a><\/p>\n","protected":false},"author":12,"featured_media":0,"parent":0,"menu_order":0,"comment_status":"closed","ping_status":"closed","template":"","meta":{"_acf_changed":false,"site-sidebar-layout":"default","site-content-layout":"","ast-site-content-layout":"default","site-content-style":"default","site-sidebar-style":"default","ast-global-header-display":"","ast-banner-title-visibility":"","ast-main-header-display":"","ast-hfb-above-header-display":"","ast-hfb-below-header-display":"","ast-hfb-mobile-header-display":"","site-post-title":"","ast-breadcrumbs-content":"","ast-featured-img":"","footer-sml-layout":"","ast-disable-related-posts":"","theme-transparent-header-meta":"default","adv-header-id-meta":"","stick-header-meta":"","header-above-stick-meta":"","header-main-stick-meta":"","header-below-stick-meta":"","astra-migrate-meta-layouts":"set","ast-page-background-enabled":"default","ast-page-background-meta":{"desktop":{"background-color":"var(--ast-global-color-4)","background-image":"","background-repeat":"repeat","background-position":"center center","background-size":"auto","background-attachment":"scroll","background-type":"","background-media":"","overlay-type":"","overlay-color":"","overlay-opacity":"","overlay-gradient":""},"tablet":{"background-color":"","background-image":"","background-repeat":"repeat","background-position":"center center","background-size":"auto","background-attachment":"scroll","background-type":"","background-media":"","overlay-type":"","overlay-color":"","overlay-opacity":"","overlay-gradient":""},"mobile":{"background-color":"","background-image":"","background-repeat":"repeat","background-position":"center center","background-size":"auto","background-attachment":"scroll","background-type":"","background-media":"","overlay-type":"","overlay-color":"","overlay-opacity":"","overlay-gradient":""}},"ast-content-background-meta":{"desktop":{"background-color":"var(--ast-global-color-5)","background-image":"","background-repeat":"repeat","background-position":"center center","background-size":"auto","background-attachment":"scroll","background-type":"","background-media":"","overlay-type":"","overlay-color":"","overlay-opacity":"","overlay-gradient":""},"tablet":{"background-color":"var(--ast-global-color-5)","background-image":"","background-repeat":"repeat","background-position":"center center","background-size":"auto","background-attachment":"scroll","background-type":"","background-media":"","overlay-type":"","overlay-color":"","overlay-opacity":"","overlay-gradient":""},"mobile":{"background-color":"var(--ast-global-color-5)","background-image":"","background-repeat":"repeat","background-position":"center center","background-size":"auto","background-attachment":"scroll","background-type":"","background-media":"","overlay-type":"","overlay-color":"","overlay-opacity":"","overlay-gradient":""}},"footnotes":""},"class_list":["post-8274","page","type-page","status-publish","hentry"],"acf":[],"_links":{"self":[{"href":"https:\/\/usp.br\/tusp\/wp-json\/wp\/v2\/pages\/8274","targetHints":{"allow":["GET"]}}],"collection":[{"href":"https:\/\/usp.br\/tusp\/wp-json\/wp\/v2\/pages"}],"about":[{"href":"https:\/\/usp.br\/tusp\/wp-json\/wp\/v2\/types\/page"}],"author":[{"embeddable":true,"href":"https:\/\/usp.br\/tusp\/wp-json\/wp\/v2\/users\/12"}],"replies":[{"embeddable":true,"href":"https:\/\/usp.br\/tusp\/wp-json\/wp\/v2\/comments?post=8274"}],"version-history":[{"count":8,"href":"https:\/\/usp.br\/tusp\/wp-json\/wp\/v2\/pages\/8274\/revisions"}],"predecessor-version":[{"id":9804,"href":"https:\/\/usp.br\/tusp\/wp-json\/wp\/v2\/pages\/8274\/revisions\/9804"}],"wp:attachment":[{"href":"https:\/\/usp.br\/tusp\/wp-json\/wp\/v2\/media?parent=8274"}],"curies":[{"name":"wp","href":"https:\/\/api.w.org\/{rel}","templated":true}]}}