{"id":895,"date":"2012-03-29T12:27:59","date_gmt":"2012-03-29T15:27:59","guid":{"rendered":"http:\/\/www.usp.br\/tusp\/?page_id=895"},"modified":"2026-03-19T17:18:53","modified_gmt":"2026-03-19T20:18:53","slug":"aparte-xxi","status":"publish","type":"page","link":"https:\/\/usp.br\/tusp\/aparte-xxi\/","title":{"rendered":"aParte XXI"},"content":{"rendered":"<p>As ra\u00edzes da revista\u00a0<em><strong>aParte<\/strong>,\u00a0<\/em>publica\u00e7\u00e3o do Teatro dos Universit\u00e1rios de S\u00e3o Paulo \u2013\u00a0nome de batismo do TUSP \u2013\u00a0datam de 1968. Seus\u00a0dois n\u00fameros iniciais (um terceiro n\u00e3o foi publicado e acabou destru\u00eddo com o acirramento da persegui\u00e7\u00e3o pol\u00edtica) s\u00e3o documentos est\u00e9tico-pol\u00edticos de posi\u00e7\u00e3o \u00a0revolucion\u00e1ria, numa atitude editorial na qual tend\u00eancia (pol\u00edtica) e qualidade (est\u00e9tica) exibiam um impulso \u201cguerrilheiro\u201d, que tensionava posi\u00e7\u00f5es que insistiam em obscurecer a produ\u00e7\u00e3o da cultura como uma quest\u00e3o de classe \u2013 fosse a classe burguesa, fosse a \u201cintelectual\u201d.<\/p>\n<p>Nos anos de 2000, a experi\u00eancia est\u00e9tica e pol\u00edtica da\u00a0<em>aParte<\/em>\u00a0impulsionou o TUSP a retomar essa postura diante da produ\u00e7\u00e3o teatral contempor\u00e2nea.\u00a0Agora intitulada<strong><em>\u00a0aParte XXI<\/em>\u00a0<\/strong>\u2013 para refletir nosso momento, mas com um olho no projeto e esp\u00edrito da\u00a0<em>aParte<\/em>\u00a0original\u00a0\u2013, o TUSP pretende imprimir na publica\u00e7\u00e3o atual o \u00edmpeto, pluralismo e atualidade dos n\u00fameros iniciais.<\/p>\n<p><span style=\"font-size: 16px;\">Para isso, al\u00e9m de publicar artigos e autores selecionados, a revista traz n\u00e3o apenas artigos especialmente selecionados, mas possui se\u00e7\u00f5es especiais, os &#8220;aPartes&#8221;\u00a0\u2013 textos mais ou menos extensos que, ora com autores de renome, ora com contribui\u00e7\u00e3o do p\u00fablico-leitor\u00a0\u2013,\u00a0que dialogam com o tema da edi\u00e7\u00e3o; al\u00e9m disso, a revista se abre para outros formatos que n\u00e3o o artigo cient\u00edfico, tais como a\u00a0publica\u00e7\u00e3o de pe\u00e7as teatrais,\u00a0ensaios fotogr\u00e1ficos ou dossi\u00eas. E, por fim, cada n\u00famero da\u00a0<strong><em>aParte XXI<\/em><\/strong>\u00a0foi ilustrado por um artista ligado \u00e0s artes c\u00eanicas ou \u00e0 universidade, sempre em di\u00e1logo com os artigos e temas propostos.<\/span><\/p>\n<div id=\"metaslider-id-8822\" style=\"width: 100%;\" class=\"ml-slider-3-107-0 metaslider metaslider-flex metaslider-8822 ml-slider has-dots-nav ms-theme-blend\" role=\"region\" aria-label=\"aParte XXI\" data-height=\"300\" data-width=\"700\">\n<div id=\"metaslider_container_8822\">\n<div id=\"metaslider_8822\">\n<ul class='slides'>\n<li style=\"display: block; width: 100%;\" class=\"slide-8823 ms-image \" aria-roledescription=\"slide\" data-date=\"2025-08-06 16:30:35\" data-filename=\"2-700x300.jpg\" data-slide-type=\"image\"><a href=\"https:\/\/tusp2024.webhostusp.sti.usp.br\/wp-content\/uploads\/2025\/08\/aParteXXI-7-2017.pdf\" target=\"_self\" aria-label=\"aParte XXI 7 - Publica\u00e7\u00e3o do Teatro da Universidade de S\u00e3o Paulo - TUSP\" class=\"metaslider_image_link\"><img decoding=\"async\" src=\"https:\/\/tusp2024.webhostusp.sti.usp.br\/wp-content\/uploads\/2017\/12\/2-700x300.jpg\" height=\"300\" width=\"700\" alt=\"\" class=\"slider-8822 slide-8823 msDefaultImage\" title=\"aparte 7\" \/><\/a>\n<div class=\"caption-wrap\">\n<div class=\"caption\">Foto: Erika Diettes<\/div>\n<\/div>\n<\/li>\n<li style=\"display: none; width: 100%;\" class=\"slide-8824 ms-image \" aria-roledescription=\"slide\" data-date=\"2025-08-06 16:30:35\" data-filename=\"slide-aparte-700x300.jpg\" data-slide-type=\"image\"><a href=\"https:\/\/tusp2024.webhostusp.sti.usp.br\/wp-content\/uploads\/2025\/08\/aparteXXI-6-2013.pdf\" target=\"_self\" aria-label=\"aParte XXI 6 - Publica\u00e7\u00e3o do Teatro da Universidade de S\u00e3o Paulo - TUSP\" class=\"metaslider_image_link\"><img decoding=\"async\" src=\"https:\/\/tusp2024.webhostusp.sti.usp.br\/wp-content\/uploads\/2016\/03\/slide-aparte-700x300.jpg\" height=\"300\" width=\"700\" alt=\"\" class=\"slider-8822 slide-8824 msDefaultImage\" title=\"slide aparte\" \/><\/a>\n<div class=\"caption-wrap\">\n<div class=\"caption\">Arte: Paloma Franca Amorim<\/div>\n<\/div>\n<\/li>\n<li style=\"display: none; width: 100%;\" class=\"slide-8827 ms-image \" aria-roledescription=\"slide\" data-date=\"2025-08-06 16:30:36\" data-filename=\"aparte-5-capa-700-700x300.jpg\" data-slide-type=\"image\"><a href=\"https:\/\/tusp2024.webhostusp.sti.usp.br\/wp-content\/uploads\/2025\/08\/aParteXXI-5-2012.pdf\" target=\"_self\" aria-label=\"aParte XXI 5 - Publica\u00e7\u00e3o do Teatro da Universidade de S\u00e3o Paulo - TUSP\" class=\"metaslider_image_link\"><img decoding=\"async\" src=\"https:\/\/tusp2024.webhostusp.sti.usp.br\/wp-content\/uploads\/2013\/11\/aparte-5-capa-700-700x300.jpg\" height=\"300\" width=\"700\" alt=\"\" class=\"slider-8822 slide-8827 msDefaultImage\" title=\"aparte 5 capa 700\" \/><\/a>\n<div class=\"caption-wrap\">\n<div class=\"caption\">Arte: Coletivo Raga<\/div>\n<\/div>\n<\/li>\n<li style=\"display: none; width: 100%;\" class=\"slide-8826 ms-image \" aria-roledescription=\"slide\" data-date=\"2025-08-06 16:30:36\" data-filename=\"aparte-4-capa-700-700x300.jpg\" data-slide-type=\"image\"><a href=\"https:\/\/tusp2024.webhostusp.sti.usp.br\/wp-content\/uploads\/2025\/08\/aparteXXI-4-2011.pdf\" target=\"_self\" aria-label=\"aParte XXI 4 - Publica\u00e7\u00e3o do Teatro da Universidade de S\u00e3o Paulo - TUSP\" class=\"metaslider_image_link\"><img decoding=\"async\" src=\"https:\/\/tusp2024.webhostusp.sti.usp.br\/wp-content\/uploads\/2013\/11\/aparte-4-capa-700-700x300.jpg\" height=\"300\" width=\"700\" alt=\"\" class=\"slider-8822 slide-8826 msDefaultImage\" title=\"aparte 4 capa 700\" \/><\/a>\n<div class=\"caption-wrap\">\n<div class=\"caption\">Arte: Willian Hussar<\/div>\n<\/div>\n<\/li>\n<li style=\"display: none; width: 100%;\" class=\"slide-8825 ms-image \" aria-roledescription=\"slide\" data-date=\"2025-08-06 16:30:36\" data-filename=\"aparte-3-capa-700-700x300.jpg\" data-slide-type=\"image\"><a href=\"https:\/\/tusp2024.webhostusp.sti.usp.br\/wp-content\/uploads\/2025\/08\/aParteXXI-3-2010.pdf\" target=\"_self\" aria-label=\"aParte XXI 3 - Publica\u00e7\u00e3o do Teatro da Universidade de S\u00e3o Paulo - TUSP\" class=\"metaslider_image_link\"><img decoding=\"async\" src=\"https:\/\/tusp2024.webhostusp.sti.usp.br\/wp-content\/uploads\/2013\/11\/aparte-3-capa-700-700x300.jpg\" height=\"300\" width=\"700\" alt=\"\" class=\"slider-8822 slide-8825 msDefaultImage\" title=\"aparte 3 capa 700\" \/><\/a>\n<div class=\"caption-wrap\">\n<div class=\"caption\">Arte: Simone Mina<\/div>\n<\/div>\n<\/li>\n<\/ul><\/div>\n<\/p><\/div>\n<\/div>\n<p><em style=\"font-size: 9px;\"><strong>Leia online ou baixe os n\u00fameros da <\/strong><\/em><strong style=\"font-size: 9px;\">aParte XXI<\/strong><em style=\"font-size: 9px;\"><strong>. As vers\u00f5es impressas dispon\u00edveis podem ser obtidas gratuitamente no TUSP.<\/strong><\/em><\/p>\n<p><strong>aParte XXI<\/strong><\/p>\n<p>A mais recente edi\u00e7\u00e3o, a\u00a0<strong><em>aParte XXI<\/em><\/strong>\u00a0<strong><a href=\"https:\/\/tusp2024.webhostusp.sti.usp.br\/wp-content\/uploads\/2025\/08\/aParteXXI-7-2017.pdf\">7<\/a>\u00a0<\/strong>foi lan\u00e7ada em fins de 2017, a primeira em formato exclusivamente digital. Nela est\u00e3o reunidos textos de alguns dos professores, pesquisadores e artistas ligados \u00e0 performance que atuam em universidades brasileiras. O volume foi ilustrado pelas fotografias da colombiana Erika Diettes, cuja exposi\u00e7\u00e3o <em>Sud\u00e1rios<\/em>\u00a0fez parte da II Bienal Internacional de Teatro da USP, em 2015.<\/p>\n<p>No ano anterior, 2013, o TUSP lan\u00e7ou o n\u00famero <a href=\"https:\/\/tusp2024.webhostusp.sti.usp.br\/wp-content\/uploads\/2025\/08\/aparteXXI-6-2013.pdf\"><strong>6<\/strong><\/a>\u00a0da revista, que se abre ao tema &#8220;Teatro, Verdade e Justi\u00e7a&#8221; e exp\u00f5e a ferida hist\u00f3rica da ditadura militar no Brasil, a partir de suas implica\u00e7\u00f5es para o nosso teatro, dentro e fora dos palcos. As ilustra\u00e7\u00f5es do n\u00famero s\u00e3o da artista Paloma Franca Amorim, formada pelo CAC-USP.<\/p>\n<p>No primeiro semestre de 2012 foi lan\u00e7ada a revista de n\u00famero<strong><em>\u00a0<\/em><a href=\"https:\/\/tusp2024.webhostusp.sti.usp.br\/wp-content\/uploads\/2025\/08\/aParteXXI-5-2012.pdf\">5<\/a><\/strong>, ilustrada pelo\u00a0Coletivo Raga, formado por alunos da Unesp. Esta edi\u00e7\u00e3o d\u00e1 in\u00edcio a uma reflex\u00e3o aprofundada\u00a0\u2013 \u00a0e que n\u00e3o tem data para se encerrar \u2013 sobre a condi\u00e7\u00e3o primordial do fen\u00f4meno teatral:\u00a0sua exist\u00eancia p\u00fablica.<\/p>\n<p>A edi\u00e7\u00e3o de n\u00famero <a href=\"https:\/\/tusp2024.webhostusp.sti.usp.br\/wp-content\/uploads\/2025\/08\/aparteXXI-4-2011.pdf\"><strong>4<\/strong><\/a>, de 2011, abordou aspectos do g\u00eanero c\u00f4mico e, em\u00a0grande angular, algumas perspectivas do humor em experi\u00eancias diversas de cena, dramaturgia e teoria teatral.\u00a0As ilustra\u00e7\u00f5es da edi\u00e7\u00e3o ficaram a cargo de Willian Hussar, artista gr\u00e1fico, cartunista e ilustrador formado pela USP.<\/p>\n<p>A edi\u00e7\u00e3o da retomada, iniciada no n\u00famero <a href=\"https:\/\/tusp2024.webhostusp.sti.usp.br\/wp-content\/uploads\/2025\/08\/aParteXXI-3-2010.pdf\"><strong>3<\/strong><\/a> como forma de homenagem e de continuidade, reuniu em 2010 perspectivas diversas sobre a produ\u00e7\u00e3o teatral paulista do primeiro dec\u00eanio do s\u00e9c. XXI, feitas por indiv\u00edduos que, ontem e hoje, fazem e pensam esse teatro. A artista convidada foi Simone Mina, cen\u00f3grafa, figurinista, artista visual e integrante da cia.livre.<\/p>\n<p>Desenterremos, pois, a provoca\u00e7\u00e3o para encararmos os apartes que dela surjam!<\/p>\n","protected":false},"excerpt":{"rendered":"<p>As ra\u00edzes da revista\u00a0aParte,\u00a0publica\u00e7\u00e3o do Teatro dos Universit\u00e1rios de S\u00e3o Paulo \u2013\u00a0nome de batismo do TUSP \u2013\u00a0datam de 1968. Seus\u00a0dois n\u00fameros iniciais (um terceiro n\u00e3o foi publicado <a class=\"read-more\" href=\"https:\/\/usp.br\/tusp\/aparte-xxi\/\">[&#8230;]<\/a><\/p>\n","protected":false},"author":2,"featured_media":0,"parent":0,"menu_order":0,"comment_status":"closed","ping_status":"closed","template":"","meta":{"_acf_changed":false,"site-sidebar-layout":"default","site-content-layout":"","ast-site-content-layout":"default","site-content-style":"default","site-sidebar-style":"default","ast-global-header-display":"","ast-banner-title-visibility":"","ast-main-header-display":"","ast-hfb-above-header-display":"","ast-hfb-below-header-display":"","ast-hfb-mobile-header-display":"","site-post-title":"","ast-breadcrumbs-content":"","ast-featured-img":"","footer-sml-layout":"","ast-disable-related-posts":"","theme-transparent-header-meta":"default","adv-header-id-meta":"","stick-header-meta":"","header-above-stick-meta":"","header-main-stick-meta":"","header-below-stick-meta":"","astra-migrate-meta-layouts":"set","ast-page-background-enabled":"default","ast-page-background-meta":{"desktop":{"background-color":"var(--ast-global-color-4)","background-image":"","background-repeat":"repeat","background-position":"center center","background-size":"auto","background-attachment":"scroll","background-type":"","background-media":"","overlay-type":"","overlay-color":"","overlay-opacity":"","overlay-gradient":""},"tablet":{"background-color":"","background-image":"","background-repeat":"repeat","background-position":"center center","background-size":"auto","background-attachment":"scroll","background-type":"","background-media":"","overlay-type":"","overlay-color":"","overlay-opacity":"","overlay-gradient":""},"mobile":{"background-color":"","background-image":"","background-repeat":"repeat","background-position":"center center","background-size":"auto","background-attachment":"scroll","background-type":"","background-media":"","overlay-type":"","overlay-color":"","overlay-opacity":"","overlay-gradient":""}},"ast-content-background-meta":{"desktop":{"background-color":"var(--ast-global-color-5)","background-image":"","background-repeat":"repeat","background-position":"center center","background-size":"auto","background-attachment":"scroll","background-type":"","background-media":"","overlay-type":"","overlay-color":"","overlay-opacity":"","overlay-gradient":""},"tablet":{"background-color":"var(--ast-global-color-5)","background-image":"","background-repeat":"repeat","background-position":"center center","background-size":"auto","background-attachment":"scroll","background-type":"","background-media":"","overlay-type":"","overlay-color":"","overlay-opacity":"","overlay-gradient":""},"mobile":{"background-color":"var(--ast-global-color-5)","background-image":"","background-repeat":"repeat","background-position":"center center","background-size":"auto","background-attachment":"scroll","background-type":"","background-media":"","overlay-type":"","overlay-color":"","overlay-opacity":"","overlay-gradient":""}},"footnotes":""},"class_list":["post-895","page","type-page","status-publish","hentry"],"acf":[],"_links":{"self":[{"href":"https:\/\/usp.br\/tusp\/wp-json\/wp\/v2\/pages\/895","targetHints":{"allow":["GET"]}}],"collection":[{"href":"https:\/\/usp.br\/tusp\/wp-json\/wp\/v2\/pages"}],"about":[{"href":"https:\/\/usp.br\/tusp\/wp-json\/wp\/v2\/types\/page"}],"author":[{"embeddable":true,"href":"https:\/\/usp.br\/tusp\/wp-json\/wp\/v2\/users\/2"}],"replies":[{"embeddable":true,"href":"https:\/\/usp.br\/tusp\/wp-json\/wp\/v2\/comments?post=895"}],"version-history":[{"count":59,"href":"https:\/\/usp.br\/tusp\/wp-json\/wp\/v2\/pages\/895\/revisions"}],"predecessor-version":[{"id":9846,"href":"https:\/\/usp.br\/tusp\/wp-json\/wp\/v2\/pages\/895\/revisions\/9846"}],"wp:attachment":[{"href":"https:\/\/usp.br\/tusp\/wp-json\/wp\/v2\/media?parent=895"}],"curies":[{"name":"wp","href":"https:\/\/api.w.org\/{rel}","templated":true}]}}