{"id":9,"date":"2012-01-20T12:32:58","date_gmt":"2012-01-20T12:32:58","guid":{"rendered":"http:\/\/biton.uspnet.usp.br\/tusp\/?page_id=9"},"modified":"2025-07-24T11:34:03","modified_gmt":"2025-07-24T14:34:03","slug":"historia-do-teatro-da-usp","status":"publish","type":"page","link":"https:\/\/usp.br\/tusp\/historia-do-teatro-da-usp\/","title":{"rendered":"Hist\u00f3ria do Teatro da USP"},"content":{"rendered":"<h4>princ\u00edpios<\/h4>\n<p>Data de 1955 a primeira iniciativa de cria\u00e7\u00e3o do&nbsp;<strong>Teatro da Universidade de S\u00e3o Paulo \u2013 TUSP<\/strong>. Atendendo a solicita\u00e7\u00e3o encaminhada \u00e0&nbsp;<a title=\"Reitoria da USP\" href=\"http:\/\/www.reitoria.usp.br\/\">Reitoria da USP<\/a>&nbsp;pelos diret\u00f3rios acad\u00eamicos, seguindo uma orienta\u00e7\u00e3o do XVI Congresso da UNE, realizado em 1953, foi nomeado pela Secretaria de Educa\u00e7\u00e3o o ator Ruy Affonso Machado, membro do&nbsp;<strong>TBC \u2013 Teatro Brasileiro de Com\u00e9dia<\/strong>, como o primeiro diretor art\u00edstico.<\/p>\n<p><img decoding=\"async\" class=\"alignleft size-full wp-image-10\" style=\"margin-right: 9px;\" title=\"foto_historia_tusp\" src=\"http:\/\/biton.uspnet.usp.br\/tusp\/plataforma\/wp-content\/uploads\/2012\/01\/foto_historia_tusp.jpg\" alt=\"Teatro da Universidade de S\u00e3o Paulo\" width=\"250\" height=\"138\"><\/p>\n<p>Entre 1966 e 1968, no calor do movimento estudantil, por iniciativa de um grupo de alunos da Faculdade de Filosofia e da Faculdade de Arquitetura da USP, surge o Teatro dos Universit\u00e1rios de S\u00e3o Paulo \u2013 um TUSP, por\u00e9m, cujas atividades n\u00e3o tinham v\u00ednculo oficial com a universidade. Ainda em 1966, deu-se a estreia da primeira montagem do grupo, <i>A Exce\u00e7\u00e3o e a Regra<\/i>, de Bertolt Brecht, dirigida pelo ator e diretor Paulo Jos\u00e9.<\/p>\n<p>A partir de 1967, Fl\u00e1vio Imp\u00e9rio assume a dire\u00e7\u00e3o art\u00edstica do TUSP e, com Andr\u00e9 Gouveia, tra\u00e7a as fei\u00e7\u00f5es est\u00e9ticas do grupo. A sua montagem de <i>Os Fuzis da Senhora Carrar,<\/i>&nbsp;tamb\u00e9m de Brecht, com dire\u00e7\u00e3o de Imp\u00e9rio, excursiona por v\u00e1rios estados brasileiros e, em 1969, participa do Festival de Teatro Universit\u00e1rio de Nancy, na Fran\u00e7a. No entanto, com a decreta\u00e7\u00e3o do Ato Institucional n\u00ba 5 e o agravamento da situa\u00e7\u00e3o pol\u00edtica, inicia-se um processo de desmantelamento do grupo, que tem seu fim no ano seguinte, ap\u00f3s o Festival de Nancy.<\/p>\n<p>Ainda no per\u00edodo, al\u00e9m da edi\u00e7\u00e3o dos dois primeiros n\u00fameros da revista <i>aParte<\/i> \u2013 com artigos sobre teatro, cinema e outras artes \u2013, o TUSP organizou um ciclo de confer\u00eancias com Augusto Boal, Anatol Rosenfeld e D\u00e9cio de Almeida Prado.<\/p>\n<p>O Teatro da USP ressurge oficialmente oito anos depois, em 26.05.1976,&nbsp;por meio da <i>Resolu\u00e7\u00e3o 943,<\/i> do reitor Orlando Marques de Paiva. Vinculado \u00e0 Coordenadoria de Atividades Culturais da USP, compunha, ao lado da Orquestra e do Coral, o corpo de produ\u00e7\u00e3o art\u00edstica da universidade. O renomado cr\u00edtico de teatro e professor da Faculdade de Filosofia, D\u00e9cio de Almeida Prado, assume ent\u00e3o sua dire\u00e7\u00e3o. Ainda naquele ano, o TUSP ganha uma casa de espet\u00e1culos: o audit\u00f3rio da Biblioteca Municipal Anne Frank, \u00e0 rua Cojuba, 45, no Itaim-Bibi, cedido \u00e0 USP pelo prazo de vinte anos, de 1976 a 1996.<\/p>\n<p>Durante os primeiros anos da d\u00e9cada de 1980, o TUSP foi dirigido pelo professor da Escola de Comunica\u00e7\u00f5es e Artes \u2013 ECA, Miroel Silveira, per\u00edodo de produ\u00e7\u00e3o de v\u00e1rios espet\u00e1culos, entre eles&nbsp;<i>Natan, o S\u00e1bio<\/i>, do dramaturgo alem\u00e3o Lessing. Em 1986, sua administra\u00e7\u00e3o fica sob a responsabilidade direta da Escola de Comunica\u00e7\u00f5es e Artes, e o teatro passa a receber os espet\u00e1culos curriculares do&nbsp;<a title=\"Departamento de Artes C\u00eanicas - ECA - USP\" href=\"http:\/\/www3.eca.usp.br\/cac\">CAC<\/a>,&nbsp;departamento de Artes C\u00eanicas, e da&nbsp;<a title=\"Escola de Arte Dram\u00e1tica - ECA - USP\" href=\"http:\/\/www.eca.usp.br\/ead\/\">EAD<\/a>, Escola de Arte Dram\u00e1tica.<\/p>\n<p><!--nextpage--><\/p>\n<h4>institucionaliza\u00e7\u00e3o<\/h4>\n<p>Depois de 1989, com a extin\u00e7\u00e3o da Coordenadoria de Atividades Culturais da USP (CODAC), o Teatro da USP passa a ser subordinado \u00e0 <a title=\"Pr\u00f3-Reitoria de Cultura e Extens\u00e3o Universit\u00e1ria\" href=\"http:\/\/www.prceu.usp.br\/\"><b>Pr\u00f3-Reitoria de Cultura e Extens\u00e3o Universit\u00e1ria<\/b><\/a> e, sob a dire\u00e7\u00e3o do diretor teatral Ab\u00edlio Tavares, come\u00e7a a atuar como polo gerador de cultura fora do <em>campus <\/em>\u2013 e n\u00e3o somente em sua sala de apresenta\u00e7\u00f5es: entre 1991 a 1996, o TUSP organizou seis <b>Festivais de Teatro Universit\u00e1rio da USP<\/b>, que, de forma itinerante, ocuparam diversos&nbsp;<i>campi<\/i>&nbsp;da USP, com&nbsp;grande impacto dentro e fora da universidade.<\/p>\n<p>Em 1996 \u00e9 transferido para o t\u00e9rreo e o subsolo do pr\u00e9dio Rui Barbosa, na Rua Maria Ant\u00f4nia, 294.&nbsp; Para celebrar a chegada \u00e0 nova sede, o TUSP, em conjunto com o Centro Universit\u00e1rio Maria Ant\u00f4nia, realiza o evento <a href=\"http:\/\/www.usp.br\/tusp\/?p=49\"><b><i>Presente<\/i><\/b><\/a><b><i>,<\/i><\/b> que trouxe espet\u00e1culos, exposi\u00e7\u00f5es e workshops \u00e0 comunidade do entorno. Desde ent\u00e3o, ali se desenvolve a programa\u00e7\u00e3o art\u00edstica permanente do \u00f3rg\u00e3o, em sua sala de espet\u00e1culo \u2013 al\u00e9m da realiza\u00e7\u00e3o de projetos especiais em outros espa\u00e7os.<\/p>\n<p>Em 1996, nasce o grupo de teatro do&nbsp;\u00f3rg\u00e3o, o&nbsp;<b>Grupo TUSP.<\/b>&nbsp;Com a dire\u00e7\u00e3o de Ab\u00edlio Tavares,&nbsp;o grupo monta os espet\u00e1culos&nbsp;<i>Prova de Fogo<\/i>&nbsp;(1996);&nbsp;<i>Ju\u00edzo Final- Com\u00e9dia Triste<\/i>&nbsp;(1998);&nbsp;<i>Miss Brasil 2000: uma Fantasia Musical <\/i>(1999);&nbsp;<i>Horizonte<\/i>&nbsp;(2000);&nbsp;<i>A Farsa de In\u00eas Pereira e do Escudeiro<\/i>&nbsp;e<i>&nbsp;A Arrombada<\/i>&nbsp;(2001);&nbsp;<i>Interior <\/i>(2002) \u2013 tais montagens ganharam dez pr\u00eamios e receberam mais de quinze indica\u00e7\u00f5es \u2013<i>&nbsp;<\/i>e <i>Segredo<\/i>&nbsp;(2005). Em 2007, sob a dire\u00e7\u00e3o de Marco Ant\u00f4nio Braz, o grupo monta os espet\u00e1culos&nbsp;<i>O Abajur Lil\u00e1s, Quando as M\u00e1quinas Param<\/i> e<i> Navalha na Carne<\/i>,&nbsp;como parte da programa\u00e7\u00e3o do Projeto Pl\u00ednio Marcos.<\/p>\n<p><!--nextpage--><\/p>\n<h4>novos di\u00e1logos<\/h4>\n<p>Em 1998 o TUSP promoveu o evento <b>TEATRO BRASILEIRO: 1968 \/ 1998 \u2013 30 ENCONTROS. <\/b>A programa\u00e7\u00e3o fez uma reflex\u00e3o sobre a cria\u00e7\u00e3o teatral brasileira em tr\u00eas d\u00e9cadas (1968\/1998) e sua inser\u00e7\u00e3o na cultura brasileira. A s\u00e9rie de trinta encontros foi dividida em tr\u00eas m\u00f3dulos (Nacionalismo, Pol\u00edtica e Cultura Popular; Internacionalismo, Po\u00e9tica e Interculturalismo; Profissionalismo, T\u00e9cnica e Cultura das M\u00eddias) e contou com a participa\u00e7\u00e3o de personalidades da \u00e1rea teatral como Augusto Boal, S\u00e1bato Magaldi, Dercy Gon\u00e7alves, Jos\u00e9 Possi Neto, Maria Adelaide Amaral, Gerald Thomas, Jos\u00e9 Celso Martinez, Ant\u00f4nio Ara\u00fajo, dentre outros.<\/p>\n<p>Entre 1996 a 2006, o TUSP realizou Oficinas Livres de Teatro, voltadas tanto para iniciantes, quanto para aqueles que possu\u00edssem experi\u00eancia em artes c\u00eanicas. O programa das aulas era desenvolvido com base em jogos teatrais e, entre outros temas te\u00f3ricos e pr\u00e1ticos, as aulas contavam com atividades de improvisa\u00e7\u00e3o, interpreta\u00e7\u00e3o e prepara\u00e7\u00e3o corporal.<\/p>\n<p>Em 2005, a&nbsp;<b>Mostra de Teatro Nov\u00edssimos Diretores Lan\u00e7am suas Incertezas<\/b>&nbsp;traz para o centro da cidade os trabalhos produzidos pelo Departamento de Artes C\u00eanicas da ECA e, em 2006, a&nbsp;<b>Mostra de Teatro Nov\u00edssimos Diretores e Atores \u2013 Onde est\u00e1 o Autor?<\/b>&nbsp;re\u00fane a produ\u00e7\u00e3o do CAC e da EAD. A partir de 2007, j\u00e1 renomeada&nbsp;<a title=\"Mostra Experimentos\" href=\"http:\/\/www.usp.br\/tusp\/?page_id=32\"><b>Mostra Experimentos<\/b><\/a>, passa a receber trabalhos de outras escolas de artes c\u00eanicas p\u00fablicas e particulares. A partir de ent\u00e3o vem mantendo o mesmo formato, e tem por inten\u00e7\u00e3o propiciar um espa\u00e7o para di\u00e1logo entre as diversas institui\u00e7\u00f5es de ensino em artes c\u00eanicas do estado de S\u00e3o Paulo.<\/p>\n<p>Em 2006, sob a dire\u00e7\u00e3o pr\u00f3-tempore do professor da Faculdade de Filosofia, Letras e Ci\u00eancias Humanas da USP, Lorenzo Mammi (maio a agosto) e, na sequ\u00eancia, do ator, diretor teatral e professor da EAD, Celso Frateschi (set.\/2006-mar.\/2007), o TUSP amplia seus objetivos e programas, com o intuito de criar maior organicidade entre suas atividades e as demais a\u00e7\u00f5es da universidade.<\/p>\n<p>Em abril de 2007, o grupo TUSP \u00e9 oficialmente dissolvido, e Maria Thais Lima Santos, professora do CAC e diretora teatral,e Elisabete Dorgam, professora da EAD, atriz e diretora teatral, assumem a diretoria e vice-diretoria do \u00f3rg\u00e3o, respectivamente.<\/p>\n<p>A partir de fevereiro de 2009, com a expans\u00e3o de sua equipe, o TUSP<b> <\/b>potencializou suas atividades pelos diferentes <i>campi<\/i> da USP localizados no interior do estado de S\u00e3o Paulo, nas cidades de Piracicaba, S\u00e3o Carlos, Ribeir\u00e3o Preto e Bauru.<\/p>\n<p><!--nextpage--><\/p>\n<h4>novo alcance<\/h4>\n<p>Dentre as a\u00e7\u00f5es realizadas nestes <i>campi<\/i>, destaca-se o <b><a title=\"Circuito TUSP de Teatro\" href=\"http:\/\/www.usp.br\/tusp\/?page_id=30\">Circuito TUSP de Teatro<\/a>, <\/b>que se caracteriza como um programa de a\u00e7\u00e3o continuada para a difus\u00e3o das artes c\u00eanicas nas cidades em que se localizam os <i>campi<\/i> da USP no interior do estado, em parceria com espa\u00e7os municipais, como Teatros Municipais, e com as Se\u00e7\u00f5es de Atividades Culturais dos <i>campi<\/i>. O Circuito procura mesclar apresenta\u00e7\u00f5es convencionais e exibi\u00e7\u00f5es em espa\u00e7os alternativos, buscando aproxima\u00e7\u00e3o do p\u00fablico com o teatro.<\/p>\n<p>Tamb\u00e9m em 2009, deu-se in\u00edcio ao <a title=\"Programa TUSP de Leituras P\u00fablicas\" href=\"http:\/\/www.usp.br\/tusp\/?page_id=791\"><b>Programa TUSP de Leituras P\u00fablicas<\/b><\/a>, no interior e na capital, que prop\u00f5e, a cada ciclo semestral, a leitura de pe\u00e7as teatrais selecionadas, a partir de temas ou autores espec\u00edficos. Estas leituras s\u00e3o realizadas pelo p\u00fablico presente, com a media\u00e7\u00e3o do corpo art\u00edstico do TUSP.<\/p>\n<p>Em 2010, Celso Frateschi retorna \u00e0 diretoria do \u00f3rg\u00e3o, com Ferdinando Martins, professor da ECA-USP, na posi\u00e7\u00e3o de vice-diretor.<\/p>\n<p>No final desse ano, o TUSP retomou a publica\u00e7\u00e3o da revista <b><i>aParte<\/i>, <\/b>agora intitulada<b><a title=\"aParte XXI\" href=\"http:\/\/www.usp.br\/tusp\/?page_id=895\"> aParte XXI<\/a>. <\/b>A pauta desse relan\u00e7amento deu enfoque \u00e0 produ\u00e7\u00e3o teatral paulista dos dez primeiros anos do s\u00e9culo XXI. No relan\u00e7amento da revista<b><i>&nbsp;<\/i><\/b>foi realizada uma \u201cassembleia de arte\u201d denominada <b><i>A(p)arte da Vez<\/i><\/b>. Nesta assembleia, as proposi\u00e7\u00f5es eram veiculadas por meio de linguagens art\u00edstica (teatro, m\u00fasica, literatura, artes visuais etc), e tinha como participantes grupos&nbsp; e artistas do meio universit\u00e1rio, com abertura para o p\u00fablico geral.&nbsp;O modelo foi depois transformado em programa do \u00f3rg\u00e3o, com a\u00e7\u00f5es sucessivas realizadas na capital e no interior.<\/p>\n<p>A experi\u00eancia destas assembleias evoluiu e culminou com a realiza\u00e7\u00e3o das <b>Jornadas de Teatro Universit\u00e1rio do TUSP<\/b>, com edi\u00e7\u00f5es em 2011 e 2012, reunindo grupos de teatro universit\u00e1rio do estado de S\u00e3o Paulo, que tiveram por objetivo a partilha art\u00edstica e o debate sobre o fazer e os modos de produ\u00e7\u00e3o teatrais, especialmente no \u00e2mbito universit\u00e1rio.<\/p>\n<p><span style=\"font-size: 16px; font-style: normal; font-weight: 400;\">Em cada edi\u00e7\u00e3o, os grupos participantes apresentaram seus trabalhos, no formato de cenas curtas que exemplificassem suas pesquisas e pr\u00e1ticas. Depois, sob a coordena\u00e7\u00e3o de um profissional das artes c\u00eanicas, os participantes trabalharam em grupos mistos, elaborando materiais c\u00eanicos tamb\u00e9m apresentados e discutidos em conjunto.<\/span><\/p>\n<p><!--nextpage--><\/p>\n<h4>internacionaliza\u00e7\u00e3o<\/h4>\n<p>Nos anos de 2013 e 2014, o Teatro da USP foi convidado especial no <i>Festival Nacional e Internacional de Teatro Universit\u00e1rio<\/i> da Universidade Nacional Aut\u00f4noma do M\u00e9xico e ali apresentou uma programa\u00e7\u00e3o diversa que contemplou alunos, egressos, docentes e funcion\u00e1rios da USP.<\/p>\n<p>Ainda em 2013, a USP aprovou a cria\u00e7\u00e3o, como programa\u00e7\u00e3o permanente, da <b><a href=\"http:\/\/www.usp.br\/bienaldeteatro\/2013\/\">Bienal Internacional de Teatro da Universidade de S\u00e3o Paulo<\/a>, <\/b>com realiza\u00e7\u00e3o<b> <\/b>do TUSP. A <b>I Bienal<\/b>, acontecida entre 31 de outubro e 15 de dezembro, teve por tema as <strong><i>Realidades Incendi\u00e1rias <\/i><\/strong>e buscou selecionar, no cen\u00e1rio nacional e internacional, experi\u00eancias teatrais empenhadas em reduzir a dist\u00e2ncia entre arte e vida, comprometidas com seus contextos hist\u00f3ricos, sociais e pol\u00edticos, e que questionassem radicalmente os modos de viver e ver o mundo.<\/p>\n<p>Em 2014, Ferdinando Martins torna-se diretor do \u00f3rg\u00e3o, com Elisabeth Lopes, do CAC-ECA-USP, na vice-diretoria. No ano seguinte, o TUSP realiza a <strong>II Bienal Internacional de Teatro<\/strong>, com a tem\u00e1tica<strong><em> \u00c0 Esquerda do Sol: Po\u00e9ticas e Pol\u00edticas Latino-Americanas<\/em><\/strong>. Ainda em 2015, tivemos o in\u00edcio das atua\u00e7\u00f5es dos&nbsp;<strong>N\u00facleos TUSP da capital<\/strong>, iniciativa art\u00edstico-pedag\u00f3gica que promove experimentos c\u00eanicos de montagem, unindo atores e atrizes de diferentes forma\u00e7\u00f5es, cujo resultado s\u00e3o apresenta\u00e7\u00f5es p\u00fablicas no formato de pequenas temporadas.<br \/>\n<!--nextpage--><\/p>\n<h4>rumos presentes<\/h4>\n<p>Em 2018,&nbsp; assumem a diretoria do TUSP os professores do CAC S\u00e9rgio de Carvalho, como diretor, e&nbsp;Maria Helena Bastos, como vice-diretora, que assume a dire\u00e7\u00e3o durante o per\u00edodo da pandemia. No per\u00edodo, destacam-se ne programa\u00e7\u00e3o a realiza\u00e7\u00e3o dos <strong>Ensaios Coreogr\u00e1ficos<\/strong>, s\u00e9rie de encontros que, at\u00e9 o momento cinco edi\u00e7\u00f5es,&nbsp;trazem ao TUSP pesquisadores, artistas e p\u00fablico das mais diferentes vertentes da dan\u00e7a e das artes perform\u00e1ticas, com convidados da cidade de S\u00e3o Paulo e de todo o Brasil. Al\u00e9m disso, tivemos a publica\u00e7\u00e3o do volume&nbsp;<strong><em>&#8220;O Pai de Fam\u00edlia&#8221; de Diderot <\/em><\/strong>, primeira publica\u00e7\u00e3o onlineos <strong>Cadernos TUSP.&nbsp;<\/strong><\/p>\n<p>Em 2020, ap\u00f3s o in\u00edcio do per\u00edodo da pandemia, que viu a transposi\u00e7\u00e3o de nossas atividades para o ambiente online, dentre outras a\u00e7\u00f5es para estimular os encontros e di\u00e1logos poss\u00edveis durante per\u00edodo de isolamento, o TUSP lan\u00e7a o podcast <em><strong>Sala TUSP<\/strong><\/em>, uma sala virtual de conversas com artistas e pesquisadores convidados, sobre temas ligados \u00e0 hist\u00f3ria do teatro e das teatralidades brasileira,&nbsp;atualmente com 50 epis\u00f3dios dispon\u00edveis online. Al\u00e9m disso, tivemos o lan\u00e7amento do primeiro volume das <strong>Dramaturgias em Processo,&nbsp;<\/strong>publica\u00e7\u00e3o gestada durante o isolamento que selecionou, editou e publicou 14 textos dramat\u00fargicos in\u00e9ditos, criados especialmente para nossa publica\u00e7\u00e3o, de autoras e autores dos mais diferentes perfis, com e sem pr\u00e9via experi\u00eancia em escrita teatral. Estas dramaturgias est\u00e3o dispon\u00edveis gratuitamente <a href=\"https:\/\/sites.usp.br\/dramaturgiasemprocesso\/\">online<\/a>, em formato de livro e de hotsite, para acesso e leitura.<\/p>\n<p>A partir de 2022, Luiz Fernando Ramos (CAC-USP) e&nbsp;Jos\u00e9 Fernando Peixoto de Azevedo (EAD-USP), assumem a diretoria e vice-diretoria, respectivamente, marcando tamb\u00e9m o retorno de nossas atividades presenciais p\u00f3s-pandemia, com a realiza\u00e7\u00e3o de editais de temporada com apresenta\u00e7\u00f5es locais, a retomada do Circuito TUSP de Teatro no interior, e a realiza\u00e7\u00e3o de uma nova montagem do N\u00facleo TUSP da capital, ainda aderindo aos protocolos de isolamento.<\/p>\n<p>Tamb\u00e9m em 2022, para complementar nossa atua\u00e7\u00e3o no espa\u00e7o-sede no centro da capital e nos <em>campi<\/em> USP do interior,&nbsp;deu-se a inaugura\u00e7\u00e3o do <strong>TUSP Butant\u00e3<\/strong>, sala integrada ao rec\u00e9m-criado <strong>Centro Cultural Camargo Guarnieri<\/strong>. Assim, o TUSP \u00e9 hoje uma rede integrada de cinco polos teatrais, dois sediados na cidade de S\u00e3o Paulo e tr\u00eas nos&nbsp;<em>campi<\/em>&nbsp;de&nbsp;<strong>S\u00e3o Carlos, Ribeir\u00e3o Preto&nbsp;<\/strong>e<strong>&nbsp;Bauru<\/strong>.<br \/>\n[\/quadro]<\/p>\n","protected":false},"excerpt":{"rendered":"<p>princ\u00edpios Data de 1955 a primeira iniciativa de cria\u00e7\u00e3o do&nbsp;Teatro da Universidade de S\u00e3o Paulo \u2013 TUSP. Atendendo a solicita\u00e7\u00e3o encaminhada \u00e0&nbsp;Reitoria da USP&nbsp;pelos diret\u00f3rios acad\u00eamicos, seguindo <a class=\"read-more\" href=\"https:\/\/usp.br\/tusp\/historia-do-teatro-da-usp\/\">[&#8230;]<\/a><\/p>\n","protected":false},"author":1,"featured_media":0,"parent":0,"menu_order":0,"comment_status":"closed","ping_status":"closed","template":"","meta":{"_acf_changed":false,"site-sidebar-layout":"default","site-content-layout":"","ast-site-content-layout":"default","site-content-style":"default","site-sidebar-style":"default","ast-global-header-display":"","ast-banner-title-visibility":"","ast-main-header-display":"","ast-hfb-above-header-display":"","ast-hfb-below-header-display":"","ast-hfb-mobile-header-display":"","site-post-title":"","ast-breadcrumbs-content":"","ast-featured-img":"","footer-sml-layout":"","ast-disable-related-posts":"","theme-transparent-header-meta":"default","adv-header-id-meta":"","stick-header-meta":"","header-above-stick-meta":"","header-main-stick-meta":"","header-below-stick-meta":"","astra-migrate-meta-layouts":"set","ast-page-background-enabled":"default","ast-page-background-meta":{"desktop":{"background-color":"var(--ast-global-color-4)","background-image":"","background-repeat":"repeat","background-position":"center center","background-size":"auto","background-attachment":"scroll","background-type":"","background-media":"","overlay-type":"","overlay-color":"","overlay-opacity":"","overlay-gradient":""},"tablet":{"background-color":"","background-image":"","background-repeat":"repeat","background-position":"center center","background-size":"auto","background-attachment":"scroll","background-type":"","background-media":"","overlay-type":"","overlay-color":"","overlay-opacity":"","overlay-gradient":""},"mobile":{"background-color":"","background-image":"","background-repeat":"repeat","background-position":"center center","background-size":"auto","background-attachment":"scroll","background-type":"","background-media":"","overlay-type":"","overlay-color":"","overlay-opacity":"","overlay-gradient":""}},"ast-content-background-meta":{"desktop":{"background-color":"var(--ast-global-color-5)","background-image":"","background-repeat":"repeat","background-position":"center center","background-size":"auto","background-attachment":"scroll","background-type":"","background-media":"","overlay-type":"","overlay-color":"","overlay-opacity":"","overlay-gradient":""},"tablet":{"background-color":"var(--ast-global-color-5)","background-image":"","background-repeat":"repeat","background-position":"center center","background-size":"auto","background-attachment":"scroll","background-type":"","background-media":"","overlay-type":"","overlay-color":"","overlay-opacity":"","overlay-gradient":""},"mobile":{"background-color":"var(--ast-global-color-5)","background-image":"","background-repeat":"repeat","background-position":"center center","background-size":"auto","background-attachment":"scroll","background-type":"","background-media":"","overlay-type":"","overlay-color":"","overlay-opacity":"","overlay-gradient":""}},"footnotes":""},"class_list":["post-9","page","type-page","status-publish","hentry"],"acf":[],"_links":{"self":[{"href":"https:\/\/usp.br\/tusp\/wp-json\/wp\/v2\/pages\/9","targetHints":{"allow":["GET"]}}],"collection":[{"href":"https:\/\/usp.br\/tusp\/wp-json\/wp\/v2\/pages"}],"about":[{"href":"https:\/\/usp.br\/tusp\/wp-json\/wp\/v2\/types\/page"}],"author":[{"embeddable":true,"href":"https:\/\/usp.br\/tusp\/wp-json\/wp\/v2\/users\/1"}],"replies":[{"embeddable":true,"href":"https:\/\/usp.br\/tusp\/wp-json\/wp\/v2\/comments?post=9"}],"version-history":[{"count":34,"href":"https:\/\/usp.br\/tusp\/wp-json\/wp\/v2\/pages\/9\/revisions"}],"predecessor-version":[{"id":8746,"href":"https:\/\/usp.br\/tusp\/wp-json\/wp\/v2\/pages\/9\/revisions\/8746"}],"wp:attachment":[{"href":"https:\/\/usp.br\/tusp\/wp-json\/wp\/v2\/media?parent=9"}],"curies":[{"name":"wp","href":"https:\/\/api.w.org\/{rel}","templated":true}]}}